{"id":5245,"date":"2025-11-28T14:31:11","date_gmt":"2025-11-28T14:31:11","guid":{"rendered":"https:\/\/partiesw.com\/?post_type=product&#038;p=5245"},"modified":"2026-01-28T14:40:49","modified_gmt":"2026-01-28T14:40:49","slug":"white-bridal-balloon","status":"publish","type":"product","link":"https:\/\/partiesw.com\/ar\/evenements\/boutique\/future-bride\/white-bridal-balloon\/","title":{"rendered":"White Bridal Balloon"},"content":{"rendered":"<p>Composants du pack :<\/p>\n<ul>\n<li>Banni\u00e8re Bride to be blanc en ballon<\/li>\n<li>2 ballons coeur alum blanc<\/li>\n<li>3 ballons transparents<\/li>\n<li>4 ballons dor\u00e9 metallic<\/li>\n<li>5 ballonc beige<\/li>\n<li>1 guirelande triangle dor\u00e9 et blanc<\/li>\n<li>1 ballon bague<\/li>\n<\/ul>\n<p>NB : Le pack contient uniquement la d\u00e9coration en ballon. Vous la recevez emball\u00e9e avec ballons d\u00e9gonfl\u00e9s.<\/p>","protected":false},"excerpt":{"rendered":"<p>Une composition de d\u00e9coration de ballon qui saura marquer votre grand jour.<\/p>\n<ul>\n<li>Banni\u00e8re Bride to be blanc en ballon<\/li>\n<li>2 ballons coeur alum blanc<\/li>\n<li>3 ballons transparents<\/li>\n<li>4 ballons dor\u00e9 metallic<\/li>\n<li>5 ballonc beige<\/li>\n<li>1 guirelande triangle dor\u00e9 et blanc<\/li>\n<li>1 ballon bague<\/li>\n<\/ul>\n<p>NB : Le pack contient uniquement la d\u00e9coration en ballon. Vous la recevez emball\u00e9e avec ballons d\u00e9gonfl\u00e9s.<\/p>\n<p>&nbsp;<\/p>","protected":false},"featured_media":5249,"comment_status":"open","ping_status":"closed","template":"","meta":{"_acf_changed":false,"_bbp_topic_count":0,"_bbp_reply_count":0,"_bbp_total_topic_count":0,"_bbp_total_reply_count":0,"_bbp_voice_count":0,"_bbp_anonymous_reply_count":0,"_bbp_topic_count_hidden":0,"_bbp_reply_count_hidden":0,"_bbp_forum_subforum_count":0},"product_brand":[],"product_cat":[29,86],"product_tag":[37],"class_list":{"0":"post-5245","1":"product","2":"type-product","3":"status-publish","4":"has-post-thumbnail","6":"product_cat-future-bride","7":"product_cat-future-mariee","8":"product_tag-bachelorette","10":"first","11":"outofstock","12":"shipping-taxable","13":"purchasable","14":"product-type-simple"},"acf":[],"yoast_head":"<!-- This site is optimized with the Yoast SEO plugin v27.4 - https:\/\/yoast.com\/product\/yoast-seo-wordpress\/ -->\n<title>D\u00e9coration bachelorette | White Bridal Balloon | PartiesWardrobe<\/title>\n<meta name=\"description\" content=\"La d\u00e9coration bachelorette qu&#039;il vous faut pour marquer votre grand jour. Optez pour la simplicit\u00e9 et l&#039;\u00e9l\u00e9gance pour vos bachelorette !\" \/>\n<meta name=\"robots\" content=\"index, follow, max-snippet:-1, max-image-preview:large, max-video-preview:-1\" \/>\n<link rel=\"canonical\" href=\"https:\/\/partiesw.com\/ar\/evenements\/boutique\/future-bride\/white-bridal-balloon\/\" \/>\n<meta property=\"og:locale\" content=\"ar_AR\" \/>\n<meta property=\"og:type\" content=\"article\" \/>\n<meta property=\"og:title\" content=\"D\u00e9coration bachelorette | White Bridal Balloon | PartiesWardrobe\" \/>\n<meta property=\"og:description\" content=\"La d\u00e9coration bachelorette qu&#039;il vous faut pour marquer votre grand jour. Optez pour la simplicit\u00e9 et l&#039;\u00e9l\u00e9gance pour vos bachelorette !\" \/>\n<meta property=\"og:url\" content=\"https:\/\/partiesw.com\/ar\/evenements\/boutique\/future-bride\/white-bridal-balloon\/\" \/>\n<meta property=\"og:site_name\" content=\"PartiesWardrobe\" \/>\n<meta property=\"article:modified_time\" content=\"2026-01-28T14:40:49+00:00\" \/>\n<meta property=\"og:image\" content=\"https:\/\/partiesw.com\/wp-content\/uploads\/2025\/11\/IMG_7175.jpg\" \/>\n\t<meta property=\"og:image:width\" content=\"644\" \/>\n\t<meta property=\"og:image:height\" content=\"751\" \/>\n\t<meta property=\"og:image:type\" content=\"image\/jpeg\" \/>\n<meta name=\"twitter:card\" content=\"summary_large_image\" \/>\n<meta name=\"twitter:label1\" content=\"\u0648\u0642\u062a \u0627\u0644\u0642\u0631\u0627\u0621\u0629 \u0627\u0644\u0645\u064f\u0642\u062f\u0651\u0631\" \/>\n\t<meta name=\"twitter:data1\" content=\"\u062f\u0642\u064a\u0642\u0629 \u0648\u0627\u062d\u062f\u0629\" \/>\n<script type=\"application\/ld+json\" class=\"yoast-schema-graph\">{\"@context\":\"https:\\\/\\\/schema.org\",\"@graph\":[{\"@type\":\"WebPage\",\"@id\":\"https:\\\/\\\/partiesw.com\\\/evenements\\\/boutique\\\/future-bride\\\/white-bridal-balloon\\\/\",\"url\":\"https:\\\/\\\/partiesw.com\\\/evenements\\\/boutique\\\/future-bride\\\/white-bridal-balloon\\\/\",\"name\":\"D\u00e9coration bachelorette | White Bridal Balloon | PartiesWardrobe\",\"isPartOf\":{\"@id\":\"https:\\\/\\\/partiesw.com\\\/#website\"},\"primaryImageOfPage\":{\"@id\":\"https:\\\/\\\/partiesw.com\\\/evenements\\\/boutique\\\/future-bride\\\/white-bridal-balloon\\\/#primaryimage\"},\"image\":{\"@id\":\"https:\\\/\\\/partiesw.com\\\/evenements\\\/boutique\\\/future-bride\\\/white-bridal-balloon\\\/#primaryimage\"},\"thumbnailUrl\":\"https:\\\/\\\/partiesw.com\\\/wp-content\\\/uploads\\\/2025\\\/11\\\/IMG_7175.jpg\",\"datePublished\":\"2025-11-28T14:31:11+00:00\",\"dateModified\":\"2026-01-28T14:40:49+00:00\",\"description\":\"La d\u00e9coration bachelorette qu'il vous faut pour marquer votre grand jour. Optez pour la simplicit\u00e9 et l'\u00e9l\u00e9gance pour vos bachelorette !\",\"breadcrumb\":{\"@id\":\"https:\\\/\\\/partiesw.com\\\/evenements\\\/boutique\\\/future-bride\\\/white-bridal-balloon\\\/#breadcrumb\"},\"inLanguage\":\"ar\",\"potentialAction\":[{\"@type\":\"ReadAction\",\"target\":[\"https:\\\/\\\/partiesw.com\\\/evenements\\\/boutique\\\/future-bride\\\/white-bridal-balloon\\\/\"]}]},{\"@type\":\"ImageObject\",\"inLanguage\":\"ar\",\"@id\":\"https:\\\/\\\/partiesw.com\\\/evenements\\\/boutique\\\/future-bride\\\/white-bridal-balloon\\\/#primaryimage\",\"url\":\"https:\\\/\\\/partiesw.com\\\/wp-content\\\/uploads\\\/2025\\\/11\\\/IMG_7175.jpg\",\"contentUrl\":\"https:\\\/\\\/partiesw.com\\\/wp-content\\\/uploads\\\/2025\\\/11\\\/IMG_7175.jpg\",\"width\":644,\"height\":751,\"caption\":\"Screenshot\"},{\"@type\":\"BreadcrumbList\",\"@id\":\"https:\\\/\\\/partiesw.com\\\/evenements\\\/boutique\\\/future-bride\\\/white-bridal-balloon\\\/#breadcrumb\",\"itemListElement\":[{\"@type\":\"ListItem\",\"position\":1,\"name\":\"Accueil\",\"item\":\"https:\\\/\\\/partiesw.com\\\/\"},{\"@type\":\"ListItem\",\"position\":2,\"name\":\"Boutique\",\"item\":\"https:\\\/\\\/partiesw.com\\\/evenements\\\/boutique\\\/\"},{\"@type\":\"ListItem\",\"position\":3,\"name\":\"White Bridal Balloon\"}]},{\"@type\":\"WebSite\",\"@id\":\"https:\\\/\\\/partiesw.com\\\/#website\",\"url\":\"https:\\\/\\\/partiesw.com\\\/\",\"name\":\"PartiesWardrobe\",\"description\":\"The party experts\",\"publisher\":{\"@id\":\"https:\\\/\\\/partiesw.com\\\/#organization\"},\"potentialAction\":[{\"@type\":\"SearchAction\",\"target\":{\"@type\":\"EntryPoint\",\"urlTemplate\":\"https:\\\/\\\/partiesw.com\\\/?s={search_term_string}\"},\"query-input\":{\"@type\":\"PropertyValueSpecification\",\"valueRequired\":true,\"valueName\":\"search_term_string\"}}],\"inLanguage\":\"ar\"},{\"@type\":\"Organization\",\"@id\":\"https:\\\/\\\/partiesw.com\\\/#organization\",\"name\":\"Partieswardrobe\",\"url\":\"https:\\\/\\\/partiesw.com\\\/\",\"logo\":{\"@type\":\"ImageObject\",\"inLanguage\":\"ar\",\"@id\":\"https:\\\/\\\/partiesw.com\\\/#\\\/schema\\\/logo\\\/image\\\/\",\"url\":\"https:\\\/\\\/partiesw.com\\\/wp-content\\\/uploads\\\/2020\\\/09\\\/logo.png\",\"contentUrl\":\"https:\\\/\\\/partiesw.com\\\/wp-content\\\/uploads\\\/2020\\\/09\\\/logo.png\",\"width\":280,\"height\":127,\"caption\":\"Partieswardrobe\"},\"image\":{\"@id\":\"https:\\\/\\\/partiesw.com\\\/#\\\/schema\\\/logo\\\/image\\\/\"}}]}<\/script>\n<!-- \/ Yoast SEO plugin. -->","yoast_head_json":{"title":"D\u00e9coration bachelorette | White Bridal Balloon | PartiesWardrobe","description":"La d\u00e9coration bachelorette qu'il vous faut pour marquer votre grand jour. Optez pour la simplicit\u00e9 et l'\u00e9l\u00e9gance pour vos bachelorette !","robots":{"index":"index","follow":"follow","max-snippet":"max-snippet:-1","max-image-preview":"max-image-preview:large","max-video-preview":"max-video-preview:-1"},"canonical":"https:\/\/partiesw.com\/ar\/evenements\/boutique\/future-bride\/white-bridal-balloon\/","og_locale":"ar_AR","og_type":"article","og_title":"D\u00e9coration bachelorette | White Bridal Balloon | PartiesWardrobe","og_description":"La d\u00e9coration bachelorette qu'il vous faut pour marquer votre grand jour. Optez pour la simplicit\u00e9 et l'\u00e9l\u00e9gance pour vos bachelorette !","og_url":"https:\/\/partiesw.com\/ar\/evenements\/boutique\/future-bride\/white-bridal-balloon\/","og_site_name":"PartiesWardrobe","article_modified_time":"2026-01-28T14:40:49+00:00","og_image":[{"width":644,"height":751,"url":"https:\/\/partiesw.com\/wp-content\/uploads\/2025\/11\/IMG_7175.jpg","type":"image\/jpeg"}],"twitter_card":"summary_large_image","twitter_misc":{"\u0648\u0642\u062a \u0627\u0644\u0642\u0631\u0627\u0621\u0629 \u0627\u0644\u0645\u064f\u0642\u062f\u0651\u0631":"\u062f\u0642\u064a\u0642\u0629 \u0648\u0627\u062d\u062f\u0629"},"schema":{"@context":"https:\/\/schema.org","@graph":[{"@type":"WebPage","@id":"https:\/\/partiesw.com\/evenements\/boutique\/future-bride\/white-bridal-balloon\/","url":"https:\/\/partiesw.com\/evenements\/boutique\/future-bride\/white-bridal-balloon\/","name":"D\u00e9coration bachelorette | White Bridal Balloon | PartiesWardrobe","isPartOf":{"@id":"https:\/\/partiesw.com\/#website"},"primaryImageOfPage":{"@id":"https:\/\/partiesw.com\/evenements\/boutique\/future-bride\/white-bridal-balloon\/#primaryimage"},"image":{"@id":"https:\/\/partiesw.com\/evenements\/boutique\/future-bride\/white-bridal-balloon\/#primaryimage"},"thumbnailUrl":"https:\/\/partiesw.com\/wp-content\/uploads\/2025\/11\/IMG_7175.jpg","datePublished":"2025-11-28T14:31:11+00:00","dateModified":"2026-01-28T14:40:49+00:00","description":"La d\u00e9coration bachelorette qu'il vous faut pour marquer votre grand jour. Optez pour la simplicit\u00e9 et l'\u00e9l\u00e9gance pour vos bachelorette !","breadcrumb":{"@id":"https:\/\/partiesw.com\/evenements\/boutique\/future-bride\/white-bridal-balloon\/#breadcrumb"},"inLanguage":"ar","potentialAction":[{"@type":"ReadAction","target":["https:\/\/partiesw.com\/evenements\/boutique\/future-bride\/white-bridal-balloon\/"]}]},{"@type":"ImageObject","inLanguage":"ar","@id":"https:\/\/partiesw.com\/evenements\/boutique\/future-bride\/white-bridal-balloon\/#primaryimage","url":"https:\/\/partiesw.com\/wp-content\/uploads\/2025\/11\/IMG_7175.jpg","contentUrl":"https:\/\/partiesw.com\/wp-content\/uploads\/2025\/11\/IMG_7175.jpg","width":644,"height":751,"caption":"Screenshot"},{"@type":"BreadcrumbList","@id":"https:\/\/partiesw.com\/evenements\/boutique\/future-bride\/white-bridal-balloon\/#breadcrumb","itemListElement":[{"@type":"ListItem","position":1,"name":"Accueil","item":"https:\/\/partiesw.com\/"},{"@type":"ListItem","position":2,"name":"Boutique","item":"https:\/\/partiesw.com\/evenements\/boutique\/"},{"@type":"ListItem","position":3,"name":"White Bridal Balloon"}]},{"@type":"WebSite","@id":"https:\/\/partiesw.com\/#website","url":"https:\/\/partiesw.com\/","name":"PartiesWardrobe","description":"The party experts","publisher":{"@id":"https:\/\/partiesw.com\/#organization"},"potentialAction":[{"@type":"SearchAction","target":{"@type":"EntryPoint","urlTemplate":"https:\/\/partiesw.com\/?s={search_term_string}"},"query-input":{"@type":"PropertyValueSpecification","valueRequired":true,"valueName":"search_term_string"}}],"inLanguage":"ar"},{"@type":"Organization","@id":"https:\/\/partiesw.com\/#organization","name":"Partieswardrobe","url":"https:\/\/partiesw.com\/","logo":{"@type":"ImageObject","inLanguage":"ar","@id":"https:\/\/partiesw.com\/#\/schema\/logo\/image\/","url":"https:\/\/partiesw.com\/wp-content\/uploads\/2020\/09\/logo.png","contentUrl":"https:\/\/partiesw.com\/wp-content\/uploads\/2020\/09\/logo.png","width":280,"height":127,"caption":"Partieswardrobe"},"image":{"@id":"https:\/\/partiesw.com\/#\/schema\/logo\/image\/"}}]}},"_links":{"self":[{"href":"https:\/\/partiesw.com\/ar\/wp-json\/wp\/v2\/product\/5245","targetHints":{"allow":["GET"]}}],"collection":[{"href":"https:\/\/partiesw.com\/ar\/wp-json\/wp\/v2\/product"}],"about":[{"href":"https:\/\/partiesw.com\/ar\/wp-json\/wp\/v2\/types\/product"}],"replies":[{"embeddable":true,"href":"https:\/\/partiesw.com\/ar\/wp-json\/wp\/v2\/comments?post=5245"}],"wp:featuredmedia":[{"embeddable":true,"href":"https:\/\/partiesw.com\/ar\/wp-json\/wp\/v2\/media\/5249"}],"wp:attachment":[{"href":"https:\/\/partiesw.com\/ar\/wp-json\/wp\/v2\/media?parent=5245"}],"wp:term":[{"taxonomy":"product_brand","embeddable":true,"href":"https:\/\/partiesw.com\/ar\/wp-json\/wp\/v2\/product_brand?post=5245"},{"taxonomy":"product_cat","embeddable":true,"href":"https:\/\/partiesw.com\/ar\/wp-json\/wp\/v2\/product_cat?post=5245"},{"taxonomy":"product_tag","embeddable":true,"href":"https:\/\/partiesw.com\/ar\/wp-json\/wp\/v2\/product_tag?post=5245"}],"curies":[{"name":"wp","href":"https:\/\/api.w.org\/{rel}","templated":true}]}}