{"id":5230,"date":"2025-08-04T22:27:10","date_gmt":"2025-08-04T22:27:10","guid":{"rendered":"https:\/\/partiesw.com\/?post_type=product&#038;p=5230"},"modified":"2025-08-04T23:10:45","modified_gmt":"2025-08-04T23:10:45","slug":"decoration-anniversaire-mickey","status":"publish","type":"product","link":"https:\/\/partiesw.com\/ar\/evenements\/boutique\/anniversaire\/enfants\/decoration-anniversaire-mickey\/","title":{"rendered":"D\u00e9coration anniversaire Mickey"},"content":{"rendered":"<p>Les composants du pack :<\/p>\n<ul>\n<li>1 Ballon aluminium Mickey.<\/li>\n<li>2 ballons aluminium coeurs noir.<\/li>\n<li>1 pack de 10 ballons bleu fonc\u00e9<\/li>\n<li>1 pack de 10 ballons m\u00e9tallique argent\u00e9<\/li>\n<\/ul>\n<p>N.B: merci de noter que vous recevrez ce pack emball\u00e9 avec ballons d\u00e9gonfl\u00e9s.<\/p>","protected":false},"excerpt":{"rendered":"<p>F\u00eatez l&rsquo;anniversaire de votre petit prince avec une d\u00e9coration exceptionnelle. Retrouvez les composants du pack Mickey ci-dessous:<\/p>\n<ul>\n<li>1 Ballon aluminium Mickey.<\/li>\n<li>2 ballons aluminium coeurs noir.<\/li>\n<li>1 pack de 10 ballons bleu fonc\u00e9<\/li>\n<li>1 pack de 10 ballons m\u00e9tallique argent\u00e9<\/li>\n<\/ul>\n<p>N.B: merci de noter que vous recevrez ce pack emball\u00e9 avec ballons d\u00e9gonfl\u00e9s.<\/p>","protected":false},"featured_media":5232,"comment_status":"open","ping_status":"closed","template":"","meta":{"_acf_changed":false,"_bbp_topic_count":0,"_bbp_reply_count":0,"_bbp_total_topic_count":0,"_bbp_total_reply_count":0,"_bbp_voice_count":0,"_bbp_anonymous_reply_count":0,"_bbp_topic_count_hidden":0,"_bbp_reply_count_hidden":0,"_bbp_forum_subforum_count":0},"product_brand":[],"product_cat":[23,36,35],"product_tag":[],"class_list":{"0":"post-5230","1":"product","2":"type-product","3":"status-publish","4":"has-post-thumbnail","6":"product_cat-anniversaire","7":"product_cat-one","8":"product_cat-enfants","10":"first","11":"instock","12":"sale","13":"shipping-taxable","14":"purchasable","15":"product-type-simple"},"acf":[],"yoast_head":"<!-- This site is optimized with the Yoast SEO plugin v27.3 - https:\/\/yoast.com\/product\/yoast-seo-wordpress\/ -->\n<title>Birthday one | D\u00e9coration anniversaire Mickey | PartiesWardrobe<\/title>\n<meta name=\"description\" content=\"Accessoires birthday one, retrouvez un large choix d&#039;accessoires et de couleurs, pour une fete m\u00e9morable et une d\u00e9coration exceptionnelle.\" \/>\n<meta name=\"robots\" content=\"index, follow, max-snippet:-1, max-image-preview:large, max-video-preview:-1\" \/>\n<link rel=\"canonical\" href=\"https:\/\/partiesw.com\/ar\/evenements\/boutique\/anniversaire\/enfants\/decoration-anniversaire-mickey\/\" \/>\n<meta property=\"og:locale\" content=\"ar_AR\" \/>\n<meta property=\"og:type\" content=\"article\" \/>\n<meta property=\"og:title\" content=\"Birthday one | D\u00e9coration anniversaire Mickey | PartiesWardrobe\" \/>\n<meta property=\"og:description\" content=\"Accessoires birthday one, retrouvez un large choix d&#039;accessoires et de couleurs, pour une fete m\u00e9morable et une d\u00e9coration exceptionnelle.\" \/>\n<meta property=\"og:url\" content=\"https:\/\/partiesw.com\/ar\/evenements\/boutique\/anniversaire\/enfants\/decoration-anniversaire-mickey\/\" \/>\n<meta property=\"og:site_name\" content=\"PartiesWardrobe\" \/>\n<meta property=\"article:modified_time\" content=\"2025-08-04T23:10:45+00:00\" \/>\n<meta property=\"og:image\" content=\"https:\/\/partiesw.com\/wp-content\/uploads\/2025\/08\/Screenshot-2025-08-04-at-6.52.18\u202fPM-1024x475.png\" \/>\n\t<meta property=\"og:image:width\" content=\"1024\" \/>\n\t<meta property=\"og:image:height\" content=\"475\" \/>\n\t<meta property=\"og:image:type\" content=\"image\/png\" \/>\n<meta name=\"twitter:card\" content=\"summary_large_image\" \/>\n<meta name=\"twitter:label1\" content=\"\u0648\u0642\u062a \u0627\u0644\u0642\u0631\u0627\u0621\u0629 \u0627\u0644\u0645\u064f\u0642\u062f\u0651\u0631\" \/>\n\t<meta name=\"twitter:data1\" content=\"\u062f\u0642\u064a\u0642\u0629 \u0648\u0627\u062d\u062f\u0629\" \/>\n<script type=\"application\/ld+json\" class=\"yoast-schema-graph\">{\"@context\":\"https:\\\/\\\/schema.org\",\"@graph\":[{\"@type\":\"WebPage\",\"@id\":\"https:\\\/\\\/partiesw.com\\\/evenements\\\/boutique\\\/anniversaire\\\/enfants\\\/decoration-anniversaire-mickey\\\/\",\"url\":\"https:\\\/\\\/partiesw.com\\\/evenements\\\/boutique\\\/anniversaire\\\/enfants\\\/decoration-anniversaire-mickey\\\/\",\"name\":\"Birthday one | D\u00e9coration anniversaire Mickey | PartiesWardrobe\",\"isPartOf\":{\"@id\":\"https:\\\/\\\/partiesw.com\\\/#website\"},\"primaryImageOfPage\":{\"@id\":\"https:\\\/\\\/partiesw.com\\\/evenements\\\/boutique\\\/anniversaire\\\/enfants\\\/decoration-anniversaire-mickey\\\/#primaryimage\"},\"image\":{\"@id\":\"https:\\\/\\\/partiesw.com\\\/evenements\\\/boutique\\\/anniversaire\\\/enfants\\\/decoration-anniversaire-mickey\\\/#primaryimage\"},\"thumbnailUrl\":\"https:\\\/\\\/partiesw.com\\\/wp-content\\\/uploads\\\/2025\\\/08\\\/Screenshot-2025-08-04-at-6.52.18\u202fPM.png\",\"datePublished\":\"2025-08-04T22:27:10+00:00\",\"dateModified\":\"2025-08-04T23:10:45+00:00\",\"description\":\"Accessoires birthday one, retrouvez un large choix d'accessoires et de couleurs, pour une fete m\u00e9morable et une d\u00e9coration exceptionnelle.\",\"breadcrumb\":{\"@id\":\"https:\\\/\\\/partiesw.com\\\/evenements\\\/boutique\\\/anniversaire\\\/enfants\\\/decoration-anniversaire-mickey\\\/#breadcrumb\"},\"inLanguage\":\"ar\",\"potentialAction\":[{\"@type\":\"ReadAction\",\"target\":[\"https:\\\/\\\/partiesw.com\\\/evenements\\\/boutique\\\/anniversaire\\\/enfants\\\/decoration-anniversaire-mickey\\\/\"]}]},{\"@type\":\"ImageObject\",\"inLanguage\":\"ar\",\"@id\":\"https:\\\/\\\/partiesw.com\\\/evenements\\\/boutique\\\/anniversaire\\\/enfants\\\/decoration-anniversaire-mickey\\\/#primaryimage\",\"url\":\"https:\\\/\\\/partiesw.com\\\/wp-content\\\/uploads\\\/2025\\\/08\\\/Screenshot-2025-08-04-at-6.52.18\u202fPM.png\",\"contentUrl\":\"https:\\\/\\\/partiesw.com\\\/wp-content\\\/uploads\\\/2025\\\/08\\\/Screenshot-2025-08-04-at-6.52.18\u202fPM.png\",\"width\":2060,\"height\":956},{\"@type\":\"BreadcrumbList\",\"@id\":\"https:\\\/\\\/partiesw.com\\\/evenements\\\/boutique\\\/anniversaire\\\/enfants\\\/decoration-anniversaire-mickey\\\/#breadcrumb\",\"itemListElement\":[{\"@type\":\"ListItem\",\"position\":1,\"name\":\"Accueil\",\"item\":\"https:\\\/\\\/partiesw.com\\\/\"},{\"@type\":\"ListItem\",\"position\":2,\"name\":\"Boutique\",\"item\":\"https:\\\/\\\/partiesw.com\\\/evenements\\\/boutique\\\/\"},{\"@type\":\"ListItem\",\"position\":3,\"name\":\"D\u00e9coration anniversaire Mickey\"}]},{\"@type\":\"WebSite\",\"@id\":\"https:\\\/\\\/partiesw.com\\\/#website\",\"url\":\"https:\\\/\\\/partiesw.com\\\/\",\"name\":\"PartiesWardrobe\",\"description\":\"The party experts\",\"publisher\":{\"@id\":\"https:\\\/\\\/partiesw.com\\\/#organization\"},\"potentialAction\":[{\"@type\":\"SearchAction\",\"target\":{\"@type\":\"EntryPoint\",\"urlTemplate\":\"https:\\\/\\\/partiesw.com\\\/?s={search_term_string}\"},\"query-input\":{\"@type\":\"PropertyValueSpecification\",\"valueRequired\":true,\"valueName\":\"search_term_string\"}}],\"inLanguage\":\"ar\"},{\"@type\":\"Organization\",\"@id\":\"https:\\\/\\\/partiesw.com\\\/#organization\",\"name\":\"Partieswardrobe\",\"url\":\"https:\\\/\\\/partiesw.com\\\/\",\"logo\":{\"@type\":\"ImageObject\",\"inLanguage\":\"ar\",\"@id\":\"https:\\\/\\\/partiesw.com\\\/#\\\/schema\\\/logo\\\/image\\\/\",\"url\":\"https:\\\/\\\/partiesw.com\\\/wp-content\\\/uploads\\\/2020\\\/09\\\/logo.png\",\"contentUrl\":\"https:\\\/\\\/partiesw.com\\\/wp-content\\\/uploads\\\/2020\\\/09\\\/logo.png\",\"width\":280,\"height\":127,\"caption\":\"Partieswardrobe\"},\"image\":{\"@id\":\"https:\\\/\\\/partiesw.com\\\/#\\\/schema\\\/logo\\\/image\\\/\"}}]}<\/script>\n<!-- \/ Yoast SEO plugin. -->","yoast_head_json":{"title":"Birthday one | D\u00e9coration anniversaire Mickey | PartiesWardrobe","description":"Accessoires birthday one, retrouvez un large choix d'accessoires et de couleurs, pour une fete m\u00e9morable et une d\u00e9coration exceptionnelle.","robots":{"index":"index","follow":"follow","max-snippet":"max-snippet:-1","max-image-preview":"max-image-preview:large","max-video-preview":"max-video-preview:-1"},"canonical":"https:\/\/partiesw.com\/ar\/evenements\/boutique\/anniversaire\/enfants\/decoration-anniversaire-mickey\/","og_locale":"ar_AR","og_type":"article","og_title":"Birthday one | D\u00e9coration anniversaire Mickey | PartiesWardrobe","og_description":"Accessoires birthday one, retrouvez un large choix d'accessoires et de couleurs, pour une fete m\u00e9morable et une d\u00e9coration exceptionnelle.","og_url":"https:\/\/partiesw.com\/ar\/evenements\/boutique\/anniversaire\/enfants\/decoration-anniversaire-mickey\/","og_site_name":"PartiesWardrobe","article_modified_time":"2025-08-04T23:10:45+00:00","og_image":[{"width":1024,"height":475,"url":"https:\/\/partiesw.com\/wp-content\/uploads\/2025\/08\/Screenshot-2025-08-04-at-6.52.18\u202fPM-1024x475.png","type":"image\/png"}],"twitter_card":"summary_large_image","twitter_misc":{"\u0648\u0642\u062a \u0627\u0644\u0642\u0631\u0627\u0621\u0629 \u0627\u0644\u0645\u064f\u0642\u062f\u0651\u0631":"\u062f\u0642\u064a\u0642\u0629 \u0648\u0627\u062d\u062f\u0629"},"schema":{"@context":"https:\/\/schema.org","@graph":[{"@type":"WebPage","@id":"https:\/\/partiesw.com\/evenements\/boutique\/anniversaire\/enfants\/decoration-anniversaire-mickey\/","url":"https:\/\/partiesw.com\/evenements\/boutique\/anniversaire\/enfants\/decoration-anniversaire-mickey\/","name":"Birthday one | D\u00e9coration anniversaire Mickey | PartiesWardrobe","isPartOf":{"@id":"https:\/\/partiesw.com\/#website"},"primaryImageOfPage":{"@id":"https:\/\/partiesw.com\/evenements\/boutique\/anniversaire\/enfants\/decoration-anniversaire-mickey\/#primaryimage"},"image":{"@id":"https:\/\/partiesw.com\/evenements\/boutique\/anniversaire\/enfants\/decoration-anniversaire-mickey\/#primaryimage"},"thumbnailUrl":"https:\/\/partiesw.com\/wp-content\/uploads\/2025\/08\/Screenshot-2025-08-04-at-6.52.18\u202fPM.png","datePublished":"2025-08-04T22:27:10+00:00","dateModified":"2025-08-04T23:10:45+00:00","description":"Accessoires birthday one, retrouvez un large choix d'accessoires et de couleurs, pour une fete m\u00e9morable et une d\u00e9coration exceptionnelle.","breadcrumb":{"@id":"https:\/\/partiesw.com\/evenements\/boutique\/anniversaire\/enfants\/decoration-anniversaire-mickey\/#breadcrumb"},"inLanguage":"ar","potentialAction":[{"@type":"ReadAction","target":["https:\/\/partiesw.com\/evenements\/boutique\/anniversaire\/enfants\/decoration-anniversaire-mickey\/"]}]},{"@type":"ImageObject","inLanguage":"ar","@id":"https:\/\/partiesw.com\/evenements\/boutique\/anniversaire\/enfants\/decoration-anniversaire-mickey\/#primaryimage","url":"https:\/\/partiesw.com\/wp-content\/uploads\/2025\/08\/Screenshot-2025-08-04-at-6.52.18\u202fPM.png","contentUrl":"https:\/\/partiesw.com\/wp-content\/uploads\/2025\/08\/Screenshot-2025-08-04-at-6.52.18\u202fPM.png","width":2060,"height":956},{"@type":"BreadcrumbList","@id":"https:\/\/partiesw.com\/evenements\/boutique\/anniversaire\/enfants\/decoration-anniversaire-mickey\/#breadcrumb","itemListElement":[{"@type":"ListItem","position":1,"name":"Accueil","item":"https:\/\/partiesw.com\/"},{"@type":"ListItem","position":2,"name":"Boutique","item":"https:\/\/partiesw.com\/evenements\/boutique\/"},{"@type":"ListItem","position":3,"name":"D\u00e9coration anniversaire Mickey"}]},{"@type":"WebSite","@id":"https:\/\/partiesw.com\/#website","url":"https:\/\/partiesw.com\/","name":"PartiesWardrobe","description":"The party experts","publisher":{"@id":"https:\/\/partiesw.com\/#organization"},"potentialAction":[{"@type":"SearchAction","target":{"@type":"EntryPoint","urlTemplate":"https:\/\/partiesw.com\/?s={search_term_string}"},"query-input":{"@type":"PropertyValueSpecification","valueRequired":true,"valueName":"search_term_string"}}],"inLanguage":"ar"},{"@type":"Organization","@id":"https:\/\/partiesw.com\/#organization","name":"Partieswardrobe","url":"https:\/\/partiesw.com\/","logo":{"@type":"ImageObject","inLanguage":"ar","@id":"https:\/\/partiesw.com\/#\/schema\/logo\/image\/","url":"https:\/\/partiesw.com\/wp-content\/uploads\/2020\/09\/logo.png","contentUrl":"https:\/\/partiesw.com\/wp-content\/uploads\/2020\/09\/logo.png","width":280,"height":127,"caption":"Partieswardrobe"},"image":{"@id":"https:\/\/partiesw.com\/#\/schema\/logo\/image\/"}}]}},"_links":{"self":[{"href":"https:\/\/partiesw.com\/ar\/wp-json\/wp\/v2\/product\/5230","targetHints":{"allow":["GET"]}}],"collection":[{"href":"https:\/\/partiesw.com\/ar\/wp-json\/wp\/v2\/product"}],"about":[{"href":"https:\/\/partiesw.com\/ar\/wp-json\/wp\/v2\/types\/product"}],"replies":[{"embeddable":true,"href":"https:\/\/partiesw.com\/ar\/wp-json\/wp\/v2\/comments?post=5230"}],"wp:featuredmedia":[{"embeddable":true,"href":"https:\/\/partiesw.com\/ar\/wp-json\/wp\/v2\/media\/5232"}],"wp:attachment":[{"href":"https:\/\/partiesw.com\/ar\/wp-json\/wp\/v2\/media?parent=5230"}],"wp:term":[{"taxonomy":"product_brand","embeddable":true,"href":"https:\/\/partiesw.com\/ar\/wp-json\/wp\/v2\/product_brand?post=5230"},{"taxonomy":"product_cat","embeddable":true,"href":"https:\/\/partiesw.com\/ar\/wp-json\/wp\/v2\/product_cat?post=5230"},{"taxonomy":"product_tag","embeddable":true,"href":"https:\/\/partiesw.com\/ar\/wp-json\/wp\/v2\/product_tag?post=5230"}],"curies":[{"name":"wp","href":"https:\/\/api.w.org\/{rel}","templated":true}]}}