{"id":5166,"date":"2024-12-13T14:30:07","date_gmt":"2024-12-13T14:30:07","guid":{"rendered":"https:\/\/partiesw.com\/?post_type=product&#038;p=5166"},"modified":"2025-09-16T14:37:17","modified_gmt":"2025-09-16T14:37:17","slug":"rideau-feston","status":"publish","type":"product","link":"https:\/\/partiesw.com\/ar\/evenements\/boutique\/box\/birthday\/rideau-feston\/","title":{"rendered":"Rideau Feston"},"content":{"rendered":"<p>Ajoutez un Rideau feston pour une meilleure d\u00e9coration de votre fete. Le Rideau est disponible en trois couleurs:<\/p>\n<ul>\n<li>Dor\u00e9.<\/li>\n<li>Argent\u00e9.<\/li>\n<li>Rose Gold.<\/li>\n<\/ul>\n<p>Le Rideau fait: l 1 x L 2 m<\/p>","protected":false},"excerpt":{"rendered":"<p>Ajoutez un Rideau feston pour une meilleure d\u00e9coration de votre fete. Le Rideau est disponible en trois couleurs:<\/p>\n<ul>\n<li>Dor\u00e9.<\/li>\n<li>Argent\u00e9.<\/li>\n<li>Rose Gold.<\/li>\n<\/ul>\n<p>Le Rideau fait: l 1 x L 2 m<\/p>","protected":false},"featured_media":4919,"comment_status":"open","ping_status":"closed","template":"","meta":{"_acf_changed":false,"_bbp_topic_count":0,"_bbp_reply_count":0,"_bbp_total_topic_count":0,"_bbp_total_reply_count":0,"_bbp_voice_count":0,"_bbp_anonymous_reply_count":0,"_bbp_topic_count_hidden":0,"_bbp_reply_count_hidden":0,"_bbp_forum_subforum_count":0},"product_brand":[],"product_cat":[34,30,23,32,31,29,33,86,52],"product_tag":[],"class_list":{"0":"post-5166","1":"product","2":"type-product","3":"status-publish","4":"has-post-thumbnail","6":"product_cat-adulte","7":"product_cat-amoureux","8":"product_cat-anniversaire","9":"product_cat-babyshower","10":"product_cat-box","11":"product_cat-future-bride","12":"product_cat-graduation","13":"product_cat-future-mariee","14":"product_cat-birthday","16":"first","17":"instock","18":"sale","19":"shipping-taxable","20":"purchasable","21":"product-type-variable"},"acf":[],"yoast_head":"<!-- This site is optimized with the Yoast SEO plugin v27.4 - https:\/\/yoast.com\/product\/yoast-seo-wordpress\/ -->\n<title>Rideau Feston | PartiesWardrobe<\/title>\n<meta name=\"description\" content=\"A la recherche de d\u00e9coration anniversaire rosegold originale ? On vous fait r\u00eaver ! Croyez nous vous \u00eates au bon endroit.\" \/>\n<meta name=\"robots\" content=\"index, follow, max-snippet:-1, max-image-preview:large, max-video-preview:-1\" \/>\n<link rel=\"canonical\" href=\"https:\/\/partiesw.com\/ar\/evenements\/boutique\/box\/birthday\/rideau-feston\/\" \/>\n<meta property=\"og:locale\" content=\"ar_AR\" \/>\n<meta property=\"og:type\" content=\"article\" \/>\n<meta property=\"og:title\" content=\"Rideau Feston | PartiesWardrobe\" \/>\n<meta property=\"og:description\" content=\"A la recherche de d\u00e9coration anniversaire rosegold originale ? On vous fait r\u00eaver ! Croyez nous vous \u00eates au bon endroit.\" \/>\n<meta property=\"og:url\" content=\"https:\/\/partiesw.com\/ar\/evenements\/boutique\/box\/birthday\/rideau-feston\/\" \/>\n<meta property=\"og:site_name\" content=\"PartiesWardrobe\" \/>\n<meta property=\"article:modified_time\" content=\"2025-09-16T14:37:17+00:00\" \/>\n<meta property=\"og:image\" content=\"https:\/\/partiesw.com\/wp-content\/uploads\/2024\/01\/60fdef0ed290e614caa5ac949cd40f81.jpg\" \/>\n\t<meta property=\"og:image:width\" content=\"736\" \/>\n\t<meta property=\"og:image:height\" content=\"1104\" \/>\n\t<meta property=\"og:image:type\" content=\"image\/jpeg\" \/>\n<meta name=\"twitter:card\" content=\"summary_large_image\" \/>\n<meta name=\"twitter:label1\" content=\"\u0648\u0642\u062a \u0627\u0644\u0642\u0631\u0627\u0621\u0629 \u0627\u0644\u0645\u064f\u0642\u062f\u0651\u0631\" \/>\n\t<meta name=\"twitter:data1\" content=\"\u062f\u0642\u064a\u0642\u0629 \u0648\u0627\u062d\u062f\u0629\" \/>\n<script type=\"application\/ld+json\" class=\"yoast-schema-graph\">{\"@context\":\"https:\\\/\\\/schema.org\",\"@graph\":[{\"@type\":\"WebPage\",\"@id\":\"https:\\\/\\\/partiesw.com\\\/evenements\\\/boutique\\\/box\\\/birthday\\\/rideau-feston\\\/\",\"url\":\"https:\\\/\\\/partiesw.com\\\/evenements\\\/boutique\\\/box\\\/birthday\\\/rideau-feston\\\/\",\"name\":\"Rideau Feston | PartiesWardrobe\",\"isPartOf\":{\"@id\":\"https:\\\/\\\/partiesw.com\\\/#website\"},\"primaryImageOfPage\":{\"@id\":\"https:\\\/\\\/partiesw.com\\\/evenements\\\/boutique\\\/box\\\/birthday\\\/rideau-feston\\\/#primaryimage\"},\"image\":{\"@id\":\"https:\\\/\\\/partiesw.com\\\/evenements\\\/boutique\\\/box\\\/birthday\\\/rideau-feston\\\/#primaryimage\"},\"thumbnailUrl\":\"https:\\\/\\\/partiesw.com\\\/wp-content\\\/uploads\\\/2024\\\/01\\\/60fdef0ed290e614caa5ac949cd40f81.jpg\",\"datePublished\":\"2024-12-13T14:30:07+00:00\",\"dateModified\":\"2025-09-16T14:37:17+00:00\",\"description\":\"A la recherche de d\u00e9coration anniversaire rosegold originale ? On vous fait r\u00eaver ! Croyez nous vous \u00eates au bon endroit.\",\"breadcrumb\":{\"@id\":\"https:\\\/\\\/partiesw.com\\\/evenements\\\/boutique\\\/box\\\/birthday\\\/rideau-feston\\\/#breadcrumb\"},\"inLanguage\":\"ar\",\"potentialAction\":[{\"@type\":\"ReadAction\",\"target\":[\"https:\\\/\\\/partiesw.com\\\/evenements\\\/boutique\\\/box\\\/birthday\\\/rideau-feston\\\/\"]}]},{\"@type\":\"ImageObject\",\"inLanguage\":\"ar\",\"@id\":\"https:\\\/\\\/partiesw.com\\\/evenements\\\/boutique\\\/box\\\/birthday\\\/rideau-feston\\\/#primaryimage\",\"url\":\"https:\\\/\\\/partiesw.com\\\/wp-content\\\/uploads\\\/2024\\\/01\\\/60fdef0ed290e614caa5ac949cd40f81.jpg\",\"contentUrl\":\"https:\\\/\\\/partiesw.com\\\/wp-content\\\/uploads\\\/2024\\\/01\\\/60fdef0ed290e614caa5ac949cd40f81.jpg\",\"width\":736,\"height\":1104},{\"@type\":\"BreadcrumbList\",\"@id\":\"https:\\\/\\\/partiesw.com\\\/evenements\\\/boutique\\\/box\\\/birthday\\\/rideau-feston\\\/#breadcrumb\",\"itemListElement\":[{\"@type\":\"ListItem\",\"position\":1,\"name\":\"Accueil\",\"item\":\"https:\\\/\\\/partiesw.com\\\/\"},{\"@type\":\"ListItem\",\"position\":2,\"name\":\"Boutique\",\"item\":\"https:\\\/\\\/partiesw.com\\\/evenements\\\/boutique\\\/\"},{\"@type\":\"ListItem\",\"position\":3,\"name\":\"Rideau Feston\"}]},{\"@type\":\"WebSite\",\"@id\":\"https:\\\/\\\/partiesw.com\\\/#website\",\"url\":\"https:\\\/\\\/partiesw.com\\\/\",\"name\":\"PartiesWardrobe\",\"description\":\"The party experts\",\"publisher\":{\"@id\":\"https:\\\/\\\/partiesw.com\\\/#organization\"},\"potentialAction\":[{\"@type\":\"SearchAction\",\"target\":{\"@type\":\"EntryPoint\",\"urlTemplate\":\"https:\\\/\\\/partiesw.com\\\/?s={search_term_string}\"},\"query-input\":{\"@type\":\"PropertyValueSpecification\",\"valueRequired\":true,\"valueName\":\"search_term_string\"}}],\"inLanguage\":\"ar\"},{\"@type\":\"Organization\",\"@id\":\"https:\\\/\\\/partiesw.com\\\/#organization\",\"name\":\"Partieswardrobe\",\"url\":\"https:\\\/\\\/partiesw.com\\\/\",\"logo\":{\"@type\":\"ImageObject\",\"inLanguage\":\"ar\",\"@id\":\"https:\\\/\\\/partiesw.com\\\/#\\\/schema\\\/logo\\\/image\\\/\",\"url\":\"https:\\\/\\\/partiesw.com\\\/wp-content\\\/uploads\\\/2020\\\/09\\\/logo.png\",\"contentUrl\":\"https:\\\/\\\/partiesw.com\\\/wp-content\\\/uploads\\\/2020\\\/09\\\/logo.png\",\"width\":280,\"height\":127,\"caption\":\"Partieswardrobe\"},\"image\":{\"@id\":\"https:\\\/\\\/partiesw.com\\\/#\\\/schema\\\/logo\\\/image\\\/\"}}]}<\/script>\n<!-- \/ Yoast SEO plugin. -->","yoast_head_json":{"title":"Rideau Feston | PartiesWardrobe","description":"A la recherche de d\u00e9coration anniversaire rosegold originale ? On vous fait r\u00eaver ! Croyez nous vous \u00eates au bon endroit.","robots":{"index":"index","follow":"follow","max-snippet":"max-snippet:-1","max-image-preview":"max-image-preview:large","max-video-preview":"max-video-preview:-1"},"canonical":"https:\/\/partiesw.com\/ar\/evenements\/boutique\/box\/birthday\/rideau-feston\/","og_locale":"ar_AR","og_type":"article","og_title":"Rideau Feston | PartiesWardrobe","og_description":"A la recherche de d\u00e9coration anniversaire rosegold originale ? On vous fait r\u00eaver ! Croyez nous vous \u00eates au bon endroit.","og_url":"https:\/\/partiesw.com\/ar\/evenements\/boutique\/box\/birthday\/rideau-feston\/","og_site_name":"PartiesWardrobe","article_modified_time":"2025-09-16T14:37:17+00:00","og_image":[{"width":736,"height":1104,"url":"https:\/\/partiesw.com\/wp-content\/uploads\/2024\/01\/60fdef0ed290e614caa5ac949cd40f81.jpg","type":"image\/jpeg"}],"twitter_card":"summary_large_image","twitter_misc":{"\u0648\u0642\u062a \u0627\u0644\u0642\u0631\u0627\u0621\u0629 \u0627\u0644\u0645\u064f\u0642\u062f\u0651\u0631":"\u062f\u0642\u064a\u0642\u0629 \u0648\u0627\u062d\u062f\u0629"},"schema":{"@context":"https:\/\/schema.org","@graph":[{"@type":"WebPage","@id":"https:\/\/partiesw.com\/evenements\/boutique\/box\/birthday\/rideau-feston\/","url":"https:\/\/partiesw.com\/evenements\/boutique\/box\/birthday\/rideau-feston\/","name":"Rideau Feston | PartiesWardrobe","isPartOf":{"@id":"https:\/\/partiesw.com\/#website"},"primaryImageOfPage":{"@id":"https:\/\/partiesw.com\/evenements\/boutique\/box\/birthday\/rideau-feston\/#primaryimage"},"image":{"@id":"https:\/\/partiesw.com\/evenements\/boutique\/box\/birthday\/rideau-feston\/#primaryimage"},"thumbnailUrl":"https:\/\/partiesw.com\/wp-content\/uploads\/2024\/01\/60fdef0ed290e614caa5ac949cd40f81.jpg","datePublished":"2024-12-13T14:30:07+00:00","dateModified":"2025-09-16T14:37:17+00:00","description":"A la recherche de d\u00e9coration anniversaire rosegold originale ? On vous fait r\u00eaver ! Croyez nous vous \u00eates au bon endroit.","breadcrumb":{"@id":"https:\/\/partiesw.com\/evenements\/boutique\/box\/birthday\/rideau-feston\/#breadcrumb"},"inLanguage":"ar","potentialAction":[{"@type":"ReadAction","target":["https:\/\/partiesw.com\/evenements\/boutique\/box\/birthday\/rideau-feston\/"]}]},{"@type":"ImageObject","inLanguage":"ar","@id":"https:\/\/partiesw.com\/evenements\/boutique\/box\/birthday\/rideau-feston\/#primaryimage","url":"https:\/\/partiesw.com\/wp-content\/uploads\/2024\/01\/60fdef0ed290e614caa5ac949cd40f81.jpg","contentUrl":"https:\/\/partiesw.com\/wp-content\/uploads\/2024\/01\/60fdef0ed290e614caa5ac949cd40f81.jpg","width":736,"height":1104},{"@type":"BreadcrumbList","@id":"https:\/\/partiesw.com\/evenements\/boutique\/box\/birthday\/rideau-feston\/#breadcrumb","itemListElement":[{"@type":"ListItem","position":1,"name":"Accueil","item":"https:\/\/partiesw.com\/"},{"@type":"ListItem","position":2,"name":"Boutique","item":"https:\/\/partiesw.com\/evenements\/boutique\/"},{"@type":"ListItem","position":3,"name":"Rideau Feston"}]},{"@type":"WebSite","@id":"https:\/\/partiesw.com\/#website","url":"https:\/\/partiesw.com\/","name":"PartiesWardrobe","description":"The party experts","publisher":{"@id":"https:\/\/partiesw.com\/#organization"},"potentialAction":[{"@type":"SearchAction","target":{"@type":"EntryPoint","urlTemplate":"https:\/\/partiesw.com\/?s={search_term_string}"},"query-input":{"@type":"PropertyValueSpecification","valueRequired":true,"valueName":"search_term_string"}}],"inLanguage":"ar"},{"@type":"Organization","@id":"https:\/\/partiesw.com\/#organization","name":"Partieswardrobe","url":"https:\/\/partiesw.com\/","logo":{"@type":"ImageObject","inLanguage":"ar","@id":"https:\/\/partiesw.com\/#\/schema\/logo\/image\/","url":"https:\/\/partiesw.com\/wp-content\/uploads\/2020\/09\/logo.png","contentUrl":"https:\/\/partiesw.com\/wp-content\/uploads\/2020\/09\/logo.png","width":280,"height":127,"caption":"Partieswardrobe"},"image":{"@id":"https:\/\/partiesw.com\/#\/schema\/logo\/image\/"}}]}},"_links":{"self":[{"href":"https:\/\/partiesw.com\/ar\/wp-json\/wp\/v2\/product\/5166","targetHints":{"allow":["GET"]}}],"collection":[{"href":"https:\/\/partiesw.com\/ar\/wp-json\/wp\/v2\/product"}],"about":[{"href":"https:\/\/partiesw.com\/ar\/wp-json\/wp\/v2\/types\/product"}],"replies":[{"embeddable":true,"href":"https:\/\/partiesw.com\/ar\/wp-json\/wp\/v2\/comments?post=5166"}],"wp:featuredmedia":[{"embeddable":true,"href":"https:\/\/partiesw.com\/ar\/wp-json\/wp\/v2\/media\/4919"}],"wp:attachment":[{"href":"https:\/\/partiesw.com\/ar\/wp-json\/wp\/v2\/media?parent=5166"}],"wp:term":[{"taxonomy":"product_brand","embeddable":true,"href":"https:\/\/partiesw.com\/ar\/wp-json\/wp\/v2\/product_brand?post=5166"},{"taxonomy":"product_cat","embeddable":true,"href":"https:\/\/partiesw.com\/ar\/wp-json\/wp\/v2\/product_cat?post=5166"},{"taxonomy":"product_tag","embeddable":true,"href":"https:\/\/partiesw.com\/ar\/wp-json\/wp\/v2\/product_tag?post=5166"}],"curies":[{"name":"wp","href":"https:\/\/api.w.org\/{rel}","templated":true}]}}