{"id":5157,"date":"2024-11-21T13:44:23","date_gmt":"2024-11-21T13:44:23","guid":{"rendered":"https:\/\/partiesw.com\/?post_type=product&#038;p=5157"},"modified":"2025-12-11T16:09:05","modified_gmt":"2025-12-11T16:09:05","slug":"mini-pack-anniversaire-1an-noir","status":"publish","type":"product","link":"https:\/\/partiesw.com\/ar\/evenements\/boutique\/anniversaire\/enfants\/mini-pack-anniversaire-1an-noir\/","title":{"rendered":"Mini Pack Anniversaire 1an Noir"},"content":{"rendered":"<p>Les composants du pack :<\/p>\n<ul>\n<li>1 couronne 1an noir dor\u00e9<\/li>\n<li>1 packs de 10 ballons metalliques dor\u00e9<\/li>\n<li>2 Ballons aluminium coeurs dor\u00e9<\/li>\n<\/ul>\n<p>&nbsp;<\/p>\n<p>N.B: merci de noter que vous recevrez ce pack emball\u00e9 avec ballons d\u00e9gonfl\u00e9s.<\/p>","protected":false},"excerpt":{"rendered":"<p>F\u00eatez les 1 an de votre b\u00e9b\u00e9 avec une petite d\u00e9coration simple. Retrouvez un large choix d&rsquo;accessoires et de couleurs.<\/p>\n<p>Les composants du pack :<\/p>\n<ul>\n<li>1 couronne 1an noir dor\u00e9<\/li>\n<li>1 packs de 10 ballons metalliques dor\u00e9<\/li>\n<li>2 Ballons aluminium coeurs dor\u00e9<\/li>\n<\/ul>\n<p>&nbsp;<\/p>\n<p>N.B: merci de noter que vous recevrez ce pack emball\u00e9 avec ballons d\u00e9gonfl\u00e9s.<\/p>","protected":false},"featured_media":5159,"comment_status":"open","ping_status":"closed","template":"","meta":{"_acf_changed":false,"_bbp_topic_count":0,"_bbp_reply_count":0,"_bbp_total_topic_count":0,"_bbp_total_reply_count":0,"_bbp_voice_count":0,"_bbp_anonymous_reply_count":0,"_bbp_topic_count_hidden":0,"_bbp_reply_count_hidden":0,"_bbp_forum_subforum_count":0},"product_brand":[],"product_cat":[23,36,35],"product_tag":[],"class_list":{"0":"post-5157","1":"product","2":"type-product","3":"status-publish","4":"has-post-thumbnail","6":"product_cat-anniversaire","7":"product_cat-one","8":"product_cat-enfants","10":"first","11":"instock","12":"sale","13":"shipping-taxable","14":"purchasable","15":"product-type-simple"},"acf":[],"yoast_head":"<!-- This site is optimized with the Yoast SEO plugin v27.4 - https:\/\/yoast.com\/product\/yoast-seo-wordpress\/ -->\n<title>B\u00e9b\u00e9 fille 1 an | Mini Pack Anniversaire 1an Noir | PartiesWardrobe<\/title>\n<meta name=\"description\" content=\"Accessoires b\u00e9b\u00e9 fille 1 an, retrouvez un large choix d&#039;accessoires et de couleurs, pour une fete m\u00e9morable et une d\u00e9coration exceptionnelle.\" \/>\n<meta name=\"robots\" content=\"index, follow, max-snippet:-1, max-image-preview:large, max-video-preview:-1\" \/>\n<link rel=\"canonical\" href=\"https:\/\/partiesw.com\/ar\/evenements\/boutique\/anniversaire\/enfants\/mini-pack-anniversaire-1an-noir\/\" \/>\n<meta property=\"og:locale\" content=\"ar_AR\" \/>\n<meta property=\"og:type\" content=\"article\" \/>\n<meta property=\"og:title\" content=\"B\u00e9b\u00e9 fille 1 an | Mini Pack Anniversaire 1an Noir | PartiesWardrobe\" \/>\n<meta property=\"og:description\" content=\"Accessoires b\u00e9b\u00e9 fille 1 an, retrouvez un large choix d&#039;accessoires et de couleurs, pour une fete m\u00e9morable et une d\u00e9coration exceptionnelle.\" \/>\n<meta property=\"og:url\" content=\"https:\/\/partiesw.com\/ar\/evenements\/boutique\/anniversaire\/enfants\/mini-pack-anniversaire-1an-noir\/\" \/>\n<meta property=\"og:site_name\" content=\"PartiesWardrobe\" \/>\n<meta property=\"article:modified_time\" content=\"2025-12-11T16:09:05+00:00\" \/>\n<meta property=\"og:image\" content=\"https:\/\/partiesw.com\/wp-content\/uploads\/2024\/11\/Anchorage-Alaska-Cake-Smash-Photographer-_-Mr_-Onederful-Cake-Smash.jpeg\" \/>\n\t<meta property=\"og:image:width\" content=\"736\" \/>\n\t<meta property=\"og:image:height\" content=\"1104\" \/>\n\t<meta property=\"og:image:type\" content=\"image\/jpeg\" \/>\n<meta name=\"twitter:card\" content=\"summary_large_image\" \/>\n<meta name=\"twitter:label1\" content=\"\u0648\u0642\u062a \u0627\u0644\u0642\u0631\u0627\u0621\u0629 \u0627\u0644\u0645\u064f\u0642\u062f\u0651\u0631\" \/>\n\t<meta name=\"twitter:data1\" content=\"\u062f\u0642\u064a\u0642\u0629 \u0648\u0627\u062d\u062f\u0629\" \/>\n<script type=\"application\/ld+json\" class=\"yoast-schema-graph\">{\"@context\":\"https:\\\/\\\/schema.org\",\"@graph\":[{\"@type\":\"WebPage\",\"@id\":\"https:\\\/\\\/partiesw.com\\\/evenements\\\/boutique\\\/anniversaire\\\/enfants\\\/mini-pack-anniversaire-1an-noir\\\/\",\"url\":\"https:\\\/\\\/partiesw.com\\\/evenements\\\/boutique\\\/anniversaire\\\/enfants\\\/mini-pack-anniversaire-1an-noir\\\/\",\"name\":\"B\u00e9b\u00e9 fille 1 an | Mini Pack Anniversaire 1an Noir | PartiesWardrobe\",\"isPartOf\":{\"@id\":\"https:\\\/\\\/partiesw.com\\\/#website\"},\"primaryImageOfPage\":{\"@id\":\"https:\\\/\\\/partiesw.com\\\/evenements\\\/boutique\\\/anniversaire\\\/enfants\\\/mini-pack-anniversaire-1an-noir\\\/#primaryimage\"},\"image\":{\"@id\":\"https:\\\/\\\/partiesw.com\\\/evenements\\\/boutique\\\/anniversaire\\\/enfants\\\/mini-pack-anniversaire-1an-noir\\\/#primaryimage\"},\"thumbnailUrl\":\"https:\\\/\\\/partiesw.com\\\/wp-content\\\/uploads\\\/2024\\\/11\\\/Anchorage-Alaska-Cake-Smash-Photographer-_-Mr_-Onederful-Cake-Smash.jpeg\",\"datePublished\":\"2024-11-21T13:44:23+00:00\",\"dateModified\":\"2025-12-11T16:09:05+00:00\",\"description\":\"Accessoires b\u00e9b\u00e9 fille 1 an, retrouvez un large choix d'accessoires et de couleurs, pour une fete m\u00e9morable et une d\u00e9coration exceptionnelle.\",\"breadcrumb\":{\"@id\":\"https:\\\/\\\/partiesw.com\\\/evenements\\\/boutique\\\/anniversaire\\\/enfants\\\/mini-pack-anniversaire-1an-noir\\\/#breadcrumb\"},\"inLanguage\":\"ar\",\"potentialAction\":[{\"@type\":\"ReadAction\",\"target\":[\"https:\\\/\\\/partiesw.com\\\/evenements\\\/boutique\\\/anniversaire\\\/enfants\\\/mini-pack-anniversaire-1an-noir\\\/\"]}]},{\"@type\":\"ImageObject\",\"inLanguage\":\"ar\",\"@id\":\"https:\\\/\\\/partiesw.com\\\/evenements\\\/boutique\\\/anniversaire\\\/enfants\\\/mini-pack-anniversaire-1an-noir\\\/#primaryimage\",\"url\":\"https:\\\/\\\/partiesw.com\\\/wp-content\\\/uploads\\\/2024\\\/11\\\/Anchorage-Alaska-Cake-Smash-Photographer-_-Mr_-Onederful-Cake-Smash.jpeg\",\"contentUrl\":\"https:\\\/\\\/partiesw.com\\\/wp-content\\\/uploads\\\/2024\\\/11\\\/Anchorage-Alaska-Cake-Smash-Photographer-_-Mr_-Onederful-Cake-Smash.jpeg\",\"width\":736,\"height\":1104},{\"@type\":\"BreadcrumbList\",\"@id\":\"https:\\\/\\\/partiesw.com\\\/evenements\\\/boutique\\\/anniversaire\\\/enfants\\\/mini-pack-anniversaire-1an-noir\\\/#breadcrumb\",\"itemListElement\":[{\"@type\":\"ListItem\",\"position\":1,\"name\":\"Accueil\",\"item\":\"https:\\\/\\\/partiesw.com\\\/\"},{\"@type\":\"ListItem\",\"position\":2,\"name\":\"Boutique\",\"item\":\"https:\\\/\\\/partiesw.com\\\/evenements\\\/boutique\\\/\"},{\"@type\":\"ListItem\",\"position\":3,\"name\":\"Mini Pack Anniversaire 1an Noir\"}]},{\"@type\":\"WebSite\",\"@id\":\"https:\\\/\\\/partiesw.com\\\/#website\",\"url\":\"https:\\\/\\\/partiesw.com\\\/\",\"name\":\"PartiesWardrobe\",\"description\":\"The party experts\",\"publisher\":{\"@id\":\"https:\\\/\\\/partiesw.com\\\/#organization\"},\"potentialAction\":[{\"@type\":\"SearchAction\",\"target\":{\"@type\":\"EntryPoint\",\"urlTemplate\":\"https:\\\/\\\/partiesw.com\\\/?s={search_term_string}\"},\"query-input\":{\"@type\":\"PropertyValueSpecification\",\"valueRequired\":true,\"valueName\":\"search_term_string\"}}],\"inLanguage\":\"ar\"},{\"@type\":\"Organization\",\"@id\":\"https:\\\/\\\/partiesw.com\\\/#organization\",\"name\":\"Partieswardrobe\",\"url\":\"https:\\\/\\\/partiesw.com\\\/\",\"logo\":{\"@type\":\"ImageObject\",\"inLanguage\":\"ar\",\"@id\":\"https:\\\/\\\/partiesw.com\\\/#\\\/schema\\\/logo\\\/image\\\/\",\"url\":\"https:\\\/\\\/partiesw.com\\\/wp-content\\\/uploads\\\/2020\\\/09\\\/logo.png\",\"contentUrl\":\"https:\\\/\\\/partiesw.com\\\/wp-content\\\/uploads\\\/2020\\\/09\\\/logo.png\",\"width\":280,\"height\":127,\"caption\":\"Partieswardrobe\"},\"image\":{\"@id\":\"https:\\\/\\\/partiesw.com\\\/#\\\/schema\\\/logo\\\/image\\\/\"}}]}<\/script>\n<!-- \/ Yoast SEO plugin. -->","yoast_head_json":{"title":"B\u00e9b\u00e9 fille 1 an | Mini Pack Anniversaire 1an Noir | PartiesWardrobe","description":"Accessoires b\u00e9b\u00e9 fille 1 an, retrouvez un large choix d'accessoires et de couleurs, pour une fete m\u00e9morable et une d\u00e9coration exceptionnelle.","robots":{"index":"index","follow":"follow","max-snippet":"max-snippet:-1","max-image-preview":"max-image-preview:large","max-video-preview":"max-video-preview:-1"},"canonical":"https:\/\/partiesw.com\/ar\/evenements\/boutique\/anniversaire\/enfants\/mini-pack-anniversaire-1an-noir\/","og_locale":"ar_AR","og_type":"article","og_title":"B\u00e9b\u00e9 fille 1 an | Mini Pack Anniversaire 1an Noir | PartiesWardrobe","og_description":"Accessoires b\u00e9b\u00e9 fille 1 an, retrouvez un large choix d'accessoires et de couleurs, pour une fete m\u00e9morable et une d\u00e9coration exceptionnelle.","og_url":"https:\/\/partiesw.com\/ar\/evenements\/boutique\/anniversaire\/enfants\/mini-pack-anniversaire-1an-noir\/","og_site_name":"PartiesWardrobe","article_modified_time":"2025-12-11T16:09:05+00:00","og_image":[{"width":736,"height":1104,"url":"https:\/\/partiesw.com\/wp-content\/uploads\/2024\/11\/Anchorage-Alaska-Cake-Smash-Photographer-_-Mr_-Onederful-Cake-Smash.jpeg","type":"image\/jpeg"}],"twitter_card":"summary_large_image","twitter_misc":{"\u0648\u0642\u062a \u0627\u0644\u0642\u0631\u0627\u0621\u0629 \u0627\u0644\u0645\u064f\u0642\u062f\u0651\u0631":"\u062f\u0642\u064a\u0642\u0629 \u0648\u0627\u062d\u062f\u0629"},"schema":{"@context":"https:\/\/schema.org","@graph":[{"@type":"WebPage","@id":"https:\/\/partiesw.com\/evenements\/boutique\/anniversaire\/enfants\/mini-pack-anniversaire-1an-noir\/","url":"https:\/\/partiesw.com\/evenements\/boutique\/anniversaire\/enfants\/mini-pack-anniversaire-1an-noir\/","name":"B\u00e9b\u00e9 fille 1 an | Mini Pack Anniversaire 1an Noir | PartiesWardrobe","isPartOf":{"@id":"https:\/\/partiesw.com\/#website"},"primaryImageOfPage":{"@id":"https:\/\/partiesw.com\/evenements\/boutique\/anniversaire\/enfants\/mini-pack-anniversaire-1an-noir\/#primaryimage"},"image":{"@id":"https:\/\/partiesw.com\/evenements\/boutique\/anniversaire\/enfants\/mini-pack-anniversaire-1an-noir\/#primaryimage"},"thumbnailUrl":"https:\/\/partiesw.com\/wp-content\/uploads\/2024\/11\/Anchorage-Alaska-Cake-Smash-Photographer-_-Mr_-Onederful-Cake-Smash.jpeg","datePublished":"2024-11-21T13:44:23+00:00","dateModified":"2025-12-11T16:09:05+00:00","description":"Accessoires b\u00e9b\u00e9 fille 1 an, retrouvez un large choix d'accessoires et de couleurs, pour une fete m\u00e9morable et une d\u00e9coration exceptionnelle.","breadcrumb":{"@id":"https:\/\/partiesw.com\/evenements\/boutique\/anniversaire\/enfants\/mini-pack-anniversaire-1an-noir\/#breadcrumb"},"inLanguage":"ar","potentialAction":[{"@type":"ReadAction","target":["https:\/\/partiesw.com\/evenements\/boutique\/anniversaire\/enfants\/mini-pack-anniversaire-1an-noir\/"]}]},{"@type":"ImageObject","inLanguage":"ar","@id":"https:\/\/partiesw.com\/evenements\/boutique\/anniversaire\/enfants\/mini-pack-anniversaire-1an-noir\/#primaryimage","url":"https:\/\/partiesw.com\/wp-content\/uploads\/2024\/11\/Anchorage-Alaska-Cake-Smash-Photographer-_-Mr_-Onederful-Cake-Smash.jpeg","contentUrl":"https:\/\/partiesw.com\/wp-content\/uploads\/2024\/11\/Anchorage-Alaska-Cake-Smash-Photographer-_-Mr_-Onederful-Cake-Smash.jpeg","width":736,"height":1104},{"@type":"BreadcrumbList","@id":"https:\/\/partiesw.com\/evenements\/boutique\/anniversaire\/enfants\/mini-pack-anniversaire-1an-noir\/#breadcrumb","itemListElement":[{"@type":"ListItem","position":1,"name":"Accueil","item":"https:\/\/partiesw.com\/"},{"@type":"ListItem","position":2,"name":"Boutique","item":"https:\/\/partiesw.com\/evenements\/boutique\/"},{"@type":"ListItem","position":3,"name":"Mini Pack Anniversaire 1an Noir"}]},{"@type":"WebSite","@id":"https:\/\/partiesw.com\/#website","url":"https:\/\/partiesw.com\/","name":"PartiesWardrobe","description":"The party experts","publisher":{"@id":"https:\/\/partiesw.com\/#organization"},"potentialAction":[{"@type":"SearchAction","target":{"@type":"EntryPoint","urlTemplate":"https:\/\/partiesw.com\/?s={search_term_string}"},"query-input":{"@type":"PropertyValueSpecification","valueRequired":true,"valueName":"search_term_string"}}],"inLanguage":"ar"},{"@type":"Organization","@id":"https:\/\/partiesw.com\/#organization","name":"Partieswardrobe","url":"https:\/\/partiesw.com\/","logo":{"@type":"ImageObject","inLanguage":"ar","@id":"https:\/\/partiesw.com\/#\/schema\/logo\/image\/","url":"https:\/\/partiesw.com\/wp-content\/uploads\/2020\/09\/logo.png","contentUrl":"https:\/\/partiesw.com\/wp-content\/uploads\/2020\/09\/logo.png","width":280,"height":127,"caption":"Partieswardrobe"},"image":{"@id":"https:\/\/partiesw.com\/#\/schema\/logo\/image\/"}}]}},"_links":{"self":[{"href":"https:\/\/partiesw.com\/ar\/wp-json\/wp\/v2\/product\/5157","targetHints":{"allow":["GET"]}}],"collection":[{"href":"https:\/\/partiesw.com\/ar\/wp-json\/wp\/v2\/product"}],"about":[{"href":"https:\/\/partiesw.com\/ar\/wp-json\/wp\/v2\/types\/product"}],"replies":[{"embeddable":true,"href":"https:\/\/partiesw.com\/ar\/wp-json\/wp\/v2\/comments?post=5157"}],"wp:featuredmedia":[{"embeddable":true,"href":"https:\/\/partiesw.com\/ar\/wp-json\/wp\/v2\/media\/5159"}],"wp:attachment":[{"href":"https:\/\/partiesw.com\/ar\/wp-json\/wp\/v2\/media?parent=5157"}],"wp:term":[{"taxonomy":"product_brand","embeddable":true,"href":"https:\/\/partiesw.com\/ar\/wp-json\/wp\/v2\/product_brand?post=5157"},{"taxonomy":"product_cat","embeddable":true,"href":"https:\/\/partiesw.com\/ar\/wp-json\/wp\/v2\/product_cat?post=5157"},{"taxonomy":"product_tag","embeddable":true,"href":"https:\/\/partiesw.com\/ar\/wp-json\/wp\/v2\/product_tag?post=5157"}],"curies":[{"name":"wp","href":"https:\/\/api.w.org\/{rel}","templated":true}]}}