{"id":5127,"date":"2024-08-05T23:23:11","date_gmt":"2024-08-05T23:23:11","guid":{"rendered":"https:\/\/partiesw.com\/?post_type=product&#038;p=5127"},"modified":"2025-12-31T17:05:32","modified_gmt":"2025-12-31T17:05:32","slug":"banniere-en-ballons-bridetobe","status":"publish","type":"product","link":"https:\/\/partiesw.com\/ar\/evenements\/boutique\/future-bride\/banniere-en-ballons-bridetobe\/","title":{"rendered":"Bouquet ballon Bride to be"},"content":{"rendered":"<p data-start=\"268\" data-end=\"395\">Apportez une touche festive \u00e0 l\u2019espace de la mari\u00e9e gr\u00e2ce \u00e0 un \u00e9l\u00e9gant bouquet de ballons.<\/p>\n<p data-start=\"268\" data-end=\"395\">Composants du pack:<\/p>\n<ul>\n<li data-start=\"268\" data-end=\"395\">1 ballon bague rose gold.<\/li>\n<li data-start=\"268\" data-end=\"395\">5 ballons blancs.<\/li>\n<li data-start=\"268\" data-end=\"395\">4 ballons coeurs aluminium rose gold.<\/li>\n<\/ul>\n<p>NB : Vous recevez le pack avec les ballons emball\u00e9s et d\u00e9gonfl\u00e9s. Pour les accessoires bride, ils sont vendus <a href=\"https:\/\/partiesw.com\/ar\/evenements\/boutique\/future-bride\/bridal-set\/\">ici<\/a><\/p>","protected":false},"excerpt":{"rendered":"<p data-start=\"268\" data-end=\"395\">Composants du pack:<\/p>\n<ul>\n<li data-start=\"268\" data-end=\"395\">1 ballon bague rose gold.<\/li>\n<li data-start=\"268\" data-end=\"395\">5 ballons blancs.<\/li>\n<li data-start=\"268\" data-end=\"395\">4 ballons coeurs aluminium rose gold.<\/li>\n<\/ul>\n<p>NB : Vous recevez le pack avec les ballons emball\u00e9s et d\u00e9gonfl\u00e9s. Pour les accessoires bride, ils sont vendus <a href=\"https:\/\/partiesw.com\/ar\/evenements\/boutique\/future-bride\/bridal-set\/\">ici<\/a><\/p>","protected":false},"featured_media":5242,"comment_status":"open","ping_status":"closed","template":"","meta":{"_acf_changed":false,"_bbp_topic_count":0,"_bbp_reply_count":0,"_bbp_total_topic_count":0,"_bbp_total_reply_count":0,"_bbp_voice_count":0,"_bbp_anonymous_reply_count":0,"_bbp_topic_count_hidden":0,"_bbp_reply_count_hidden":0,"_bbp_forum_subforum_count":0},"product_brand":[],"product_cat":[29,86],"product_tag":[37],"class_list":{"0":"post-5127","1":"product","2":"type-product","3":"status-publish","4":"has-post-thumbnail","6":"product_cat-future-bride","7":"product_cat-future-mariee","8":"product_tag-bachelorette","10":"first","11":"instock","12":"shipping-taxable","13":"purchasable","14":"product-type-simple"},"acf":[],"yoast_head":"<!-- This site is optimized with the Yoast SEO plugin v27.3 - https:\/\/yoast.com\/product\/yoast-seo-wordpress\/ -->\n<title>D\u00e9coration bachelorette | Bouquet ballon Bride to be | PartiesWardrobe<\/title>\n<meta name=\"description\" content=\"La d\u00e9coration bachelorette qu&#039;il vous faut pour marquer votre grand jour. Optez pour la simplicit\u00e9 et l&#039;\u00e9l\u00e9gance pour vos bachelorette !\" \/>\n<meta name=\"robots\" content=\"index, follow, max-snippet:-1, max-image-preview:large, max-video-preview:-1\" \/>\n<link rel=\"canonical\" href=\"https:\/\/partiesw.com\/ar\/evenements\/boutique\/future-bride\/banniere-en-ballons-bridetobe\/\" \/>\n<meta property=\"og:locale\" content=\"ar_AR\" \/>\n<meta property=\"og:type\" content=\"article\" \/>\n<meta property=\"og:title\" content=\"D\u00e9coration bachelorette | Bouquet ballon Bride to be | PartiesWardrobe\" \/>\n<meta property=\"og:description\" content=\"La d\u00e9coration bachelorette qu&#039;il vous faut pour marquer votre grand jour. Optez pour la simplicit\u00e9 et l&#039;\u00e9l\u00e9gance pour vos bachelorette !\" \/>\n<meta property=\"og:url\" content=\"https:\/\/partiesw.com\/ar\/evenements\/boutique\/future-bride\/banniere-en-ballons-bridetobe\/\" \/>\n<meta property=\"og:site_name\" content=\"PartiesWardrobe\" \/>\n<meta property=\"article:modified_time\" content=\"2025-12-31T17:05:32+00:00\" \/>\n<meta property=\"og:image\" content=\"https:\/\/partiesw.com\/wp-content\/uploads\/2024\/08\/ChatGPT-Image-Nov-27-2025-09_23_14-AM-683x1024.png\" \/>\n\t<meta property=\"og:image:width\" content=\"683\" \/>\n\t<meta property=\"og:image:height\" content=\"1024\" \/>\n\t<meta property=\"og:image:type\" content=\"image\/png\" \/>\n<meta name=\"twitter:card\" content=\"summary_large_image\" \/>\n<meta name=\"twitter:label1\" content=\"\u0648\u0642\u062a \u0627\u0644\u0642\u0631\u0627\u0621\u0629 \u0627\u0644\u0645\u064f\u0642\u062f\u0651\u0631\" \/>\n\t<meta name=\"twitter:data1\" content=\"\u062f\u0642\u064a\u0642\u0629 \u0648\u0627\u062d\u062f\u0629\" \/>\n<script type=\"application\/ld+json\" class=\"yoast-schema-graph\">{\"@context\":\"https:\\\/\\\/schema.org\",\"@graph\":[{\"@type\":\"WebPage\",\"@id\":\"https:\\\/\\\/partiesw.com\\\/evenements\\\/boutique\\\/future-bride\\\/banniere-en-ballons-bridetobe\\\/\",\"url\":\"https:\\\/\\\/partiesw.com\\\/evenements\\\/boutique\\\/future-bride\\\/banniere-en-ballons-bridetobe\\\/\",\"name\":\"D\u00e9coration bachelorette | Bouquet ballon Bride to be | PartiesWardrobe\",\"isPartOf\":{\"@id\":\"https:\\\/\\\/partiesw.com\\\/#website\"},\"primaryImageOfPage\":{\"@id\":\"https:\\\/\\\/partiesw.com\\\/evenements\\\/boutique\\\/future-bride\\\/banniere-en-ballons-bridetobe\\\/#primaryimage\"},\"image\":{\"@id\":\"https:\\\/\\\/partiesw.com\\\/evenements\\\/boutique\\\/future-bride\\\/banniere-en-ballons-bridetobe\\\/#primaryimage\"},\"thumbnailUrl\":\"https:\\\/\\\/partiesw.com\\\/wp-content\\\/uploads\\\/2024\\\/08\\\/ChatGPT-Image-Nov-27-2025-09_23_14-AM.png\",\"datePublished\":\"2024-08-05T23:23:11+00:00\",\"dateModified\":\"2025-12-31T17:05:32+00:00\",\"description\":\"La d\u00e9coration bachelorette qu'il vous faut pour marquer votre grand jour. Optez pour la simplicit\u00e9 et l'\u00e9l\u00e9gance pour vos bachelorette !\",\"breadcrumb\":{\"@id\":\"https:\\\/\\\/partiesw.com\\\/evenements\\\/boutique\\\/future-bride\\\/banniere-en-ballons-bridetobe\\\/#breadcrumb\"},\"inLanguage\":\"ar\",\"potentialAction\":[{\"@type\":\"ReadAction\",\"target\":[\"https:\\\/\\\/partiesw.com\\\/evenements\\\/boutique\\\/future-bride\\\/banniere-en-ballons-bridetobe\\\/\"]}]},{\"@type\":\"ImageObject\",\"inLanguage\":\"ar\",\"@id\":\"https:\\\/\\\/partiesw.com\\\/evenements\\\/boutique\\\/future-bride\\\/banniere-en-ballons-bridetobe\\\/#primaryimage\",\"url\":\"https:\\\/\\\/partiesw.com\\\/wp-content\\\/uploads\\\/2024\\\/08\\\/ChatGPT-Image-Nov-27-2025-09_23_14-AM.png\",\"contentUrl\":\"https:\\\/\\\/partiesw.com\\\/wp-content\\\/uploads\\\/2024\\\/08\\\/ChatGPT-Image-Nov-27-2025-09_23_14-AM.png\",\"width\":1024,\"height\":1536},{\"@type\":\"BreadcrumbList\",\"@id\":\"https:\\\/\\\/partiesw.com\\\/evenements\\\/boutique\\\/future-bride\\\/banniere-en-ballons-bridetobe\\\/#breadcrumb\",\"itemListElement\":[{\"@type\":\"ListItem\",\"position\":1,\"name\":\"Accueil\",\"item\":\"https:\\\/\\\/partiesw.com\\\/\"},{\"@type\":\"ListItem\",\"position\":2,\"name\":\"Boutique\",\"item\":\"https:\\\/\\\/partiesw.com\\\/evenements\\\/boutique\\\/\"},{\"@type\":\"ListItem\",\"position\":3,\"name\":\"Bouquet ballon Bride to be\"}]},{\"@type\":\"WebSite\",\"@id\":\"https:\\\/\\\/partiesw.com\\\/#website\",\"url\":\"https:\\\/\\\/partiesw.com\\\/\",\"name\":\"PartiesWardrobe\",\"description\":\"The party experts\",\"publisher\":{\"@id\":\"https:\\\/\\\/partiesw.com\\\/#organization\"},\"potentialAction\":[{\"@type\":\"SearchAction\",\"target\":{\"@type\":\"EntryPoint\",\"urlTemplate\":\"https:\\\/\\\/partiesw.com\\\/?s={search_term_string}\"},\"query-input\":{\"@type\":\"PropertyValueSpecification\",\"valueRequired\":true,\"valueName\":\"search_term_string\"}}],\"inLanguage\":\"ar\"},{\"@type\":\"Organization\",\"@id\":\"https:\\\/\\\/partiesw.com\\\/#organization\",\"name\":\"Partieswardrobe\",\"url\":\"https:\\\/\\\/partiesw.com\\\/\",\"logo\":{\"@type\":\"ImageObject\",\"inLanguage\":\"ar\",\"@id\":\"https:\\\/\\\/partiesw.com\\\/#\\\/schema\\\/logo\\\/image\\\/\",\"url\":\"https:\\\/\\\/partiesw.com\\\/wp-content\\\/uploads\\\/2020\\\/09\\\/logo.png\",\"contentUrl\":\"https:\\\/\\\/partiesw.com\\\/wp-content\\\/uploads\\\/2020\\\/09\\\/logo.png\",\"width\":280,\"height\":127,\"caption\":\"Partieswardrobe\"},\"image\":{\"@id\":\"https:\\\/\\\/partiesw.com\\\/#\\\/schema\\\/logo\\\/image\\\/\"}}]}<\/script>\n<!-- \/ Yoast SEO plugin. -->","yoast_head_json":{"title":"D\u00e9coration bachelorette | Bouquet ballon Bride to be | PartiesWardrobe","description":"La d\u00e9coration bachelorette qu'il vous faut pour marquer votre grand jour. Optez pour la simplicit\u00e9 et l'\u00e9l\u00e9gance pour vos bachelorette !","robots":{"index":"index","follow":"follow","max-snippet":"max-snippet:-1","max-image-preview":"max-image-preview:large","max-video-preview":"max-video-preview:-1"},"canonical":"https:\/\/partiesw.com\/ar\/evenements\/boutique\/future-bride\/banniere-en-ballons-bridetobe\/","og_locale":"ar_AR","og_type":"article","og_title":"D\u00e9coration bachelorette | Bouquet ballon Bride to be | PartiesWardrobe","og_description":"La d\u00e9coration bachelorette qu'il vous faut pour marquer votre grand jour. Optez pour la simplicit\u00e9 et l'\u00e9l\u00e9gance pour vos bachelorette !","og_url":"https:\/\/partiesw.com\/ar\/evenements\/boutique\/future-bride\/banniere-en-ballons-bridetobe\/","og_site_name":"PartiesWardrobe","article_modified_time":"2025-12-31T17:05:32+00:00","og_image":[{"width":683,"height":1024,"url":"https:\/\/partiesw.com\/wp-content\/uploads\/2024\/08\/ChatGPT-Image-Nov-27-2025-09_23_14-AM-683x1024.png","type":"image\/png"}],"twitter_card":"summary_large_image","twitter_misc":{"\u0648\u0642\u062a \u0627\u0644\u0642\u0631\u0627\u0621\u0629 \u0627\u0644\u0645\u064f\u0642\u062f\u0651\u0631":"\u062f\u0642\u064a\u0642\u0629 \u0648\u0627\u062d\u062f\u0629"},"schema":{"@context":"https:\/\/schema.org","@graph":[{"@type":"WebPage","@id":"https:\/\/partiesw.com\/evenements\/boutique\/future-bride\/banniere-en-ballons-bridetobe\/","url":"https:\/\/partiesw.com\/evenements\/boutique\/future-bride\/banniere-en-ballons-bridetobe\/","name":"D\u00e9coration bachelorette | Bouquet ballon Bride to be | PartiesWardrobe","isPartOf":{"@id":"https:\/\/partiesw.com\/#website"},"primaryImageOfPage":{"@id":"https:\/\/partiesw.com\/evenements\/boutique\/future-bride\/banniere-en-ballons-bridetobe\/#primaryimage"},"image":{"@id":"https:\/\/partiesw.com\/evenements\/boutique\/future-bride\/banniere-en-ballons-bridetobe\/#primaryimage"},"thumbnailUrl":"https:\/\/partiesw.com\/wp-content\/uploads\/2024\/08\/ChatGPT-Image-Nov-27-2025-09_23_14-AM.png","datePublished":"2024-08-05T23:23:11+00:00","dateModified":"2025-12-31T17:05:32+00:00","description":"La d\u00e9coration bachelorette qu'il vous faut pour marquer votre grand jour. Optez pour la simplicit\u00e9 et l'\u00e9l\u00e9gance pour vos bachelorette !","breadcrumb":{"@id":"https:\/\/partiesw.com\/evenements\/boutique\/future-bride\/banniere-en-ballons-bridetobe\/#breadcrumb"},"inLanguage":"ar","potentialAction":[{"@type":"ReadAction","target":["https:\/\/partiesw.com\/evenements\/boutique\/future-bride\/banniere-en-ballons-bridetobe\/"]}]},{"@type":"ImageObject","inLanguage":"ar","@id":"https:\/\/partiesw.com\/evenements\/boutique\/future-bride\/banniere-en-ballons-bridetobe\/#primaryimage","url":"https:\/\/partiesw.com\/wp-content\/uploads\/2024\/08\/ChatGPT-Image-Nov-27-2025-09_23_14-AM.png","contentUrl":"https:\/\/partiesw.com\/wp-content\/uploads\/2024\/08\/ChatGPT-Image-Nov-27-2025-09_23_14-AM.png","width":1024,"height":1536},{"@type":"BreadcrumbList","@id":"https:\/\/partiesw.com\/evenements\/boutique\/future-bride\/banniere-en-ballons-bridetobe\/#breadcrumb","itemListElement":[{"@type":"ListItem","position":1,"name":"Accueil","item":"https:\/\/partiesw.com\/"},{"@type":"ListItem","position":2,"name":"Boutique","item":"https:\/\/partiesw.com\/evenements\/boutique\/"},{"@type":"ListItem","position":3,"name":"Bouquet ballon Bride to be"}]},{"@type":"WebSite","@id":"https:\/\/partiesw.com\/#website","url":"https:\/\/partiesw.com\/","name":"PartiesWardrobe","description":"The party experts","publisher":{"@id":"https:\/\/partiesw.com\/#organization"},"potentialAction":[{"@type":"SearchAction","target":{"@type":"EntryPoint","urlTemplate":"https:\/\/partiesw.com\/?s={search_term_string}"},"query-input":{"@type":"PropertyValueSpecification","valueRequired":true,"valueName":"search_term_string"}}],"inLanguage":"ar"},{"@type":"Organization","@id":"https:\/\/partiesw.com\/#organization","name":"Partieswardrobe","url":"https:\/\/partiesw.com\/","logo":{"@type":"ImageObject","inLanguage":"ar","@id":"https:\/\/partiesw.com\/#\/schema\/logo\/image\/","url":"https:\/\/partiesw.com\/wp-content\/uploads\/2020\/09\/logo.png","contentUrl":"https:\/\/partiesw.com\/wp-content\/uploads\/2020\/09\/logo.png","width":280,"height":127,"caption":"Partieswardrobe"},"image":{"@id":"https:\/\/partiesw.com\/#\/schema\/logo\/image\/"}}]}},"_links":{"self":[{"href":"https:\/\/partiesw.com\/ar\/wp-json\/wp\/v2\/product\/5127","targetHints":{"allow":["GET"]}}],"collection":[{"href":"https:\/\/partiesw.com\/ar\/wp-json\/wp\/v2\/product"}],"about":[{"href":"https:\/\/partiesw.com\/ar\/wp-json\/wp\/v2\/types\/product"}],"replies":[{"embeddable":true,"href":"https:\/\/partiesw.com\/ar\/wp-json\/wp\/v2\/comments?post=5127"}],"wp:featuredmedia":[{"embeddable":true,"href":"https:\/\/partiesw.com\/ar\/wp-json\/wp\/v2\/media\/5242"}],"wp:attachment":[{"href":"https:\/\/partiesw.com\/ar\/wp-json\/wp\/v2\/media?parent=5127"}],"wp:term":[{"taxonomy":"product_brand","embeddable":true,"href":"https:\/\/partiesw.com\/ar\/wp-json\/wp\/v2\/product_brand?post=5127"},{"taxonomy":"product_cat","embeddable":true,"href":"https:\/\/partiesw.com\/ar\/wp-json\/wp\/v2\/product_cat?post=5127"},{"taxonomy":"product_tag","embeddable":true,"href":"https:\/\/partiesw.com\/ar\/wp-json\/wp\/v2\/product_tag?post=5127"}],"curies":[{"name":"wp","href":"https:\/\/api.w.org\/{rel}","templated":true}]}}