{"id":4907,"date":"2024-01-12T09:33:26","date_gmt":"2024-01-12T09:33:26","guid":{"rendered":"https:\/\/partiesw.com\/?post_type=product&#038;p=4907"},"modified":"2026-03-14T03:50:20","modified_gmt":"2026-03-14T03:50:20","slug":"make-a-wish-black","status":"publish","type":"product","link":"https:\/\/partiesw.com\/ar\/evenements\/boutique\/box\/birthday\/make-a-wish-black\/","title":{"rendered":"D\u00e9co Compl\u00e8te anniversaire Make a wish : All in black"},"content":{"rendered":"<p>La meilleure d\u00e9coration pour un anniversaire unique. Des couleurs festives pour une fete\u00a0pleine de paillettes et de magie.<\/p>\n<p>On n\u2019est jamais trop \u00e2g\u00e9 pour f\u00eater son anniversaire.<\/p>\n<p>Composantes de la box:<\/p>\n<ul>\n<li>Banni\u00e8re Happy Birthday en ballon noir<\/li>\n<li>1 Pack de 10 ballons noir<\/li>\n<li>1 Pack de 5 ballons m\u00e9talliques dor\u00e9<\/li>\n<li>2 ballons aluminium noir et dor\u00e9<\/li>\n<\/ul>\n<p>NB : les chiffres ne sont pas inclus vous pouvez les commander s\u00e9par\u00e9ment.<\/p>\n<p>Attention les ballons noirs peuvent sembler gluants a cause d&rsquo;une mati\u00e8re qui maintient la couleur et leur brillance.<\/p>","protected":false},"excerpt":{"rendered":"<p>Les composants de la box:<\/p>\n<ul>\n<li>Banni\u00e8re Happy Birthday en ballon noir<\/li>\n<li>1 Pack de 10 ballons noir<\/li>\n<li>1 Pack de 5 ballons m\u00e9talliques dor\u00e9<\/li>\n<li>2 ballons aluminium noir et dor\u00e9<\/li>\n<\/ul>\n<p>NB: Attention les ballons noirs peuvent sembler gluants a cause d&rsquo;une mati\u00e8re qui maintient la couleur et leur brillance.<\/p>","protected":false},"featured_media":4711,"comment_status":"open","ping_status":"closed","template":"","meta":{"_acf_changed":false,"_bbp_topic_count":0,"_bbp_reply_count":0,"_bbp_total_topic_count":0,"_bbp_total_reply_count":0,"_bbp_voice_count":0,"_bbp_anonymous_reply_count":0,"_bbp_topic_count_hidden":0,"_bbp_reply_count_hidden":0,"_bbp_forum_subforum_count":0},"product_brand":[],"product_cat":[34,31,52],"product_tag":[],"class_list":{"0":"post-4907","1":"product","2":"type-product","3":"status-publish","4":"has-post-thumbnail","6":"product_cat-adulte","7":"product_cat-box","8":"product_cat-birthday","10":"first","11":"outofstock","12":"sale","13":"shipping-taxable","14":"purchasable","15":"product-type-simple"},"acf":[],"yoast_head":"<!-- This site is optimized with the Yoast SEO plugin v27.4 - https:\/\/yoast.com\/product\/yoast-seo-wordpress\/ -->\n<title>D\u00e9co Compl\u00e8te anniversaire Make a wish : All in black | PartiesWardrobe<\/title>\n<meta name=\"description\" content=\"A la recherche d&#039;une d\u00e9coration anniversaire originale ? Croyez nous vous \u00eates au bon endroit. D\u00e9couvrez la box anniversaire make a wish all in black.\" \/>\n<meta name=\"robots\" content=\"index, follow, max-snippet:-1, max-image-preview:large, max-video-preview:-1\" \/>\n<link rel=\"canonical\" href=\"https:\/\/partiesw.com\/ar\/evenements\/boutique\/box\/birthday\/make-a-wish-black\/\" \/>\n<meta property=\"og:locale\" content=\"ar_AR\" \/>\n<meta property=\"og:type\" content=\"article\" \/>\n<meta property=\"og:title\" content=\"D\u00e9co Compl\u00e8te anniversaire Make a wish : All in black | PartiesWardrobe\" \/>\n<meta property=\"og:description\" content=\"A la recherche d&#039;une d\u00e9coration anniversaire originale ? Croyez nous vous \u00eates au bon endroit. D\u00e9couvrez la box anniversaire make a wish all in black.\" \/>\n<meta property=\"og:url\" content=\"https:\/\/partiesw.com\/ar\/evenements\/boutique\/box\/birthday\/make-a-wish-black\/\" \/>\n<meta property=\"og:site_name\" content=\"PartiesWardrobe\" \/>\n<meta property=\"article:modified_time\" content=\"2026-03-14T03:50:20+00:00\" \/>\n<meta property=\"og:image\" content=\"https:\/\/partiesw.com\/wp-content\/uploads\/2023\/10\/Black-and-Gold-Balloons-for-Hotel-Room-1.jpg\" \/>\n\t<meta property=\"og:image:width\" content=\"736\" \/>\n\t<meta property=\"og:image:height\" content=\"920\" \/>\n\t<meta property=\"og:image:type\" content=\"image\/jpeg\" \/>\n<meta name=\"twitter:card\" content=\"summary_large_image\" \/>\n<meta name=\"twitter:label1\" content=\"\u0648\u0642\u062a \u0627\u0644\u0642\u0631\u0627\u0621\u0629 \u0627\u0644\u0645\u064f\u0642\u062f\u0651\u0631\" \/>\n\t<meta name=\"twitter:data1\" content=\"\u062f\u0642\u064a\u0642\u0629 \u0648\u0627\u062d\u062f\u0629\" \/>\n<script type=\"application\/ld+json\" class=\"yoast-schema-graph\">{\"@context\":\"https:\\\/\\\/schema.org\",\"@graph\":[{\"@type\":\"WebPage\",\"@id\":\"https:\\\/\\\/partiesw.com\\\/evenements\\\/boutique\\\/box\\\/birthday\\\/make-a-wish-black\\\/\",\"url\":\"https:\\\/\\\/partiesw.com\\\/evenements\\\/boutique\\\/box\\\/birthday\\\/make-a-wish-black\\\/\",\"name\":\"D\u00e9co Compl\u00e8te anniversaire Make a wish : All in black | PartiesWardrobe\",\"isPartOf\":{\"@id\":\"https:\\\/\\\/partiesw.com\\\/#website\"},\"primaryImageOfPage\":{\"@id\":\"https:\\\/\\\/partiesw.com\\\/evenements\\\/boutique\\\/box\\\/birthday\\\/make-a-wish-black\\\/#primaryimage\"},\"image\":{\"@id\":\"https:\\\/\\\/partiesw.com\\\/evenements\\\/boutique\\\/box\\\/birthday\\\/make-a-wish-black\\\/#primaryimage\"},\"thumbnailUrl\":\"https:\\\/\\\/partiesw.com\\\/wp-content\\\/uploads\\\/2023\\\/10\\\/Black-and-Gold-Balloons-for-Hotel-Room-1.jpg\",\"datePublished\":\"2024-01-12T09:33:26+00:00\",\"dateModified\":\"2026-03-14T03:50:20+00:00\",\"description\":\"A la recherche d'une d\u00e9coration anniversaire originale ? Croyez nous vous \u00eates au bon endroit. D\u00e9couvrez la box anniversaire make a wish all in black.\",\"breadcrumb\":{\"@id\":\"https:\\\/\\\/partiesw.com\\\/evenements\\\/boutique\\\/box\\\/birthday\\\/make-a-wish-black\\\/#breadcrumb\"},\"inLanguage\":\"ar\",\"potentialAction\":[{\"@type\":\"ReadAction\",\"target\":[\"https:\\\/\\\/partiesw.com\\\/evenements\\\/boutique\\\/box\\\/birthday\\\/make-a-wish-black\\\/\"]}]},{\"@type\":\"ImageObject\",\"inLanguage\":\"ar\",\"@id\":\"https:\\\/\\\/partiesw.com\\\/evenements\\\/boutique\\\/box\\\/birthday\\\/make-a-wish-black\\\/#primaryimage\",\"url\":\"https:\\\/\\\/partiesw.com\\\/wp-content\\\/uploads\\\/2023\\\/10\\\/Black-and-Gold-Balloons-for-Hotel-Room-1.jpg\",\"contentUrl\":\"https:\\\/\\\/partiesw.com\\\/wp-content\\\/uploads\\\/2023\\\/10\\\/Black-and-Gold-Balloons-for-Hotel-Room-1.jpg\",\"width\":736,\"height\":920},{\"@type\":\"BreadcrumbList\",\"@id\":\"https:\\\/\\\/partiesw.com\\\/evenements\\\/boutique\\\/box\\\/birthday\\\/make-a-wish-black\\\/#breadcrumb\",\"itemListElement\":[{\"@type\":\"ListItem\",\"position\":1,\"name\":\"Accueil\",\"item\":\"https:\\\/\\\/partiesw.com\\\/\"},{\"@type\":\"ListItem\",\"position\":2,\"name\":\"Boutique\",\"item\":\"https:\\\/\\\/partiesw.com\\\/evenements\\\/boutique\\\/\"},{\"@type\":\"ListItem\",\"position\":3,\"name\":\"D\u00e9co Compl\u00e8te anniversaire Make a wish : All in black\"}]},{\"@type\":\"WebSite\",\"@id\":\"https:\\\/\\\/partiesw.com\\\/#website\",\"url\":\"https:\\\/\\\/partiesw.com\\\/\",\"name\":\"PartiesWardrobe\",\"description\":\"The party experts\",\"publisher\":{\"@id\":\"https:\\\/\\\/partiesw.com\\\/#organization\"},\"potentialAction\":[{\"@type\":\"SearchAction\",\"target\":{\"@type\":\"EntryPoint\",\"urlTemplate\":\"https:\\\/\\\/partiesw.com\\\/?s={search_term_string}\"},\"query-input\":{\"@type\":\"PropertyValueSpecification\",\"valueRequired\":true,\"valueName\":\"search_term_string\"}}],\"inLanguage\":\"ar\"},{\"@type\":\"Organization\",\"@id\":\"https:\\\/\\\/partiesw.com\\\/#organization\",\"name\":\"Partieswardrobe\",\"url\":\"https:\\\/\\\/partiesw.com\\\/\",\"logo\":{\"@type\":\"ImageObject\",\"inLanguage\":\"ar\",\"@id\":\"https:\\\/\\\/partiesw.com\\\/#\\\/schema\\\/logo\\\/image\\\/\",\"url\":\"https:\\\/\\\/partiesw.com\\\/wp-content\\\/uploads\\\/2020\\\/09\\\/logo.png\",\"contentUrl\":\"https:\\\/\\\/partiesw.com\\\/wp-content\\\/uploads\\\/2020\\\/09\\\/logo.png\",\"width\":280,\"height\":127,\"caption\":\"Partieswardrobe\"},\"image\":{\"@id\":\"https:\\\/\\\/partiesw.com\\\/#\\\/schema\\\/logo\\\/image\\\/\"}}]}<\/script>\n<!-- \/ Yoast SEO plugin. -->","yoast_head_json":{"title":"D\u00e9co Compl\u00e8te anniversaire Make a wish : All in black | PartiesWardrobe","description":"A la recherche d'une d\u00e9coration anniversaire originale ? Croyez nous vous \u00eates au bon endroit. D\u00e9couvrez la box anniversaire make a wish all in black.","robots":{"index":"index","follow":"follow","max-snippet":"max-snippet:-1","max-image-preview":"max-image-preview:large","max-video-preview":"max-video-preview:-1"},"canonical":"https:\/\/partiesw.com\/ar\/evenements\/boutique\/box\/birthday\/make-a-wish-black\/","og_locale":"ar_AR","og_type":"article","og_title":"D\u00e9co Compl\u00e8te anniversaire Make a wish : All in black | PartiesWardrobe","og_description":"A la recherche d'une d\u00e9coration anniversaire originale ? Croyez nous vous \u00eates au bon endroit. D\u00e9couvrez la box anniversaire make a wish all in black.","og_url":"https:\/\/partiesw.com\/ar\/evenements\/boutique\/box\/birthday\/make-a-wish-black\/","og_site_name":"PartiesWardrobe","article_modified_time":"2026-03-14T03:50:20+00:00","og_image":[{"width":736,"height":920,"url":"https:\/\/partiesw.com\/wp-content\/uploads\/2023\/10\/Black-and-Gold-Balloons-for-Hotel-Room-1.jpg","type":"image\/jpeg"}],"twitter_card":"summary_large_image","twitter_misc":{"\u0648\u0642\u062a \u0627\u0644\u0642\u0631\u0627\u0621\u0629 \u0627\u0644\u0645\u064f\u0642\u062f\u0651\u0631":"\u062f\u0642\u064a\u0642\u0629 \u0648\u0627\u062d\u062f\u0629"},"schema":{"@context":"https:\/\/schema.org","@graph":[{"@type":"WebPage","@id":"https:\/\/partiesw.com\/evenements\/boutique\/box\/birthday\/make-a-wish-black\/","url":"https:\/\/partiesw.com\/evenements\/boutique\/box\/birthday\/make-a-wish-black\/","name":"D\u00e9co Compl\u00e8te anniversaire Make a wish : All in black | PartiesWardrobe","isPartOf":{"@id":"https:\/\/partiesw.com\/#website"},"primaryImageOfPage":{"@id":"https:\/\/partiesw.com\/evenements\/boutique\/box\/birthday\/make-a-wish-black\/#primaryimage"},"image":{"@id":"https:\/\/partiesw.com\/evenements\/boutique\/box\/birthday\/make-a-wish-black\/#primaryimage"},"thumbnailUrl":"https:\/\/partiesw.com\/wp-content\/uploads\/2023\/10\/Black-and-Gold-Balloons-for-Hotel-Room-1.jpg","datePublished":"2024-01-12T09:33:26+00:00","dateModified":"2026-03-14T03:50:20+00:00","description":"A la recherche d'une d\u00e9coration anniversaire originale ? Croyez nous vous \u00eates au bon endroit. D\u00e9couvrez la box anniversaire make a wish all in black.","breadcrumb":{"@id":"https:\/\/partiesw.com\/evenements\/boutique\/box\/birthday\/make-a-wish-black\/#breadcrumb"},"inLanguage":"ar","potentialAction":[{"@type":"ReadAction","target":["https:\/\/partiesw.com\/evenements\/boutique\/box\/birthday\/make-a-wish-black\/"]}]},{"@type":"ImageObject","inLanguage":"ar","@id":"https:\/\/partiesw.com\/evenements\/boutique\/box\/birthday\/make-a-wish-black\/#primaryimage","url":"https:\/\/partiesw.com\/wp-content\/uploads\/2023\/10\/Black-and-Gold-Balloons-for-Hotel-Room-1.jpg","contentUrl":"https:\/\/partiesw.com\/wp-content\/uploads\/2023\/10\/Black-and-Gold-Balloons-for-Hotel-Room-1.jpg","width":736,"height":920},{"@type":"BreadcrumbList","@id":"https:\/\/partiesw.com\/evenements\/boutique\/box\/birthday\/make-a-wish-black\/#breadcrumb","itemListElement":[{"@type":"ListItem","position":1,"name":"Accueil","item":"https:\/\/partiesw.com\/"},{"@type":"ListItem","position":2,"name":"Boutique","item":"https:\/\/partiesw.com\/evenements\/boutique\/"},{"@type":"ListItem","position":3,"name":"D\u00e9co Compl\u00e8te anniversaire Make a wish : All in black"}]},{"@type":"WebSite","@id":"https:\/\/partiesw.com\/#website","url":"https:\/\/partiesw.com\/","name":"PartiesWardrobe","description":"The party experts","publisher":{"@id":"https:\/\/partiesw.com\/#organization"},"potentialAction":[{"@type":"SearchAction","target":{"@type":"EntryPoint","urlTemplate":"https:\/\/partiesw.com\/?s={search_term_string}"},"query-input":{"@type":"PropertyValueSpecification","valueRequired":true,"valueName":"search_term_string"}}],"inLanguage":"ar"},{"@type":"Organization","@id":"https:\/\/partiesw.com\/#organization","name":"Partieswardrobe","url":"https:\/\/partiesw.com\/","logo":{"@type":"ImageObject","inLanguage":"ar","@id":"https:\/\/partiesw.com\/#\/schema\/logo\/image\/","url":"https:\/\/partiesw.com\/wp-content\/uploads\/2020\/09\/logo.png","contentUrl":"https:\/\/partiesw.com\/wp-content\/uploads\/2020\/09\/logo.png","width":280,"height":127,"caption":"Partieswardrobe"},"image":{"@id":"https:\/\/partiesw.com\/#\/schema\/logo\/image\/"}}]}},"_links":{"self":[{"href":"https:\/\/partiesw.com\/ar\/wp-json\/wp\/v2\/product\/4907","targetHints":{"allow":["GET"]}}],"collection":[{"href":"https:\/\/partiesw.com\/ar\/wp-json\/wp\/v2\/product"}],"about":[{"href":"https:\/\/partiesw.com\/ar\/wp-json\/wp\/v2\/types\/product"}],"replies":[{"embeddable":true,"href":"https:\/\/partiesw.com\/ar\/wp-json\/wp\/v2\/comments?post=4907"}],"wp:featuredmedia":[{"embeddable":true,"href":"https:\/\/partiesw.com\/ar\/wp-json\/wp\/v2\/media\/4711"}],"wp:attachment":[{"href":"https:\/\/partiesw.com\/ar\/wp-json\/wp\/v2\/media?parent=4907"}],"wp:term":[{"taxonomy":"product_brand","embeddable":true,"href":"https:\/\/partiesw.com\/ar\/wp-json\/wp\/v2\/product_brand?post=4907"},{"taxonomy":"product_cat","embeddable":true,"href":"https:\/\/partiesw.com\/ar\/wp-json\/wp\/v2\/product_cat?post=4907"},{"taxonomy":"product_tag","embeddable":true,"href":"https:\/\/partiesw.com\/ar\/wp-json\/wp\/v2\/product_tag?post=4907"}],"curies":[{"name":"wp","href":"https:\/\/api.w.org\/{rel}","templated":true}]}}