{"id":4895,"date":"2024-01-11T03:46:21","date_gmt":"2024-01-11T03:46:21","guid":{"rendered":"https:\/\/partiesw.com\/?post_type=product&#038;p=4895"},"modified":"2026-01-15T14:47:07","modified_gmt":"2026-01-15T14:47:07","slug":"theme-football","status":"publish","type":"product","link":"https:\/\/partiesw.com\/ar\/evenements\/boutique\/anniversaire\/adulte\/theme-football\/","title":{"rendered":"Anniversaire gar\u00e7on un an th\u00e8me football"},"content":{"rendered":"<p>Cette d\u00e9coration est pour tous les amateurs de football. Le pack comporte:<\/p>\n<ul>\n<li>1 ballon chiffre 1 vert<\/li>\n<li>2 petits ballon aluminium forme football.<\/li>\n<li>2 ballons aluminium noir et blanc.<\/li>\n<li>1 ballon de petite taille en forme d&rsquo;\u00e9toile.<\/li>\n<li>5 ballons vert de diferentes tailles<\/li>\n<li>5 ballons noir de diferentes tailles<\/li>\n<li>5 ballons blanc de diferentes tailles<\/li>\n<\/ul>","protected":false},"excerpt":{"rendered":"<p>Composants du pack:<\/p>\n<ul>\n<li>1 ballon chiffre 1 vert<\/li>\n<li>2 petits ballon aluminium forme football.<\/li>\n<li>2 ballons aluminium noir et blanc.<\/li>\n<li>1 ballon de petite taille en forme d&rsquo;\u00e9toile.<\/li>\n<li>5 ballons vert de diferentes tailles<\/li>\n<li>5 ballons noir de diferentes tailles<\/li>\n<li>5 ballons blanc de diferentes tailles<\/li>\n<\/ul>","protected":false},"featured_media":4896,"comment_status":"open","ping_status":"closed","template":"","meta":{"_acf_changed":false,"_bbp_topic_count":0,"_bbp_reply_count":0,"_bbp_total_topic_count":0,"_bbp_total_reply_count":0,"_bbp_voice_count":0,"_bbp_anonymous_reply_count":0,"_bbp_topic_count_hidden":0,"_bbp_reply_count_hidden":0,"_bbp_forum_subforum_count":0},"product_brand":[],"product_cat":[34,23,35],"product_tag":[88],"class_list":{"0":"post-4895","1":"product","2":"type-product","3":"status-publish","4":"has-post-thumbnail","6":"product_cat-adulte","7":"product_cat-anniversaire","8":"product_cat-enfants","9":"product_tag-anniversaire","11":"first","12":"outofstock","13":"sale","14":"shipping-taxable","15":"purchasable","16":"product-type-simple"},"acf":[],"yoast_head":"<!-- This site is optimized with the Yoast SEO plugin v27.3 - https:\/\/yoast.com\/product\/yoast-seo-wordpress\/ -->\n<title>Anniversaire gar\u00e7on un an th\u00e8me football | PartiesWardrobe<\/title>\n<meta name=\"description\" content=\"Un anniversaire en th\u00e8me football de quoi faire r\u00eaver votre petit gar\u00e7on. Profitez des promos sur nos articles et accessoires.\" \/>\n<meta name=\"robots\" content=\"index, follow, max-snippet:-1, max-image-preview:large, max-video-preview:-1\" \/>\n<link rel=\"canonical\" href=\"https:\/\/partiesw.com\/ar\/evenements\/boutique\/anniversaire\/adulte\/theme-football\/\" \/>\n<meta property=\"og:locale\" content=\"ar_AR\" \/>\n<meta property=\"og:type\" content=\"article\" \/>\n<meta property=\"og:title\" content=\"Anniversaire gar\u00e7on un an th\u00e8me football | PartiesWardrobe\" \/>\n<meta property=\"og:description\" content=\"Un anniversaire en th\u00e8me football de quoi faire r\u00eaver votre petit gar\u00e7on. Profitez des promos sur nos articles et accessoires.\" \/>\n<meta property=\"og:url\" content=\"https:\/\/partiesw.com\/ar\/evenements\/boutique\/anniversaire\/adulte\/theme-football\/\" \/>\n<meta property=\"og:site_name\" content=\"PartiesWardrobe\" \/>\n<meta property=\"article:modified_time\" content=\"2026-01-15T14:47:07+00:00\" \/>\n<meta property=\"og:image\" content=\"https:\/\/partiesw.com\/wp-content\/uploads\/2024\/01\/WhatsApp-Image-2024-01-10-at-3.46.23-PM-2.jpeg\" \/>\n\t<meta property=\"og:image:width\" content=\"735\" \/>\n\t<meta property=\"og:image:height\" content=\"833\" \/>\n\t<meta property=\"og:image:type\" content=\"image\/jpeg\" \/>\n<meta name=\"twitter:card\" content=\"summary_large_image\" \/>\n<meta name=\"twitter:label1\" content=\"\u0648\u0642\u062a \u0627\u0644\u0642\u0631\u0627\u0621\u0629 \u0627\u0644\u0645\u064f\u0642\u062f\u0651\u0631\" \/>\n\t<meta name=\"twitter:data1\" content=\"\u062f\u0642\u064a\u0642\u0629 \u0648\u0627\u062d\u062f\u0629\" \/>\n<script type=\"application\/ld+json\" class=\"yoast-schema-graph\">{\"@context\":\"https:\\\/\\\/schema.org\",\"@graph\":[{\"@type\":\"WebPage\",\"@id\":\"https:\\\/\\\/partiesw.com\\\/evenements\\\/boutique\\\/anniversaire\\\/adulte\\\/theme-football\\\/\",\"url\":\"https:\\\/\\\/partiesw.com\\\/evenements\\\/boutique\\\/anniversaire\\\/adulte\\\/theme-football\\\/\",\"name\":\"Anniversaire gar\u00e7on un an th\u00e8me football | PartiesWardrobe\",\"isPartOf\":{\"@id\":\"https:\\\/\\\/partiesw.com\\\/#website\"},\"primaryImageOfPage\":{\"@id\":\"https:\\\/\\\/partiesw.com\\\/evenements\\\/boutique\\\/anniversaire\\\/adulte\\\/theme-football\\\/#primaryimage\"},\"image\":{\"@id\":\"https:\\\/\\\/partiesw.com\\\/evenements\\\/boutique\\\/anniversaire\\\/adulte\\\/theme-football\\\/#primaryimage\"},\"thumbnailUrl\":\"https:\\\/\\\/partiesw.com\\\/wp-content\\\/uploads\\\/2024\\\/01\\\/WhatsApp-Image-2024-01-10-at-3.46.23-PM-2.jpeg\",\"datePublished\":\"2024-01-11T03:46:21+00:00\",\"dateModified\":\"2026-01-15T14:47:07+00:00\",\"description\":\"Un anniversaire en th\u00e8me football de quoi faire r\u00eaver votre petit gar\u00e7on. Profitez des promos sur nos articles et accessoires.\",\"breadcrumb\":{\"@id\":\"https:\\\/\\\/partiesw.com\\\/evenements\\\/boutique\\\/anniversaire\\\/adulte\\\/theme-football\\\/#breadcrumb\"},\"inLanguage\":\"ar\",\"potentialAction\":[{\"@type\":\"ReadAction\",\"target\":[\"https:\\\/\\\/partiesw.com\\\/evenements\\\/boutique\\\/anniversaire\\\/adulte\\\/theme-football\\\/\"]}]},{\"@type\":\"ImageObject\",\"inLanguage\":\"ar\",\"@id\":\"https:\\\/\\\/partiesw.com\\\/evenements\\\/boutique\\\/anniversaire\\\/adulte\\\/theme-football\\\/#primaryimage\",\"url\":\"https:\\\/\\\/partiesw.com\\\/wp-content\\\/uploads\\\/2024\\\/01\\\/WhatsApp-Image-2024-01-10-at-3.46.23-PM-2.jpeg\",\"contentUrl\":\"https:\\\/\\\/partiesw.com\\\/wp-content\\\/uploads\\\/2024\\\/01\\\/WhatsApp-Image-2024-01-10-at-3.46.23-PM-2.jpeg\",\"width\":735,\"height\":833},{\"@type\":\"BreadcrumbList\",\"@id\":\"https:\\\/\\\/partiesw.com\\\/evenements\\\/boutique\\\/anniversaire\\\/adulte\\\/theme-football\\\/#breadcrumb\",\"itemListElement\":[{\"@type\":\"ListItem\",\"position\":1,\"name\":\"Accueil\",\"item\":\"https:\\\/\\\/partiesw.com\\\/\"},{\"@type\":\"ListItem\",\"position\":2,\"name\":\"Boutique\",\"item\":\"https:\\\/\\\/partiesw.com\\\/evenements\\\/boutique\\\/\"},{\"@type\":\"ListItem\",\"position\":3,\"name\":\"Anniversaire gar\u00e7on un an th\u00e8me football\"}]},{\"@type\":\"WebSite\",\"@id\":\"https:\\\/\\\/partiesw.com\\\/#website\",\"url\":\"https:\\\/\\\/partiesw.com\\\/\",\"name\":\"PartiesWardrobe\",\"description\":\"The party experts\",\"publisher\":{\"@id\":\"https:\\\/\\\/partiesw.com\\\/#organization\"},\"potentialAction\":[{\"@type\":\"SearchAction\",\"target\":{\"@type\":\"EntryPoint\",\"urlTemplate\":\"https:\\\/\\\/partiesw.com\\\/?s={search_term_string}\"},\"query-input\":{\"@type\":\"PropertyValueSpecification\",\"valueRequired\":true,\"valueName\":\"search_term_string\"}}],\"inLanguage\":\"ar\"},{\"@type\":\"Organization\",\"@id\":\"https:\\\/\\\/partiesw.com\\\/#organization\",\"name\":\"Partieswardrobe\",\"url\":\"https:\\\/\\\/partiesw.com\\\/\",\"logo\":{\"@type\":\"ImageObject\",\"inLanguage\":\"ar\",\"@id\":\"https:\\\/\\\/partiesw.com\\\/#\\\/schema\\\/logo\\\/image\\\/\",\"url\":\"https:\\\/\\\/partiesw.com\\\/wp-content\\\/uploads\\\/2020\\\/09\\\/logo.png\",\"contentUrl\":\"https:\\\/\\\/partiesw.com\\\/wp-content\\\/uploads\\\/2020\\\/09\\\/logo.png\",\"width\":280,\"height\":127,\"caption\":\"Partieswardrobe\"},\"image\":{\"@id\":\"https:\\\/\\\/partiesw.com\\\/#\\\/schema\\\/logo\\\/image\\\/\"}}]}<\/script>\n<!-- \/ Yoast SEO plugin. -->","yoast_head_json":{"title":"Anniversaire gar\u00e7on un an th\u00e8me football | PartiesWardrobe","description":"Un anniversaire en th\u00e8me football de quoi faire r\u00eaver votre petit gar\u00e7on. Profitez des promos sur nos articles et accessoires.","robots":{"index":"index","follow":"follow","max-snippet":"max-snippet:-1","max-image-preview":"max-image-preview:large","max-video-preview":"max-video-preview:-1"},"canonical":"https:\/\/partiesw.com\/ar\/evenements\/boutique\/anniversaire\/adulte\/theme-football\/","og_locale":"ar_AR","og_type":"article","og_title":"Anniversaire gar\u00e7on un an th\u00e8me football | PartiesWardrobe","og_description":"Un anniversaire en th\u00e8me football de quoi faire r\u00eaver votre petit gar\u00e7on. Profitez des promos sur nos articles et accessoires.","og_url":"https:\/\/partiesw.com\/ar\/evenements\/boutique\/anniversaire\/adulte\/theme-football\/","og_site_name":"PartiesWardrobe","article_modified_time":"2026-01-15T14:47:07+00:00","og_image":[{"width":735,"height":833,"url":"https:\/\/partiesw.com\/wp-content\/uploads\/2024\/01\/WhatsApp-Image-2024-01-10-at-3.46.23-PM-2.jpeg","type":"image\/jpeg"}],"twitter_card":"summary_large_image","twitter_misc":{"\u0648\u0642\u062a \u0627\u0644\u0642\u0631\u0627\u0621\u0629 \u0627\u0644\u0645\u064f\u0642\u062f\u0651\u0631":"\u062f\u0642\u064a\u0642\u0629 \u0648\u0627\u062d\u062f\u0629"},"schema":{"@context":"https:\/\/schema.org","@graph":[{"@type":"WebPage","@id":"https:\/\/partiesw.com\/evenements\/boutique\/anniversaire\/adulte\/theme-football\/","url":"https:\/\/partiesw.com\/evenements\/boutique\/anniversaire\/adulte\/theme-football\/","name":"Anniversaire gar\u00e7on un an th\u00e8me football | PartiesWardrobe","isPartOf":{"@id":"https:\/\/partiesw.com\/#website"},"primaryImageOfPage":{"@id":"https:\/\/partiesw.com\/evenements\/boutique\/anniversaire\/adulte\/theme-football\/#primaryimage"},"image":{"@id":"https:\/\/partiesw.com\/evenements\/boutique\/anniversaire\/adulte\/theme-football\/#primaryimage"},"thumbnailUrl":"https:\/\/partiesw.com\/wp-content\/uploads\/2024\/01\/WhatsApp-Image-2024-01-10-at-3.46.23-PM-2.jpeg","datePublished":"2024-01-11T03:46:21+00:00","dateModified":"2026-01-15T14:47:07+00:00","description":"Un anniversaire en th\u00e8me football de quoi faire r\u00eaver votre petit gar\u00e7on. Profitez des promos sur nos articles et accessoires.","breadcrumb":{"@id":"https:\/\/partiesw.com\/evenements\/boutique\/anniversaire\/adulte\/theme-football\/#breadcrumb"},"inLanguage":"ar","potentialAction":[{"@type":"ReadAction","target":["https:\/\/partiesw.com\/evenements\/boutique\/anniversaire\/adulte\/theme-football\/"]}]},{"@type":"ImageObject","inLanguage":"ar","@id":"https:\/\/partiesw.com\/evenements\/boutique\/anniversaire\/adulte\/theme-football\/#primaryimage","url":"https:\/\/partiesw.com\/wp-content\/uploads\/2024\/01\/WhatsApp-Image-2024-01-10-at-3.46.23-PM-2.jpeg","contentUrl":"https:\/\/partiesw.com\/wp-content\/uploads\/2024\/01\/WhatsApp-Image-2024-01-10-at-3.46.23-PM-2.jpeg","width":735,"height":833},{"@type":"BreadcrumbList","@id":"https:\/\/partiesw.com\/evenements\/boutique\/anniversaire\/adulte\/theme-football\/#breadcrumb","itemListElement":[{"@type":"ListItem","position":1,"name":"Accueil","item":"https:\/\/partiesw.com\/"},{"@type":"ListItem","position":2,"name":"Boutique","item":"https:\/\/partiesw.com\/evenements\/boutique\/"},{"@type":"ListItem","position":3,"name":"Anniversaire gar\u00e7on un an th\u00e8me football"}]},{"@type":"WebSite","@id":"https:\/\/partiesw.com\/#website","url":"https:\/\/partiesw.com\/","name":"PartiesWardrobe","description":"The party experts","publisher":{"@id":"https:\/\/partiesw.com\/#organization"},"potentialAction":[{"@type":"SearchAction","target":{"@type":"EntryPoint","urlTemplate":"https:\/\/partiesw.com\/?s={search_term_string}"},"query-input":{"@type":"PropertyValueSpecification","valueRequired":true,"valueName":"search_term_string"}}],"inLanguage":"ar"},{"@type":"Organization","@id":"https:\/\/partiesw.com\/#organization","name":"Partieswardrobe","url":"https:\/\/partiesw.com\/","logo":{"@type":"ImageObject","inLanguage":"ar","@id":"https:\/\/partiesw.com\/#\/schema\/logo\/image\/","url":"https:\/\/partiesw.com\/wp-content\/uploads\/2020\/09\/logo.png","contentUrl":"https:\/\/partiesw.com\/wp-content\/uploads\/2020\/09\/logo.png","width":280,"height":127,"caption":"Partieswardrobe"},"image":{"@id":"https:\/\/partiesw.com\/#\/schema\/logo\/image\/"}}]}},"_links":{"self":[{"href":"https:\/\/partiesw.com\/ar\/wp-json\/wp\/v2\/product\/4895","targetHints":{"allow":["GET"]}}],"collection":[{"href":"https:\/\/partiesw.com\/ar\/wp-json\/wp\/v2\/product"}],"about":[{"href":"https:\/\/partiesw.com\/ar\/wp-json\/wp\/v2\/types\/product"}],"replies":[{"embeddable":true,"href":"https:\/\/partiesw.com\/ar\/wp-json\/wp\/v2\/comments?post=4895"}],"wp:featuredmedia":[{"embeddable":true,"href":"https:\/\/partiesw.com\/ar\/wp-json\/wp\/v2\/media\/4896"}],"wp:attachment":[{"href":"https:\/\/partiesw.com\/ar\/wp-json\/wp\/v2\/media?parent=4895"}],"wp:term":[{"taxonomy":"product_brand","embeddable":true,"href":"https:\/\/partiesw.com\/ar\/wp-json\/wp\/v2\/product_brand?post=4895"},{"taxonomy":"product_cat","embeddable":true,"href":"https:\/\/partiesw.com\/ar\/wp-json\/wp\/v2\/product_cat?post=4895"},{"taxonomy":"product_tag","embeddable":true,"href":"https:\/\/partiesw.com\/ar\/wp-json\/wp\/v2\/product_tag?post=4895"}],"curies":[{"name":"wp","href":"https:\/\/api.w.org\/{rel}","templated":true}]}}