{"id":4651,"date":"2023-10-22T10:25:27","date_gmt":"2023-10-22T10:25:27","guid":{"rendered":"https:\/\/partiesw.com\/?post_type=product&#038;p=4651"},"modified":"2025-11-28T22:22:55","modified_gmt":"2025-11-28T22:22:55","slug":"deco-chambre-baby","status":"publish","type":"product","link":"https:\/\/partiesw.com\/ar\/evenements\/boutique\/box\/deco-chambre-baby\/","title":{"rendered":"D\u00e9coration chambre de b\u00e9b\u00e9 welcome home"},"content":{"rendered":"<p>C\u00e9l\u00e9brez l&rsquo;arriv\u00e9e de votre b\u00e9b\u00e9 avec une d\u00e9coration partaite, f\u0113tez la venue de votre petit prince ou princesse et commandez votre set.<\/p>\n<p>le set d\u00e9co chambre baby est disponible en deux versions: gar\u00e7on ou fille.<\/p>","protected":false},"excerpt":{"rendered":"<p>Composants du pack :<\/p>\n<ul>\n<li>Ballon oh baby<\/li>\n<li>1 ballon forme lune<\/li>\n<li>1 ballon baby boy ou baby girl<\/li>\n<li>1 ballon g\u00e9ant transparent\u00a0 avec confettis<\/li>\n<li>Assortiment 10 ballons en 3 couleurs<\/li>\n<\/ul>\n<p>&nbsp;<\/p>\n<p>N.B: Le set est livr\u00e9 emball\u00e9 avec ballons d\u00e9gonfl\u00e9s!<\/p>","protected":false},"featured_media":5033,"comment_status":"open","ping_status":"closed","template":"","meta":{"_acf_changed":false,"_bbp_topic_count":0,"_bbp_reply_count":0,"_bbp_total_topic_count":0,"_bbp_total_reply_count":0,"_bbp_voice_count":0,"_bbp_anonymous_reply_count":0,"_bbp_topic_count_hidden":0,"_bbp_reply_count_hidden":0,"_bbp_forum_subforum_count":0},"product_brand":[],"product_cat":[32,31],"product_tag":[],"class_list":{"0":"post-4651","1":"product","2":"type-product","3":"status-publish","4":"has-post-thumbnail","6":"product_cat-babyshower","7":"product_cat-box","9":"first","10":"instock","11":"sale","12":"shipping-taxable","13":"purchasable","14":"product-type-variable"},"acf":[],"yoast_head":"<!-- This site is optimized with the Yoast SEO plugin v27.4 - https:\/\/yoast.com\/product\/yoast-seo-wordpress\/ -->\n<title>Baby shower | D\u00e9coration chambre de b\u00e9b\u00e9 welcome home | PartiesWardrobe<\/title>\n<meta name=\"description\" content=\"L&#039;arriv\u00e9e d&#039;un nouveau n\u00e9 \u00e7a se fete, retrouvez toute la d\u00e9coration qui vous faut pour la d\u00e9co de chambre de b\u00e9b\u00e9 . Passez votre commande !\" \/>\n<meta name=\"robots\" content=\"index, follow, max-snippet:-1, max-image-preview:large, max-video-preview:-1\" \/>\n<link rel=\"canonical\" href=\"https:\/\/partiesw.com\/ar\/evenements\/boutique\/box\/deco-chambre-baby\/\" \/>\n<meta property=\"og:locale\" content=\"ar_AR\" \/>\n<meta property=\"og:type\" content=\"article\" \/>\n<meta property=\"og:title\" content=\"Baby shower | D\u00e9coration chambre de b\u00e9b\u00e9 welcome home | PartiesWardrobe\" \/>\n<meta property=\"og:description\" content=\"L&#039;arriv\u00e9e d&#039;un nouveau n\u00e9 \u00e7a se fete, retrouvez toute la d\u00e9coration qui vous faut pour la d\u00e9co de chambre de b\u00e9b\u00e9 . Passez votre commande !\" \/>\n<meta property=\"og:url\" content=\"https:\/\/partiesw.com\/ar\/evenements\/boutique\/box\/deco-chambre-baby\/\" \/>\n<meta property=\"og:site_name\" content=\"PartiesWardrobe\" \/>\n<meta property=\"article:modified_time\" content=\"2025-11-28T22:22:55+00:00\" \/>\n<meta property=\"og:image\" content=\"https:\/\/partiesw.com\/wp-content\/uploads\/2023\/10\/telechargement-31.jpg\" \/>\n\t<meta property=\"og:image:width\" content=\"735\" \/>\n\t<meta property=\"og:image:height\" content=\"903\" \/>\n\t<meta property=\"og:image:type\" content=\"image\/jpeg\" \/>\n<meta name=\"twitter:card\" content=\"summary_large_image\" \/>\n<meta name=\"twitter:label1\" content=\"\u0648\u0642\u062a \u0627\u0644\u0642\u0631\u0627\u0621\u0629 \u0627\u0644\u0645\u064f\u0642\u062f\u0651\u0631\" \/>\n\t<meta name=\"twitter:data1\" content=\"\u062f\u0642\u064a\u0642\u0629 \u0648\u0627\u062d\u062f\u0629\" \/>\n<script type=\"application\/ld+json\" class=\"yoast-schema-graph\">{\"@context\":\"https:\\\/\\\/schema.org\",\"@graph\":[{\"@type\":\"WebPage\",\"@id\":\"https:\\\/\\\/partiesw.com\\\/evenements\\\/boutique\\\/box\\\/deco-chambre-baby\\\/\",\"url\":\"https:\\\/\\\/partiesw.com\\\/evenements\\\/boutique\\\/box\\\/deco-chambre-baby\\\/\",\"name\":\"Baby shower | D\u00e9coration chambre de b\u00e9b\u00e9 welcome home | PartiesWardrobe\",\"isPartOf\":{\"@id\":\"https:\\\/\\\/partiesw.com\\\/#website\"},\"primaryImageOfPage\":{\"@id\":\"https:\\\/\\\/partiesw.com\\\/evenements\\\/boutique\\\/box\\\/deco-chambre-baby\\\/#primaryimage\"},\"image\":{\"@id\":\"https:\\\/\\\/partiesw.com\\\/evenements\\\/boutique\\\/box\\\/deco-chambre-baby\\\/#primaryimage\"},\"thumbnailUrl\":\"https:\\\/\\\/partiesw.com\\\/wp-content\\\/uploads\\\/2023\\\/10\\\/telechargement-31.jpg\",\"datePublished\":\"2023-10-22T10:25:27+00:00\",\"dateModified\":\"2025-11-28T22:22:55+00:00\",\"description\":\"L'arriv\u00e9e d'un nouveau n\u00e9 \u00e7a se fete, retrouvez toute la d\u00e9coration qui vous faut pour la d\u00e9co de chambre de b\u00e9b\u00e9 . Passez votre commande !\",\"breadcrumb\":{\"@id\":\"https:\\\/\\\/partiesw.com\\\/evenements\\\/boutique\\\/box\\\/deco-chambre-baby\\\/#breadcrumb\"},\"inLanguage\":\"ar\",\"potentialAction\":[{\"@type\":\"ReadAction\",\"target\":[\"https:\\\/\\\/partiesw.com\\\/evenements\\\/boutique\\\/box\\\/deco-chambre-baby\\\/\"]}]},{\"@type\":\"ImageObject\",\"inLanguage\":\"ar\",\"@id\":\"https:\\\/\\\/partiesw.com\\\/evenements\\\/boutique\\\/box\\\/deco-chambre-baby\\\/#primaryimage\",\"url\":\"https:\\\/\\\/partiesw.com\\\/wp-content\\\/uploads\\\/2023\\\/10\\\/telechargement-31.jpg\",\"contentUrl\":\"https:\\\/\\\/partiesw.com\\\/wp-content\\\/uploads\\\/2023\\\/10\\\/telechargement-31.jpg\",\"width\":735,\"height\":903},{\"@type\":\"BreadcrumbList\",\"@id\":\"https:\\\/\\\/partiesw.com\\\/evenements\\\/boutique\\\/box\\\/deco-chambre-baby\\\/#breadcrumb\",\"itemListElement\":[{\"@type\":\"ListItem\",\"position\":1,\"name\":\"Accueil\",\"item\":\"https:\\\/\\\/partiesw.com\\\/\"},{\"@type\":\"ListItem\",\"position\":2,\"name\":\"Boutique\",\"item\":\"https:\\\/\\\/partiesw.com\\\/evenements\\\/boutique\\\/\"},{\"@type\":\"ListItem\",\"position\":3,\"name\":\"D\u00e9coration chambre de b\u00e9b\u00e9 welcome home\"}]},{\"@type\":\"WebSite\",\"@id\":\"https:\\\/\\\/partiesw.com\\\/#website\",\"url\":\"https:\\\/\\\/partiesw.com\\\/\",\"name\":\"PartiesWardrobe\",\"description\":\"The party experts\",\"publisher\":{\"@id\":\"https:\\\/\\\/partiesw.com\\\/#organization\"},\"potentialAction\":[{\"@type\":\"SearchAction\",\"target\":{\"@type\":\"EntryPoint\",\"urlTemplate\":\"https:\\\/\\\/partiesw.com\\\/?s={search_term_string}\"},\"query-input\":{\"@type\":\"PropertyValueSpecification\",\"valueRequired\":true,\"valueName\":\"search_term_string\"}}],\"inLanguage\":\"ar\"},{\"@type\":\"Organization\",\"@id\":\"https:\\\/\\\/partiesw.com\\\/#organization\",\"name\":\"Partieswardrobe\",\"url\":\"https:\\\/\\\/partiesw.com\\\/\",\"logo\":{\"@type\":\"ImageObject\",\"inLanguage\":\"ar\",\"@id\":\"https:\\\/\\\/partiesw.com\\\/#\\\/schema\\\/logo\\\/image\\\/\",\"url\":\"https:\\\/\\\/partiesw.com\\\/wp-content\\\/uploads\\\/2020\\\/09\\\/logo.png\",\"contentUrl\":\"https:\\\/\\\/partiesw.com\\\/wp-content\\\/uploads\\\/2020\\\/09\\\/logo.png\",\"width\":280,\"height\":127,\"caption\":\"Partieswardrobe\"},\"image\":{\"@id\":\"https:\\\/\\\/partiesw.com\\\/#\\\/schema\\\/logo\\\/image\\\/\"}}]}<\/script>\n<!-- \/ Yoast SEO plugin. -->","yoast_head_json":{"title":"Baby shower | D\u00e9coration chambre de b\u00e9b\u00e9 welcome home | PartiesWardrobe","description":"L'arriv\u00e9e d'un nouveau n\u00e9 \u00e7a se fete, retrouvez toute la d\u00e9coration qui vous faut pour la d\u00e9co de chambre de b\u00e9b\u00e9 . Passez votre commande !","robots":{"index":"index","follow":"follow","max-snippet":"max-snippet:-1","max-image-preview":"max-image-preview:large","max-video-preview":"max-video-preview:-1"},"canonical":"https:\/\/partiesw.com\/ar\/evenements\/boutique\/box\/deco-chambre-baby\/","og_locale":"ar_AR","og_type":"article","og_title":"Baby shower | D\u00e9coration chambre de b\u00e9b\u00e9 welcome home | PartiesWardrobe","og_description":"L'arriv\u00e9e d'un nouveau n\u00e9 \u00e7a se fete, retrouvez toute la d\u00e9coration qui vous faut pour la d\u00e9co de chambre de b\u00e9b\u00e9 . Passez votre commande !","og_url":"https:\/\/partiesw.com\/ar\/evenements\/boutique\/box\/deco-chambre-baby\/","og_site_name":"PartiesWardrobe","article_modified_time":"2025-11-28T22:22:55+00:00","og_image":[{"width":735,"height":903,"url":"https:\/\/partiesw.com\/wp-content\/uploads\/2023\/10\/telechargement-31.jpg","type":"image\/jpeg"}],"twitter_card":"summary_large_image","twitter_misc":{"\u0648\u0642\u062a \u0627\u0644\u0642\u0631\u0627\u0621\u0629 \u0627\u0644\u0645\u064f\u0642\u062f\u0651\u0631":"\u062f\u0642\u064a\u0642\u0629 \u0648\u0627\u062d\u062f\u0629"},"schema":{"@context":"https:\/\/schema.org","@graph":[{"@type":"WebPage","@id":"https:\/\/partiesw.com\/evenements\/boutique\/box\/deco-chambre-baby\/","url":"https:\/\/partiesw.com\/evenements\/boutique\/box\/deco-chambre-baby\/","name":"Baby shower | D\u00e9coration chambre de b\u00e9b\u00e9 welcome home | PartiesWardrobe","isPartOf":{"@id":"https:\/\/partiesw.com\/#website"},"primaryImageOfPage":{"@id":"https:\/\/partiesw.com\/evenements\/boutique\/box\/deco-chambre-baby\/#primaryimage"},"image":{"@id":"https:\/\/partiesw.com\/evenements\/boutique\/box\/deco-chambre-baby\/#primaryimage"},"thumbnailUrl":"https:\/\/partiesw.com\/wp-content\/uploads\/2023\/10\/telechargement-31.jpg","datePublished":"2023-10-22T10:25:27+00:00","dateModified":"2025-11-28T22:22:55+00:00","description":"L'arriv\u00e9e d'un nouveau n\u00e9 \u00e7a se fete, retrouvez toute la d\u00e9coration qui vous faut pour la d\u00e9co de chambre de b\u00e9b\u00e9 . Passez votre commande !","breadcrumb":{"@id":"https:\/\/partiesw.com\/evenements\/boutique\/box\/deco-chambre-baby\/#breadcrumb"},"inLanguage":"ar","potentialAction":[{"@type":"ReadAction","target":["https:\/\/partiesw.com\/evenements\/boutique\/box\/deco-chambre-baby\/"]}]},{"@type":"ImageObject","inLanguage":"ar","@id":"https:\/\/partiesw.com\/evenements\/boutique\/box\/deco-chambre-baby\/#primaryimage","url":"https:\/\/partiesw.com\/wp-content\/uploads\/2023\/10\/telechargement-31.jpg","contentUrl":"https:\/\/partiesw.com\/wp-content\/uploads\/2023\/10\/telechargement-31.jpg","width":735,"height":903},{"@type":"BreadcrumbList","@id":"https:\/\/partiesw.com\/evenements\/boutique\/box\/deco-chambre-baby\/#breadcrumb","itemListElement":[{"@type":"ListItem","position":1,"name":"Accueil","item":"https:\/\/partiesw.com\/"},{"@type":"ListItem","position":2,"name":"Boutique","item":"https:\/\/partiesw.com\/evenements\/boutique\/"},{"@type":"ListItem","position":3,"name":"D\u00e9coration chambre de b\u00e9b\u00e9 welcome home"}]},{"@type":"WebSite","@id":"https:\/\/partiesw.com\/#website","url":"https:\/\/partiesw.com\/","name":"PartiesWardrobe","description":"The party experts","publisher":{"@id":"https:\/\/partiesw.com\/#organization"},"potentialAction":[{"@type":"SearchAction","target":{"@type":"EntryPoint","urlTemplate":"https:\/\/partiesw.com\/?s={search_term_string}"},"query-input":{"@type":"PropertyValueSpecification","valueRequired":true,"valueName":"search_term_string"}}],"inLanguage":"ar"},{"@type":"Organization","@id":"https:\/\/partiesw.com\/#organization","name":"Partieswardrobe","url":"https:\/\/partiesw.com\/","logo":{"@type":"ImageObject","inLanguage":"ar","@id":"https:\/\/partiesw.com\/#\/schema\/logo\/image\/","url":"https:\/\/partiesw.com\/wp-content\/uploads\/2020\/09\/logo.png","contentUrl":"https:\/\/partiesw.com\/wp-content\/uploads\/2020\/09\/logo.png","width":280,"height":127,"caption":"Partieswardrobe"},"image":{"@id":"https:\/\/partiesw.com\/#\/schema\/logo\/image\/"}}]}},"_links":{"self":[{"href":"https:\/\/partiesw.com\/ar\/wp-json\/wp\/v2\/product\/4651","targetHints":{"allow":["GET"]}}],"collection":[{"href":"https:\/\/partiesw.com\/ar\/wp-json\/wp\/v2\/product"}],"about":[{"href":"https:\/\/partiesw.com\/ar\/wp-json\/wp\/v2\/types\/product"}],"replies":[{"embeddable":true,"href":"https:\/\/partiesw.com\/ar\/wp-json\/wp\/v2\/comments?post=4651"}],"wp:featuredmedia":[{"embeddable":true,"href":"https:\/\/partiesw.com\/ar\/wp-json\/wp\/v2\/media\/5033"}],"wp:attachment":[{"href":"https:\/\/partiesw.com\/ar\/wp-json\/wp\/v2\/media?parent=4651"}],"wp:term":[{"taxonomy":"product_brand","embeddable":true,"href":"https:\/\/partiesw.com\/ar\/wp-json\/wp\/v2\/product_brand?post=4651"},{"taxonomy":"product_cat","embeddable":true,"href":"https:\/\/partiesw.com\/ar\/wp-json\/wp\/v2\/product_cat?post=4651"},{"taxonomy":"product_tag","embeddable":true,"href":"https:\/\/partiesw.com\/ar\/wp-json\/wp\/v2\/product_tag?post=4651"}],"curies":[{"name":"wp","href":"https:\/\/api.w.org\/{rel}","templated":true}]}}