{"id":4586,"date":"2023-10-17T12:33:41","date_gmt":"2023-10-17T12:33:41","guid":{"rendered":"https:\/\/partiesw.com\/?post_type=product&#038;p=4586"},"modified":"2026-01-05T14:18:36","modified_gmt":"2026-01-05T14:18:36","slug":"anniversaire-bebe-1an-theme-bleu","status":"publish","type":"product","link":"https:\/\/partiesw.com\/ar\/evenements\/boutique\/anniversaire\/enfants\/anniversaire-bebe-1an-theme-bleu\/","title":{"rendered":"Anniversaire bebe 1an bleu roi"},"content":{"rendered":"<p>Le th\u00e8me bleu roi est l&rsquo;un de nos best sellers pour la d\u00e9co b\u00e9b\u00e9 1 an.<br \/>\nVoici les composants :<\/p>\n<ul>\n<li>Banni\u00e8re en carton Happy birthday blanc dor\u00e9<\/li>\n<li>10 ballons simples bleu<\/li>\n<li>5 ballons m\u00e9talliques dor\u00e9<\/li>\n<li>2 ballons aluminium blanc<\/li>\n<li>Couronne 1 bleu<\/li>\n<\/ul>","protected":false},"excerpt":{"rendered":"<p>F\u00eatez l&rsquo;anniversaire un an de votre petit prince avec une d\u00e9coration exceptionnelle.<\/p>\n<ul>\n<li>Voici les composants :\n<ul>\n<li>Banni\u00e8re en carton Happy birthday blanc dor\u00e9<\/li>\n<li>10 ballons simples bleu<\/li>\n<li>5 ballons m\u00e9talliques dor\u00e9<\/li>\n<li>2 ballons aluminium blanc<\/li>\n<li>Couronne 1 bleu<\/li>\n<\/ul>\n<\/li>\n<\/ul>\n<p>Merci de noter que le pack est livr\u00e9 emball\u00e9 avec ballons d\u00e9gonfl\u00e9s.<\/p>","protected":false},"featured_media":4587,"comment_status":"open","ping_status":"closed","template":"","meta":{"_acf_changed":false,"_bbp_topic_count":0,"_bbp_reply_count":0,"_bbp_total_topic_count":0,"_bbp_total_reply_count":0,"_bbp_voice_count":0,"_bbp_anonymous_reply_count":0,"_bbp_topic_count_hidden":0,"_bbp_reply_count_hidden":0,"_bbp_forum_subforum_count":0},"product_brand":[],"product_cat":[23,36,35],"product_tag":[],"class_list":{"0":"post-4586","1":"product","2":"type-product","3":"status-publish","4":"has-post-thumbnail","6":"product_cat-anniversaire","7":"product_cat-one","8":"product_cat-enfants","10":"first","11":"instock","12":"shipping-taxable","13":"purchasable","14":"product-type-simple"},"acf":[],"yoast_head":"<!-- This site is optimized with the Yoast SEO plugin v27.4 - https:\/\/yoast.com\/product\/yoast-seo-wordpress\/ -->\n<title>Anniversaire un an | Anniversaire bebe 1an bleu roi | PartiesWardrobe<\/title>\n<meta name=\"description\" content=\"F\u00eatez l&#039;anniversaire un an de votre petit prince avec une d\u00e9coration exceptionnelle. Retrouvez un large choix d&#039;accessoires et de couleurs.\" \/>\n<meta name=\"robots\" content=\"index, follow, max-snippet:-1, max-image-preview:large, max-video-preview:-1\" \/>\n<link rel=\"canonical\" href=\"https:\/\/partiesw.com\/ar\/evenements\/boutique\/anniversaire\/enfants\/anniversaire-bebe-1an-theme-bleu\/\" \/>\n<meta property=\"og:locale\" content=\"ar_AR\" \/>\n<meta property=\"og:type\" content=\"article\" \/>\n<meta property=\"og:title\" content=\"Anniversaire un an | Anniversaire bebe 1an bleu roi | PartiesWardrobe\" \/>\n<meta property=\"og:description\" content=\"F\u00eatez l&#039;anniversaire un an de votre petit prince avec une d\u00e9coration exceptionnelle. Retrouvez un large choix d&#039;accessoires et de couleurs.\" \/>\n<meta property=\"og:url\" content=\"https:\/\/partiesw.com\/ar\/evenements\/boutique\/anniversaire\/enfants\/anniversaire-bebe-1an-theme-bleu\/\" \/>\n<meta property=\"og:site_name\" content=\"PartiesWardrobe\" \/>\n<meta property=\"article:modified_time\" content=\"2026-01-05T14:18:36+00:00\" \/>\n<meta property=\"og:image\" content=\"https:\/\/partiesw.com\/wp-content\/uploads\/2023\/10\/NJ-CAKE-SMASH-STARRY-NIGHT-CAKE-SMASH-LOVELY-DAZE-PHOTOGRAPHY-\u2014-e1697546890703.jpg\" \/>\n\t<meta property=\"og:image:width\" content=\"736\" \/>\n\t<meta property=\"og:image:height\" content=\"973\" \/>\n\t<meta property=\"og:image:type\" content=\"image\/jpeg\" \/>\n<meta name=\"twitter:card\" content=\"summary_large_image\" \/>\n<meta name=\"twitter:label1\" content=\"\u0648\u0642\u062a \u0627\u0644\u0642\u0631\u0627\u0621\u0629 \u0627\u0644\u0645\u064f\u0642\u062f\u0651\u0631\" \/>\n\t<meta name=\"twitter:data1\" content=\"\u062f\u0642\u064a\u0642\u0629 \u0648\u0627\u062d\u062f\u0629\" \/>\n<script type=\"application\/ld+json\" class=\"yoast-schema-graph\">{\"@context\":\"https:\\\/\\\/schema.org\",\"@graph\":[{\"@type\":\"WebPage\",\"@id\":\"https:\\\/\\\/partiesw.com\\\/evenements\\\/boutique\\\/anniversaire\\\/enfants\\\/anniversaire-bebe-1an-theme-bleu\\\/\",\"url\":\"https:\\\/\\\/partiesw.com\\\/evenements\\\/boutique\\\/anniversaire\\\/enfants\\\/anniversaire-bebe-1an-theme-bleu\\\/\",\"name\":\"Anniversaire un an | Anniversaire bebe 1an bleu roi | PartiesWardrobe\",\"isPartOf\":{\"@id\":\"https:\\\/\\\/partiesw.com\\\/#website\"},\"primaryImageOfPage\":{\"@id\":\"https:\\\/\\\/partiesw.com\\\/evenements\\\/boutique\\\/anniversaire\\\/enfants\\\/anniversaire-bebe-1an-theme-bleu\\\/#primaryimage\"},\"image\":{\"@id\":\"https:\\\/\\\/partiesw.com\\\/evenements\\\/boutique\\\/anniversaire\\\/enfants\\\/anniversaire-bebe-1an-theme-bleu\\\/#primaryimage\"},\"thumbnailUrl\":\"https:\\\/\\\/partiesw.com\\\/wp-content\\\/uploads\\\/2023\\\/10\\\/NJ-CAKE-SMASH-STARRY-NIGHT-CAKE-SMASH-LOVELY-DAZE-PHOTOGRAPHY-\u2014-e1697546890703.jpg\",\"datePublished\":\"2023-10-17T12:33:41+00:00\",\"dateModified\":\"2026-01-05T14:18:36+00:00\",\"description\":\"F\u00eatez l'anniversaire un an de votre petit prince avec une d\u00e9coration exceptionnelle. Retrouvez un large choix d'accessoires et de couleurs.\",\"breadcrumb\":{\"@id\":\"https:\\\/\\\/partiesw.com\\\/evenements\\\/boutique\\\/anniversaire\\\/enfants\\\/anniversaire-bebe-1an-theme-bleu\\\/#breadcrumb\"},\"inLanguage\":\"ar\",\"potentialAction\":[{\"@type\":\"ReadAction\",\"target\":[\"https:\\\/\\\/partiesw.com\\\/evenements\\\/boutique\\\/anniversaire\\\/enfants\\\/anniversaire-bebe-1an-theme-bleu\\\/\"]}]},{\"@type\":\"ImageObject\",\"inLanguage\":\"ar\",\"@id\":\"https:\\\/\\\/partiesw.com\\\/evenements\\\/boutique\\\/anniversaire\\\/enfants\\\/anniversaire-bebe-1an-theme-bleu\\\/#primaryimage\",\"url\":\"https:\\\/\\\/partiesw.com\\\/wp-content\\\/uploads\\\/2023\\\/10\\\/NJ-CAKE-SMASH-STARRY-NIGHT-CAKE-SMASH-LOVELY-DAZE-PHOTOGRAPHY-\u2014-e1697546890703.jpg\",\"contentUrl\":\"https:\\\/\\\/partiesw.com\\\/wp-content\\\/uploads\\\/2023\\\/10\\\/NJ-CAKE-SMASH-STARRY-NIGHT-CAKE-SMASH-LOVELY-DAZE-PHOTOGRAPHY-\u2014-e1697546890703.jpg\",\"width\":736,\"height\":973},{\"@type\":\"BreadcrumbList\",\"@id\":\"https:\\\/\\\/partiesw.com\\\/evenements\\\/boutique\\\/anniversaire\\\/enfants\\\/anniversaire-bebe-1an-theme-bleu\\\/#breadcrumb\",\"itemListElement\":[{\"@type\":\"ListItem\",\"position\":1,\"name\":\"Accueil\",\"item\":\"https:\\\/\\\/partiesw.com\\\/\"},{\"@type\":\"ListItem\",\"position\":2,\"name\":\"Boutique\",\"item\":\"https:\\\/\\\/partiesw.com\\\/evenements\\\/boutique\\\/\"},{\"@type\":\"ListItem\",\"position\":3,\"name\":\"Anniversaire bebe 1an bleu roi\"}]},{\"@type\":\"WebSite\",\"@id\":\"https:\\\/\\\/partiesw.com\\\/#website\",\"url\":\"https:\\\/\\\/partiesw.com\\\/\",\"name\":\"PartiesWardrobe\",\"description\":\"The party experts\",\"publisher\":{\"@id\":\"https:\\\/\\\/partiesw.com\\\/#organization\"},\"potentialAction\":[{\"@type\":\"SearchAction\",\"target\":{\"@type\":\"EntryPoint\",\"urlTemplate\":\"https:\\\/\\\/partiesw.com\\\/?s={search_term_string}\"},\"query-input\":{\"@type\":\"PropertyValueSpecification\",\"valueRequired\":true,\"valueName\":\"search_term_string\"}}],\"inLanguage\":\"ar\"},{\"@type\":\"Organization\",\"@id\":\"https:\\\/\\\/partiesw.com\\\/#organization\",\"name\":\"Partieswardrobe\",\"url\":\"https:\\\/\\\/partiesw.com\\\/\",\"logo\":{\"@type\":\"ImageObject\",\"inLanguage\":\"ar\",\"@id\":\"https:\\\/\\\/partiesw.com\\\/#\\\/schema\\\/logo\\\/image\\\/\",\"url\":\"https:\\\/\\\/partiesw.com\\\/wp-content\\\/uploads\\\/2020\\\/09\\\/logo.png\",\"contentUrl\":\"https:\\\/\\\/partiesw.com\\\/wp-content\\\/uploads\\\/2020\\\/09\\\/logo.png\",\"width\":280,\"height\":127,\"caption\":\"Partieswardrobe\"},\"image\":{\"@id\":\"https:\\\/\\\/partiesw.com\\\/#\\\/schema\\\/logo\\\/image\\\/\"}}]}<\/script>\n<!-- \/ Yoast SEO plugin. -->","yoast_head_json":{"title":"Anniversaire un an | Anniversaire bebe 1an bleu roi | PartiesWardrobe","description":"F\u00eatez l'anniversaire un an de votre petit prince avec une d\u00e9coration exceptionnelle. Retrouvez un large choix d'accessoires et de couleurs.","robots":{"index":"index","follow":"follow","max-snippet":"max-snippet:-1","max-image-preview":"max-image-preview:large","max-video-preview":"max-video-preview:-1"},"canonical":"https:\/\/partiesw.com\/ar\/evenements\/boutique\/anniversaire\/enfants\/anniversaire-bebe-1an-theme-bleu\/","og_locale":"ar_AR","og_type":"article","og_title":"Anniversaire un an | Anniversaire bebe 1an bleu roi | PartiesWardrobe","og_description":"F\u00eatez l'anniversaire un an de votre petit prince avec une d\u00e9coration exceptionnelle. Retrouvez un large choix d'accessoires et de couleurs.","og_url":"https:\/\/partiesw.com\/ar\/evenements\/boutique\/anniversaire\/enfants\/anniversaire-bebe-1an-theme-bleu\/","og_site_name":"PartiesWardrobe","article_modified_time":"2026-01-05T14:18:36+00:00","og_image":[{"width":736,"height":973,"url":"https:\/\/partiesw.com\/wp-content\/uploads\/2023\/10\/NJ-CAKE-SMASH-STARRY-NIGHT-CAKE-SMASH-LOVELY-DAZE-PHOTOGRAPHY-\u2014-e1697546890703.jpg","type":"image\/jpeg"}],"twitter_card":"summary_large_image","twitter_misc":{"\u0648\u0642\u062a \u0627\u0644\u0642\u0631\u0627\u0621\u0629 \u0627\u0644\u0645\u064f\u0642\u062f\u0651\u0631":"\u062f\u0642\u064a\u0642\u0629 \u0648\u0627\u062d\u062f\u0629"},"schema":{"@context":"https:\/\/schema.org","@graph":[{"@type":"WebPage","@id":"https:\/\/partiesw.com\/evenements\/boutique\/anniversaire\/enfants\/anniversaire-bebe-1an-theme-bleu\/","url":"https:\/\/partiesw.com\/evenements\/boutique\/anniversaire\/enfants\/anniversaire-bebe-1an-theme-bleu\/","name":"Anniversaire un an | Anniversaire bebe 1an bleu roi | PartiesWardrobe","isPartOf":{"@id":"https:\/\/partiesw.com\/#website"},"primaryImageOfPage":{"@id":"https:\/\/partiesw.com\/evenements\/boutique\/anniversaire\/enfants\/anniversaire-bebe-1an-theme-bleu\/#primaryimage"},"image":{"@id":"https:\/\/partiesw.com\/evenements\/boutique\/anniversaire\/enfants\/anniversaire-bebe-1an-theme-bleu\/#primaryimage"},"thumbnailUrl":"https:\/\/partiesw.com\/wp-content\/uploads\/2023\/10\/NJ-CAKE-SMASH-STARRY-NIGHT-CAKE-SMASH-LOVELY-DAZE-PHOTOGRAPHY-\u2014-e1697546890703.jpg","datePublished":"2023-10-17T12:33:41+00:00","dateModified":"2026-01-05T14:18:36+00:00","description":"F\u00eatez l'anniversaire un an de votre petit prince avec une d\u00e9coration exceptionnelle. Retrouvez un large choix d'accessoires et de couleurs.","breadcrumb":{"@id":"https:\/\/partiesw.com\/evenements\/boutique\/anniversaire\/enfants\/anniversaire-bebe-1an-theme-bleu\/#breadcrumb"},"inLanguage":"ar","potentialAction":[{"@type":"ReadAction","target":["https:\/\/partiesw.com\/evenements\/boutique\/anniversaire\/enfants\/anniversaire-bebe-1an-theme-bleu\/"]}]},{"@type":"ImageObject","inLanguage":"ar","@id":"https:\/\/partiesw.com\/evenements\/boutique\/anniversaire\/enfants\/anniversaire-bebe-1an-theme-bleu\/#primaryimage","url":"https:\/\/partiesw.com\/wp-content\/uploads\/2023\/10\/NJ-CAKE-SMASH-STARRY-NIGHT-CAKE-SMASH-LOVELY-DAZE-PHOTOGRAPHY-\u2014-e1697546890703.jpg","contentUrl":"https:\/\/partiesw.com\/wp-content\/uploads\/2023\/10\/NJ-CAKE-SMASH-STARRY-NIGHT-CAKE-SMASH-LOVELY-DAZE-PHOTOGRAPHY-\u2014-e1697546890703.jpg","width":736,"height":973},{"@type":"BreadcrumbList","@id":"https:\/\/partiesw.com\/evenements\/boutique\/anniversaire\/enfants\/anniversaire-bebe-1an-theme-bleu\/#breadcrumb","itemListElement":[{"@type":"ListItem","position":1,"name":"Accueil","item":"https:\/\/partiesw.com\/"},{"@type":"ListItem","position":2,"name":"Boutique","item":"https:\/\/partiesw.com\/evenements\/boutique\/"},{"@type":"ListItem","position":3,"name":"Anniversaire bebe 1an bleu roi"}]},{"@type":"WebSite","@id":"https:\/\/partiesw.com\/#website","url":"https:\/\/partiesw.com\/","name":"PartiesWardrobe","description":"The party experts","publisher":{"@id":"https:\/\/partiesw.com\/#organization"},"potentialAction":[{"@type":"SearchAction","target":{"@type":"EntryPoint","urlTemplate":"https:\/\/partiesw.com\/?s={search_term_string}"},"query-input":{"@type":"PropertyValueSpecification","valueRequired":true,"valueName":"search_term_string"}}],"inLanguage":"ar"},{"@type":"Organization","@id":"https:\/\/partiesw.com\/#organization","name":"Partieswardrobe","url":"https:\/\/partiesw.com\/","logo":{"@type":"ImageObject","inLanguage":"ar","@id":"https:\/\/partiesw.com\/#\/schema\/logo\/image\/","url":"https:\/\/partiesw.com\/wp-content\/uploads\/2020\/09\/logo.png","contentUrl":"https:\/\/partiesw.com\/wp-content\/uploads\/2020\/09\/logo.png","width":280,"height":127,"caption":"Partieswardrobe"},"image":{"@id":"https:\/\/partiesw.com\/#\/schema\/logo\/image\/"}}]}},"_links":{"self":[{"href":"https:\/\/partiesw.com\/ar\/wp-json\/wp\/v2\/product\/4586","targetHints":{"allow":["GET"]}}],"collection":[{"href":"https:\/\/partiesw.com\/ar\/wp-json\/wp\/v2\/product"}],"about":[{"href":"https:\/\/partiesw.com\/ar\/wp-json\/wp\/v2\/types\/product"}],"replies":[{"embeddable":true,"href":"https:\/\/partiesw.com\/ar\/wp-json\/wp\/v2\/comments?post=4586"}],"wp:featuredmedia":[{"embeddable":true,"href":"https:\/\/partiesw.com\/ar\/wp-json\/wp\/v2\/media\/4587"}],"wp:attachment":[{"href":"https:\/\/partiesw.com\/ar\/wp-json\/wp\/v2\/media?parent=4586"}],"wp:term":[{"taxonomy":"product_brand","embeddable":true,"href":"https:\/\/partiesw.com\/ar\/wp-json\/wp\/v2\/product_brand?post=4586"},{"taxonomy":"product_cat","embeddable":true,"href":"https:\/\/partiesw.com\/ar\/wp-json\/wp\/v2\/product_cat?post=4586"},{"taxonomy":"product_tag","embeddable":true,"href":"https:\/\/partiesw.com\/ar\/wp-json\/wp\/v2\/product_tag?post=4586"}],"curies":[{"name":"wp","href":"https:\/\/api.w.org\/{rel}","templated":true}]}}