{"id":4484,"date":"2023-10-08T08:40:14","date_gmt":"2023-10-08T08:40:14","guid":{"rendered":"https:\/\/partiesw.com\/?post_type=product&#038;p=4484"},"modified":"2024-10-21T08:23:08","modified_gmt":"2024-10-21T08:23:08","slug":"set-essentiel-gender-reveal","status":"publish","type":"product","link":"https:\/\/partiesw.com\/ar\/evenements\/boutique\/box\/genderreveal\/set-essentiel-gender-reveal\/","title":{"rendered":"Set ballon noir a confettis Gender reveal"},"content":{"rendered":"<p style=\"text-align: left;\">Composantes du SET :<\/p>\n<ul>\n<li>1 Ballon noir gender reveal de 36&Prime; avec confettis (bleu et rose)<\/li>\n<li>1 Bandouli\u00e8re Mummy to be blanche<\/li>\n<li>1 Pack 10 ballons rose\u00a0 et bleu<\/li>\n<\/ul>\n<p>&nbsp;<\/p>","protected":false},"excerpt":{"rendered":"<p>R\u00e9v\u00e9lez le sexe de votre b\u00e9b\u00e9 de fa\u00e7on originale, commandez votre set en ligne avec ballon noir \u00e0 confettis bleu ou rose et faites la surprise \u00e0 vos proches.<\/p>\n<p style=\"text-align: center;\">Alors ? c&rsquo;est un gar\u00e7on ou une fille ?<\/p>\n<p>Composantes du SET :<\/p>\n<ul>\n<li>1 Ballon noir gender reveal de 36&Prime; avec confettis (bleu et rose)<\/li>\n<li>\u00a01 Bandouli\u00e8re Mummy to be blanche<\/li>\n<li>1 Pack 10 ballons rose clair et bleu clair<\/li>\n<\/ul>\n<p>&nbsp;<\/p>","protected":false},"featured_media":5018,"comment_status":"open","ping_status":"closed","template":"","meta":{"_acf_changed":false,"_bbp_topic_count":0,"_bbp_reply_count":0,"_bbp_total_topic_count":0,"_bbp_total_reply_count":0,"_bbp_voice_count":0,"_bbp_anonymous_reply_count":0,"_bbp_topic_count_hidden":0,"_bbp_reply_count_hidden":0,"_bbp_forum_subforum_count":0},"product_brand":[],"product_cat":[32,51],"product_tag":[],"class_list":{"0":"post-4484","1":"product","2":"type-product","3":"status-publish","4":"has-post-thumbnail","6":"product_cat-babyshower","7":"product_cat-genderreveal","9":"first","10":"outofstock","11":"sale","12":"shipping-taxable","13":"purchasable","14":"product-type-simple"},"acf":[],"yoast_head":"<!-- This site is optimized with the Yoast SEO plugin v27.4 - https:\/\/yoast.com\/product\/yoast-seo-wordpress\/ -->\n<title>Ballon noir | Set ballon noir a confettis Gender reveal | PartiesWardrobe<\/title>\n<meta name=\"description\" content=\"A la recherche du fameux ballon noir pour votre r\u00e9v\u00e9lation b\u00e9b\u00e9 avec une d\u00e9coration originale ? Nous avons ce qu&#039;il faut ! RDV sur notre site web.\" \/>\n<meta name=\"robots\" content=\"index, follow, max-snippet:-1, max-image-preview:large, max-video-preview:-1\" \/>\n<link rel=\"canonical\" href=\"https:\/\/partiesw.com\/ar\/evenements\/boutique\/box\/genderreveal\/set-essentiel-gender-reveal\/\" \/>\n<meta property=\"og:locale\" content=\"ar_AR\" \/>\n<meta property=\"og:type\" content=\"article\" \/>\n<meta property=\"og:title\" content=\"Ballon noir | Set ballon noir a confettis Gender reveal | PartiesWardrobe\" \/>\n<meta property=\"og:description\" content=\"A la recherche du fameux ballon noir pour votre r\u00e9v\u00e9lation b\u00e9b\u00e9 avec une d\u00e9coration originale ? Nous avons ce qu&#039;il faut ! RDV sur notre site web.\" \/>\n<meta property=\"og:url\" content=\"https:\/\/partiesw.com\/ar\/evenements\/boutique\/box\/genderreveal\/set-essentiel-gender-reveal\/\" \/>\n<meta property=\"og:site_name\" content=\"PartiesWardrobe\" \/>\n<meta property=\"article:modified_time\" content=\"2024-10-21T08:23:08+00:00\" \/>\n<meta property=\"og:image\" content=\"https:\/\/partiesw.com\/wp-content\/uploads\/2023\/10\/Adorable-Ideas-for-a-Unique-Gender-Reveal-Party.jpg\" \/>\n\t<meta property=\"og:image:width\" content=\"736\" \/>\n\t<meta property=\"og:image:height\" content=\"898\" \/>\n\t<meta property=\"og:image:type\" content=\"image\/jpeg\" \/>\n<meta name=\"twitter:card\" content=\"summary_large_image\" \/>\n<meta name=\"twitter:label1\" content=\"\u0648\u0642\u062a \u0627\u0644\u0642\u0631\u0627\u0621\u0629 \u0627\u0644\u0645\u064f\u0642\u062f\u0651\u0631\" \/>\n\t<meta name=\"twitter:data1\" content=\"\u062f\u0642\u064a\u0642\u0629 \u0648\u0627\u062d\u062f\u0629\" \/>\n<script type=\"application\/ld+json\" class=\"yoast-schema-graph\">{\"@context\":\"https:\\\/\\\/schema.org\",\"@graph\":[{\"@type\":\"WebPage\",\"@id\":\"https:\\\/\\\/partiesw.com\\\/evenements\\\/boutique\\\/box\\\/genderreveal\\\/set-essentiel-gender-reveal\\\/\",\"url\":\"https:\\\/\\\/partiesw.com\\\/evenements\\\/boutique\\\/box\\\/genderreveal\\\/set-essentiel-gender-reveal\\\/\",\"name\":\"Ballon noir | Set ballon noir a confettis Gender reveal | PartiesWardrobe\",\"isPartOf\":{\"@id\":\"https:\\\/\\\/partiesw.com\\\/#website\"},\"primaryImageOfPage\":{\"@id\":\"https:\\\/\\\/partiesw.com\\\/evenements\\\/boutique\\\/box\\\/genderreveal\\\/set-essentiel-gender-reveal\\\/#primaryimage\"},\"image\":{\"@id\":\"https:\\\/\\\/partiesw.com\\\/evenements\\\/boutique\\\/box\\\/genderreveal\\\/set-essentiel-gender-reveal\\\/#primaryimage\"},\"thumbnailUrl\":\"https:\\\/\\\/partiesw.com\\\/wp-content\\\/uploads\\\/2023\\\/10\\\/Adorable-Ideas-for-a-Unique-Gender-Reveal-Party.jpg\",\"datePublished\":\"2023-10-08T08:40:14+00:00\",\"dateModified\":\"2024-10-21T08:23:08+00:00\",\"description\":\"A la recherche du fameux ballon noir pour votre r\u00e9v\u00e9lation b\u00e9b\u00e9 avec une d\u00e9coration originale ? Nous avons ce qu'il faut ! RDV sur notre site web.\",\"breadcrumb\":{\"@id\":\"https:\\\/\\\/partiesw.com\\\/evenements\\\/boutique\\\/box\\\/genderreveal\\\/set-essentiel-gender-reveal\\\/#breadcrumb\"},\"inLanguage\":\"ar\",\"potentialAction\":[{\"@type\":\"ReadAction\",\"target\":[\"https:\\\/\\\/partiesw.com\\\/evenements\\\/boutique\\\/box\\\/genderreveal\\\/set-essentiel-gender-reveal\\\/\"]}]},{\"@type\":\"ImageObject\",\"inLanguage\":\"ar\",\"@id\":\"https:\\\/\\\/partiesw.com\\\/evenements\\\/boutique\\\/box\\\/genderreveal\\\/set-essentiel-gender-reveal\\\/#primaryimage\",\"url\":\"https:\\\/\\\/partiesw.com\\\/wp-content\\\/uploads\\\/2023\\\/10\\\/Adorable-Ideas-for-a-Unique-Gender-Reveal-Party.jpg\",\"contentUrl\":\"https:\\\/\\\/partiesw.com\\\/wp-content\\\/uploads\\\/2023\\\/10\\\/Adorable-Ideas-for-a-Unique-Gender-Reveal-Party.jpg\",\"width\":736,\"height\":898},{\"@type\":\"BreadcrumbList\",\"@id\":\"https:\\\/\\\/partiesw.com\\\/evenements\\\/boutique\\\/box\\\/genderreveal\\\/set-essentiel-gender-reveal\\\/#breadcrumb\",\"itemListElement\":[{\"@type\":\"ListItem\",\"position\":1,\"name\":\"Accueil\",\"item\":\"https:\\\/\\\/partiesw.com\\\/\"},{\"@type\":\"ListItem\",\"position\":2,\"name\":\"Boutique\",\"item\":\"https:\\\/\\\/partiesw.com\\\/evenements\\\/boutique\\\/\"},{\"@type\":\"ListItem\",\"position\":3,\"name\":\"Set ballon noir a confettis Gender reveal\"}]},{\"@type\":\"WebSite\",\"@id\":\"https:\\\/\\\/partiesw.com\\\/#website\",\"url\":\"https:\\\/\\\/partiesw.com\\\/\",\"name\":\"PartiesWardrobe\",\"description\":\"The party experts\",\"publisher\":{\"@id\":\"https:\\\/\\\/partiesw.com\\\/#organization\"},\"potentialAction\":[{\"@type\":\"SearchAction\",\"target\":{\"@type\":\"EntryPoint\",\"urlTemplate\":\"https:\\\/\\\/partiesw.com\\\/?s={search_term_string}\"},\"query-input\":{\"@type\":\"PropertyValueSpecification\",\"valueRequired\":true,\"valueName\":\"search_term_string\"}}],\"inLanguage\":\"ar\"},{\"@type\":\"Organization\",\"@id\":\"https:\\\/\\\/partiesw.com\\\/#organization\",\"name\":\"Partieswardrobe\",\"url\":\"https:\\\/\\\/partiesw.com\\\/\",\"logo\":{\"@type\":\"ImageObject\",\"inLanguage\":\"ar\",\"@id\":\"https:\\\/\\\/partiesw.com\\\/#\\\/schema\\\/logo\\\/image\\\/\",\"url\":\"https:\\\/\\\/partiesw.com\\\/wp-content\\\/uploads\\\/2020\\\/09\\\/logo.png\",\"contentUrl\":\"https:\\\/\\\/partiesw.com\\\/wp-content\\\/uploads\\\/2020\\\/09\\\/logo.png\",\"width\":280,\"height\":127,\"caption\":\"Partieswardrobe\"},\"image\":{\"@id\":\"https:\\\/\\\/partiesw.com\\\/#\\\/schema\\\/logo\\\/image\\\/\"}}]}<\/script>\n<!-- \/ Yoast SEO plugin. -->","yoast_head_json":{"title":"Ballon noir | Set ballon noir a confettis Gender reveal | PartiesWardrobe","description":"A la recherche du fameux ballon noir pour votre r\u00e9v\u00e9lation b\u00e9b\u00e9 avec une d\u00e9coration originale ? Nous avons ce qu'il faut ! RDV sur notre site web.","robots":{"index":"index","follow":"follow","max-snippet":"max-snippet:-1","max-image-preview":"max-image-preview:large","max-video-preview":"max-video-preview:-1"},"canonical":"https:\/\/partiesw.com\/ar\/evenements\/boutique\/box\/genderreveal\/set-essentiel-gender-reveal\/","og_locale":"ar_AR","og_type":"article","og_title":"Ballon noir | Set ballon noir a confettis Gender reveal | PartiesWardrobe","og_description":"A la recherche du fameux ballon noir pour votre r\u00e9v\u00e9lation b\u00e9b\u00e9 avec une d\u00e9coration originale ? Nous avons ce qu'il faut ! RDV sur notre site web.","og_url":"https:\/\/partiesw.com\/ar\/evenements\/boutique\/box\/genderreveal\/set-essentiel-gender-reveal\/","og_site_name":"PartiesWardrobe","article_modified_time":"2024-10-21T08:23:08+00:00","og_image":[{"width":736,"height":898,"url":"https:\/\/partiesw.com\/wp-content\/uploads\/2023\/10\/Adorable-Ideas-for-a-Unique-Gender-Reveal-Party.jpg","type":"image\/jpeg"}],"twitter_card":"summary_large_image","twitter_misc":{"\u0648\u0642\u062a \u0627\u0644\u0642\u0631\u0627\u0621\u0629 \u0627\u0644\u0645\u064f\u0642\u062f\u0651\u0631":"\u062f\u0642\u064a\u0642\u0629 \u0648\u0627\u062d\u062f\u0629"},"schema":{"@context":"https:\/\/schema.org","@graph":[{"@type":"WebPage","@id":"https:\/\/partiesw.com\/evenements\/boutique\/box\/genderreveal\/set-essentiel-gender-reveal\/","url":"https:\/\/partiesw.com\/evenements\/boutique\/box\/genderreveal\/set-essentiel-gender-reveal\/","name":"Ballon noir | Set ballon noir a confettis Gender reveal | PartiesWardrobe","isPartOf":{"@id":"https:\/\/partiesw.com\/#website"},"primaryImageOfPage":{"@id":"https:\/\/partiesw.com\/evenements\/boutique\/box\/genderreveal\/set-essentiel-gender-reveal\/#primaryimage"},"image":{"@id":"https:\/\/partiesw.com\/evenements\/boutique\/box\/genderreveal\/set-essentiel-gender-reveal\/#primaryimage"},"thumbnailUrl":"https:\/\/partiesw.com\/wp-content\/uploads\/2023\/10\/Adorable-Ideas-for-a-Unique-Gender-Reveal-Party.jpg","datePublished":"2023-10-08T08:40:14+00:00","dateModified":"2024-10-21T08:23:08+00:00","description":"A la recherche du fameux ballon noir pour votre r\u00e9v\u00e9lation b\u00e9b\u00e9 avec une d\u00e9coration originale ? Nous avons ce qu'il faut ! RDV sur notre site web.","breadcrumb":{"@id":"https:\/\/partiesw.com\/evenements\/boutique\/box\/genderreveal\/set-essentiel-gender-reveal\/#breadcrumb"},"inLanguage":"ar","potentialAction":[{"@type":"ReadAction","target":["https:\/\/partiesw.com\/evenements\/boutique\/box\/genderreveal\/set-essentiel-gender-reveal\/"]}]},{"@type":"ImageObject","inLanguage":"ar","@id":"https:\/\/partiesw.com\/evenements\/boutique\/box\/genderreveal\/set-essentiel-gender-reveal\/#primaryimage","url":"https:\/\/partiesw.com\/wp-content\/uploads\/2023\/10\/Adorable-Ideas-for-a-Unique-Gender-Reveal-Party.jpg","contentUrl":"https:\/\/partiesw.com\/wp-content\/uploads\/2023\/10\/Adorable-Ideas-for-a-Unique-Gender-Reveal-Party.jpg","width":736,"height":898},{"@type":"BreadcrumbList","@id":"https:\/\/partiesw.com\/evenements\/boutique\/box\/genderreveal\/set-essentiel-gender-reveal\/#breadcrumb","itemListElement":[{"@type":"ListItem","position":1,"name":"Accueil","item":"https:\/\/partiesw.com\/"},{"@type":"ListItem","position":2,"name":"Boutique","item":"https:\/\/partiesw.com\/evenements\/boutique\/"},{"@type":"ListItem","position":3,"name":"Set ballon noir a confettis Gender reveal"}]},{"@type":"WebSite","@id":"https:\/\/partiesw.com\/#website","url":"https:\/\/partiesw.com\/","name":"PartiesWardrobe","description":"The party experts","publisher":{"@id":"https:\/\/partiesw.com\/#organization"},"potentialAction":[{"@type":"SearchAction","target":{"@type":"EntryPoint","urlTemplate":"https:\/\/partiesw.com\/?s={search_term_string}"},"query-input":{"@type":"PropertyValueSpecification","valueRequired":true,"valueName":"search_term_string"}}],"inLanguage":"ar"},{"@type":"Organization","@id":"https:\/\/partiesw.com\/#organization","name":"Partieswardrobe","url":"https:\/\/partiesw.com\/","logo":{"@type":"ImageObject","inLanguage":"ar","@id":"https:\/\/partiesw.com\/#\/schema\/logo\/image\/","url":"https:\/\/partiesw.com\/wp-content\/uploads\/2020\/09\/logo.png","contentUrl":"https:\/\/partiesw.com\/wp-content\/uploads\/2020\/09\/logo.png","width":280,"height":127,"caption":"Partieswardrobe"},"image":{"@id":"https:\/\/partiesw.com\/#\/schema\/logo\/image\/"}}]}},"_links":{"self":[{"href":"https:\/\/partiesw.com\/ar\/wp-json\/wp\/v2\/product\/4484","targetHints":{"allow":["GET"]}}],"collection":[{"href":"https:\/\/partiesw.com\/ar\/wp-json\/wp\/v2\/product"}],"about":[{"href":"https:\/\/partiesw.com\/ar\/wp-json\/wp\/v2\/types\/product"}],"replies":[{"embeddable":true,"href":"https:\/\/partiesw.com\/ar\/wp-json\/wp\/v2\/comments?post=4484"}],"wp:featuredmedia":[{"embeddable":true,"href":"https:\/\/partiesw.com\/ar\/wp-json\/wp\/v2\/media\/5018"}],"wp:attachment":[{"href":"https:\/\/partiesw.com\/ar\/wp-json\/wp\/v2\/media?parent=4484"}],"wp:term":[{"taxonomy":"product_brand","embeddable":true,"href":"https:\/\/partiesw.com\/ar\/wp-json\/wp\/v2\/product_brand?post=4484"},{"taxonomy":"product_cat","embeddable":true,"href":"https:\/\/partiesw.com\/ar\/wp-json\/wp\/v2\/product_cat?post=4484"},{"taxonomy":"product_tag","embeddable":true,"href":"https:\/\/partiesw.com\/ar\/wp-json\/wp\/v2\/product_tag?post=4484"}],"curies":[{"name":"wp","href":"https:\/\/api.w.org\/{rel}","templated":true}]}}