{"id":3524,"date":"2021-12-15T03:29:02","date_gmt":"2021-12-15T03:29:02","guid":{"rendered":"https:\/\/partiesw.com\/?post_type=product&#038;p=3524"},"modified":"2026-04-13T13:19:04","modified_gmt":"2026-04-13T13:19:04","slug":"kit-gender-reveal","status":"publish","type":"product","link":"https:\/\/partiesw.com\/ar\/evenements\/boutique\/box\/genderreveal\/kit-gender-reveal\/","title":{"rendered":"KIT complet Gender reveal Boy or Girl"},"content":{"rendered":"<p>Composantes du KIT :<\/p>\n<ul>\n<li>1 Ballon noir gender reveal de 36&Prime; avec confettis (bleu et rose)<\/li>\n<li>\u00a01 Bandouli\u00e8re Mummy to be blanche<\/li>\n<li>1 Pack 10 ballons rose et bleu<\/li>\n<\/ul>\n<p>&nbsp;<\/p>","protected":false},"excerpt":{"rendered":"<p>R\u00e9v\u00e9lez le sexe de votre b\u00e9b\u00e9 de fa\u00e7on originale, commandez votre set en ligne avec des confettis bleu ou rose et faites la surprise \u00e0 vos proches.<\/p>\n<p>Composantes du KIT :<\/p>\n<ul>\n<li>1 Ballon noir gender reveal de 36&Prime; avec confettis (bleu et rose)<\/li>\n<li>\u00a01 Bandouli\u00e8re Mummy to be blanche<\/li>\n<li>1 Pack 10 ballons rose et bleu<\/li>\n<\/ul>","protected":false},"featured_media":4492,"comment_status":"open","ping_status":"closed","template":"","meta":{"_acf_changed":false,"_bbp_topic_count":0,"_bbp_reply_count":0,"_bbp_total_topic_count":0,"_bbp_total_reply_count":0,"_bbp_voice_count":0,"_bbp_anonymous_reply_count":0,"_bbp_topic_count_hidden":0,"_bbp_reply_count_hidden":0,"_bbp_forum_subforum_count":0},"product_brand":[],"product_cat":[32,51],"product_tag":[],"class_list":{"0":"post-3524","1":"product","2":"type-product","3":"status-publish","4":"has-post-thumbnail","6":"product_cat-babyshower","7":"product_cat-genderreveal","9":"first","10":"instock","11":"shipping-taxable","12":"purchasable","13":"product-type-simple"},"acf":[],"yoast_head":"<!-- This site is optimized with the Yoast SEO plugin v27.4 - https:\/\/yoast.com\/product\/yoast-seo-wordpress\/ -->\n<title>D\u00e9coration r\u00e9v\u00e9lation b\u00e9b\u00e9 | KIT complet Gender reveal Boy or Girl | PartiesWardrobe<\/title>\n<meta name=\"description\" content=\"Enceinte ? Envie d&#039;une r\u00e9v\u00e9lation b\u00e9b\u00e9 avec une d\u00e9coration originale ? Nous avons ce qu&#039;il faut ! RDV sur notre site web.\" \/>\n<meta name=\"robots\" content=\"index, follow, max-snippet:-1, max-image-preview:large, max-video-preview:-1\" \/>\n<link rel=\"canonical\" href=\"https:\/\/partiesw.com\/ar\/evenements\/boutique\/box\/genderreveal\/kit-gender-reveal\/\" \/>\n<meta property=\"og:locale\" content=\"ar_AR\" \/>\n<meta property=\"og:type\" content=\"article\" \/>\n<meta property=\"og:title\" content=\"D\u00e9coration r\u00e9v\u00e9lation b\u00e9b\u00e9 | KIT complet Gender reveal Boy or Girl | PartiesWardrobe\" \/>\n<meta property=\"og:description\" content=\"Enceinte ? Envie d&#039;une r\u00e9v\u00e9lation b\u00e9b\u00e9 avec une d\u00e9coration originale ? Nous avons ce qu&#039;il faut ! RDV sur notre site web.\" \/>\n<meta property=\"og:url\" content=\"https:\/\/partiesw.com\/ar\/evenements\/boutique\/box\/genderreveal\/kit-gender-reveal\/\" \/>\n<meta property=\"og:site_name\" content=\"PartiesWardrobe\" \/>\n<meta property=\"article:modified_time\" content=\"2026-04-13T13:19:04+00:00\" \/>\n<meta property=\"og:image\" content=\"https:\/\/partiesw.com\/wp-content\/uploads\/2021\/12\/f63df7583043cceec1006936375674ff.jpg\" \/>\n\t<meta property=\"og:image:width\" content=\"736\" \/>\n\t<meta property=\"og:image:height\" content=\"736\" \/>\n\t<meta property=\"og:image:type\" content=\"image\/jpeg\" \/>\n<meta name=\"twitter:card\" content=\"summary_large_image\" \/>\n<meta name=\"twitter:label1\" content=\"\u0648\u0642\u062a \u0627\u0644\u0642\u0631\u0627\u0621\u0629 \u0627\u0644\u0645\u064f\u0642\u062f\u0651\u0631\" \/>\n\t<meta name=\"twitter:data1\" content=\"\u062f\u0642\u064a\u0642\u0629 \u0648\u0627\u062d\u062f\u0629\" \/>\n<script type=\"application\/ld+json\" class=\"yoast-schema-graph\">{\"@context\":\"https:\\\/\\\/schema.org\",\"@graph\":[{\"@type\":\"WebPage\",\"@id\":\"https:\\\/\\\/partiesw.com\\\/evenements\\\/boutique\\\/box\\\/genderreveal\\\/kit-gender-reveal\\\/\",\"url\":\"https:\\\/\\\/partiesw.com\\\/evenements\\\/boutique\\\/box\\\/genderreveal\\\/kit-gender-reveal\\\/\",\"name\":\"D\u00e9coration r\u00e9v\u00e9lation b\u00e9b\u00e9 | KIT complet Gender reveal Boy or Girl | PartiesWardrobe\",\"isPartOf\":{\"@id\":\"https:\\\/\\\/partiesw.com\\\/#website\"},\"primaryImageOfPage\":{\"@id\":\"https:\\\/\\\/partiesw.com\\\/evenements\\\/boutique\\\/box\\\/genderreveal\\\/kit-gender-reveal\\\/#primaryimage\"},\"image\":{\"@id\":\"https:\\\/\\\/partiesw.com\\\/evenements\\\/boutique\\\/box\\\/genderreveal\\\/kit-gender-reveal\\\/#primaryimage\"},\"thumbnailUrl\":\"https:\\\/\\\/partiesw.com\\\/wp-content\\\/uploads\\\/2021\\\/12\\\/f63df7583043cceec1006936375674ff.jpg\",\"datePublished\":\"2021-12-15T03:29:02+00:00\",\"dateModified\":\"2026-04-13T13:19:04+00:00\",\"description\":\"Enceinte ? Envie d'une r\u00e9v\u00e9lation b\u00e9b\u00e9 avec une d\u00e9coration originale ? Nous avons ce qu'il faut ! RDV sur notre site web.\",\"breadcrumb\":{\"@id\":\"https:\\\/\\\/partiesw.com\\\/evenements\\\/boutique\\\/box\\\/genderreveal\\\/kit-gender-reveal\\\/#breadcrumb\"},\"inLanguage\":\"ar\",\"potentialAction\":[{\"@type\":\"ReadAction\",\"target\":[\"https:\\\/\\\/partiesw.com\\\/evenements\\\/boutique\\\/box\\\/genderreveal\\\/kit-gender-reveal\\\/\"]}]},{\"@type\":\"ImageObject\",\"inLanguage\":\"ar\",\"@id\":\"https:\\\/\\\/partiesw.com\\\/evenements\\\/boutique\\\/box\\\/genderreveal\\\/kit-gender-reveal\\\/#primaryimage\",\"url\":\"https:\\\/\\\/partiesw.com\\\/wp-content\\\/uploads\\\/2021\\\/12\\\/f63df7583043cceec1006936375674ff.jpg\",\"contentUrl\":\"https:\\\/\\\/partiesw.com\\\/wp-content\\\/uploads\\\/2021\\\/12\\\/f63df7583043cceec1006936375674ff.jpg\",\"width\":736,\"height\":736,\"caption\":\"set complet he she\"},{\"@type\":\"BreadcrumbList\",\"@id\":\"https:\\\/\\\/partiesw.com\\\/evenements\\\/boutique\\\/box\\\/genderreveal\\\/kit-gender-reveal\\\/#breadcrumb\",\"itemListElement\":[{\"@type\":\"ListItem\",\"position\":1,\"name\":\"Accueil\",\"item\":\"https:\\\/\\\/partiesw.com\\\/\"},{\"@type\":\"ListItem\",\"position\":2,\"name\":\"Boutique\",\"item\":\"https:\\\/\\\/partiesw.com\\\/evenements\\\/boutique\\\/\"},{\"@type\":\"ListItem\",\"position\":3,\"name\":\"KIT complet Gender reveal Boy or Girl\"}]},{\"@type\":\"WebSite\",\"@id\":\"https:\\\/\\\/partiesw.com\\\/#website\",\"url\":\"https:\\\/\\\/partiesw.com\\\/\",\"name\":\"PartiesWardrobe\",\"description\":\"The party experts\",\"publisher\":{\"@id\":\"https:\\\/\\\/partiesw.com\\\/#organization\"},\"potentialAction\":[{\"@type\":\"SearchAction\",\"target\":{\"@type\":\"EntryPoint\",\"urlTemplate\":\"https:\\\/\\\/partiesw.com\\\/?s={search_term_string}\"},\"query-input\":{\"@type\":\"PropertyValueSpecification\",\"valueRequired\":true,\"valueName\":\"search_term_string\"}}],\"inLanguage\":\"ar\"},{\"@type\":\"Organization\",\"@id\":\"https:\\\/\\\/partiesw.com\\\/#organization\",\"name\":\"Partieswardrobe\",\"url\":\"https:\\\/\\\/partiesw.com\\\/\",\"logo\":{\"@type\":\"ImageObject\",\"inLanguage\":\"ar\",\"@id\":\"https:\\\/\\\/partiesw.com\\\/#\\\/schema\\\/logo\\\/image\\\/\",\"url\":\"https:\\\/\\\/partiesw.com\\\/wp-content\\\/uploads\\\/2020\\\/09\\\/logo.png\",\"contentUrl\":\"https:\\\/\\\/partiesw.com\\\/wp-content\\\/uploads\\\/2020\\\/09\\\/logo.png\",\"width\":280,\"height\":127,\"caption\":\"Partieswardrobe\"},\"image\":{\"@id\":\"https:\\\/\\\/partiesw.com\\\/#\\\/schema\\\/logo\\\/image\\\/\"}}]}<\/script>\n<!-- \/ Yoast SEO plugin. -->","yoast_head_json":{"title":"D\u00e9coration r\u00e9v\u00e9lation b\u00e9b\u00e9 | KIT complet Gender reveal Boy or Girl | PartiesWardrobe","description":"Enceinte ? Envie d'une r\u00e9v\u00e9lation b\u00e9b\u00e9 avec une d\u00e9coration originale ? Nous avons ce qu'il faut ! RDV sur notre site web.","robots":{"index":"index","follow":"follow","max-snippet":"max-snippet:-1","max-image-preview":"max-image-preview:large","max-video-preview":"max-video-preview:-1"},"canonical":"https:\/\/partiesw.com\/ar\/evenements\/boutique\/box\/genderreveal\/kit-gender-reveal\/","og_locale":"ar_AR","og_type":"article","og_title":"D\u00e9coration r\u00e9v\u00e9lation b\u00e9b\u00e9 | KIT complet Gender reveal Boy or Girl | PartiesWardrobe","og_description":"Enceinte ? Envie d'une r\u00e9v\u00e9lation b\u00e9b\u00e9 avec une d\u00e9coration originale ? Nous avons ce qu'il faut ! RDV sur notre site web.","og_url":"https:\/\/partiesw.com\/ar\/evenements\/boutique\/box\/genderreveal\/kit-gender-reveal\/","og_site_name":"PartiesWardrobe","article_modified_time":"2026-04-13T13:19:04+00:00","og_image":[{"width":736,"height":736,"url":"https:\/\/partiesw.com\/wp-content\/uploads\/2021\/12\/f63df7583043cceec1006936375674ff.jpg","type":"image\/jpeg"}],"twitter_card":"summary_large_image","twitter_misc":{"\u0648\u0642\u062a \u0627\u0644\u0642\u0631\u0627\u0621\u0629 \u0627\u0644\u0645\u064f\u0642\u062f\u0651\u0631":"\u062f\u0642\u064a\u0642\u0629 \u0648\u0627\u062d\u062f\u0629"},"schema":{"@context":"https:\/\/schema.org","@graph":[{"@type":"WebPage","@id":"https:\/\/partiesw.com\/evenements\/boutique\/box\/genderreveal\/kit-gender-reveal\/","url":"https:\/\/partiesw.com\/evenements\/boutique\/box\/genderreveal\/kit-gender-reveal\/","name":"D\u00e9coration r\u00e9v\u00e9lation b\u00e9b\u00e9 | KIT complet Gender reveal Boy or Girl | PartiesWardrobe","isPartOf":{"@id":"https:\/\/partiesw.com\/#website"},"primaryImageOfPage":{"@id":"https:\/\/partiesw.com\/evenements\/boutique\/box\/genderreveal\/kit-gender-reveal\/#primaryimage"},"image":{"@id":"https:\/\/partiesw.com\/evenements\/boutique\/box\/genderreveal\/kit-gender-reveal\/#primaryimage"},"thumbnailUrl":"https:\/\/partiesw.com\/wp-content\/uploads\/2021\/12\/f63df7583043cceec1006936375674ff.jpg","datePublished":"2021-12-15T03:29:02+00:00","dateModified":"2026-04-13T13:19:04+00:00","description":"Enceinte ? Envie d'une r\u00e9v\u00e9lation b\u00e9b\u00e9 avec une d\u00e9coration originale ? Nous avons ce qu'il faut ! RDV sur notre site web.","breadcrumb":{"@id":"https:\/\/partiesw.com\/evenements\/boutique\/box\/genderreveal\/kit-gender-reveal\/#breadcrumb"},"inLanguage":"ar","potentialAction":[{"@type":"ReadAction","target":["https:\/\/partiesw.com\/evenements\/boutique\/box\/genderreveal\/kit-gender-reveal\/"]}]},{"@type":"ImageObject","inLanguage":"ar","@id":"https:\/\/partiesw.com\/evenements\/boutique\/box\/genderreveal\/kit-gender-reveal\/#primaryimage","url":"https:\/\/partiesw.com\/wp-content\/uploads\/2021\/12\/f63df7583043cceec1006936375674ff.jpg","contentUrl":"https:\/\/partiesw.com\/wp-content\/uploads\/2021\/12\/f63df7583043cceec1006936375674ff.jpg","width":736,"height":736,"caption":"set complet he she"},{"@type":"BreadcrumbList","@id":"https:\/\/partiesw.com\/evenements\/boutique\/box\/genderreveal\/kit-gender-reveal\/#breadcrumb","itemListElement":[{"@type":"ListItem","position":1,"name":"Accueil","item":"https:\/\/partiesw.com\/"},{"@type":"ListItem","position":2,"name":"Boutique","item":"https:\/\/partiesw.com\/evenements\/boutique\/"},{"@type":"ListItem","position":3,"name":"KIT complet Gender reveal Boy or Girl"}]},{"@type":"WebSite","@id":"https:\/\/partiesw.com\/#website","url":"https:\/\/partiesw.com\/","name":"PartiesWardrobe","description":"The party experts","publisher":{"@id":"https:\/\/partiesw.com\/#organization"},"potentialAction":[{"@type":"SearchAction","target":{"@type":"EntryPoint","urlTemplate":"https:\/\/partiesw.com\/?s={search_term_string}"},"query-input":{"@type":"PropertyValueSpecification","valueRequired":true,"valueName":"search_term_string"}}],"inLanguage":"ar"},{"@type":"Organization","@id":"https:\/\/partiesw.com\/#organization","name":"Partieswardrobe","url":"https:\/\/partiesw.com\/","logo":{"@type":"ImageObject","inLanguage":"ar","@id":"https:\/\/partiesw.com\/#\/schema\/logo\/image\/","url":"https:\/\/partiesw.com\/wp-content\/uploads\/2020\/09\/logo.png","contentUrl":"https:\/\/partiesw.com\/wp-content\/uploads\/2020\/09\/logo.png","width":280,"height":127,"caption":"Partieswardrobe"},"image":{"@id":"https:\/\/partiesw.com\/#\/schema\/logo\/image\/"}}]}},"_links":{"self":[{"href":"https:\/\/partiesw.com\/ar\/wp-json\/wp\/v2\/product\/3524","targetHints":{"allow":["GET"]}}],"collection":[{"href":"https:\/\/partiesw.com\/ar\/wp-json\/wp\/v2\/product"}],"about":[{"href":"https:\/\/partiesw.com\/ar\/wp-json\/wp\/v2\/types\/product"}],"replies":[{"embeddable":true,"href":"https:\/\/partiesw.com\/ar\/wp-json\/wp\/v2\/comments?post=3524"}],"wp:featuredmedia":[{"embeddable":true,"href":"https:\/\/partiesw.com\/ar\/wp-json\/wp\/v2\/media\/4492"}],"wp:attachment":[{"href":"https:\/\/partiesw.com\/ar\/wp-json\/wp\/v2\/media?parent=3524"}],"wp:term":[{"taxonomy":"product_brand","embeddable":true,"href":"https:\/\/partiesw.com\/ar\/wp-json\/wp\/v2\/product_brand?post=3524"},{"taxonomy":"product_cat","embeddable":true,"href":"https:\/\/partiesw.com\/ar\/wp-json\/wp\/v2\/product_cat?post=3524"},{"taxonomy":"product_tag","embeddable":true,"href":"https:\/\/partiesw.com\/ar\/wp-json\/wp\/v2\/product_tag?post=3524"}],"curies":[{"name":"wp","href":"https:\/\/api.w.org\/{rel}","templated":true}]}}