{"id":3023,"date":"2021-09-29T20:19:24","date_gmt":"2021-09-29T20:19:24","guid":{"rendered":"https:\/\/partiesw.com\/?post_type=product&#038;p=3023"},"modified":"2025-05-12T02:32:16","modified_gmt":"2025-05-12T02:32:16","slug":"gossip-girl-bouquet","status":"publish","type":"product","link":"https:\/\/partiesw.com\/ar\/evenements\/boutique\/anniversaire\/adulte\/gossip-girl-bouquet\/","title":{"rendered":"Anniversaire d\u00e9co Girly Glam Pink"},"content":{"rendered":"<p>Optez pour une d\u00e9coration girly rose glamour avec des couleurs et des ballons Anniversaire qui ne risquent pas de passer inaper\u00e7u.<\/p>\n<p>Les composants du pack :<\/p>\n<ul>\n<li>1 Ballon g\u00e9ant forme bisou<\/li>\n<li>4 Ballon forme coeur<\/li>\n<li>10 ballons simple rouge et rose<\/li>\n<\/ul>","protected":false},"excerpt":{"rendered":"<p>Optez pour une d\u00e9coration girly rose glamour avec des couleurs et des ballons Anniversaire qui ne risquent pas de passer inaper\u00e7u.<\/p>\n<p>Les composants du pack :<\/p>\n<ul>\n<li>1 Ballon g\u00e9ant forme bisou<\/li>\n<li>4 Ballon forme coeur<\/li>\n<li>10 ballons simple rouge et rose<\/li>\n<\/ul>\n<p>NB: Nos packs sont livr\u00e9s d\u00e9gonfl\u00e9s<\/p>","protected":false},"featured_media":4604,"comment_status":"open","ping_status":"closed","template":"","meta":{"_acf_changed":false,"_bbp_topic_count":0,"_bbp_reply_count":0,"_bbp_total_topic_count":0,"_bbp_total_reply_count":0,"_bbp_voice_count":0,"_bbp_anonymous_reply_count":0,"_bbp_topic_count_hidden":0,"_bbp_reply_count_hidden":0,"_bbp_forum_subforum_count":0},"product_brand":[],"product_cat":[34,23,67],"product_tag":[],"class_list":{"0":"post-3023","1":"product","2":"type-product","3":"status-publish","4":"has-post-thumbnail","6":"product_cat-adulte","7":"product_cat-anniversaire","8":"product_cat-helium-bouquets","10":"first","11":"outofstock","12":"sale","13":"shipping-taxable","14":"purchasable","15":"product-type-simple"},"acf":[],"yoast_head":"<!-- This site is optimized with the Yoast SEO plugin v27.4 - https:\/\/yoast.com\/product\/yoast-seo-wordpress\/ -->\n<title>ballons anniversaire | Anniversaire d\u00e9co Girly Glam Pink |<\/title>\n<meta name=\"description\" content=\"Des ballons anniversaire qui sort de l&#039;ordinaire! Optez pour le bouquet de ballon bisou inspir\u00e9 du fameux gossip girl.\" \/>\n<meta name=\"robots\" content=\"index, follow, max-snippet:-1, max-image-preview:large, max-video-preview:-1\" \/>\n<link rel=\"canonical\" href=\"https:\/\/partiesw.com\/ar\/evenements\/boutique\/anniversaire\/adulte\/gossip-girl-bouquet\/\" \/>\n<meta property=\"og:locale\" content=\"ar_AR\" \/>\n<meta property=\"og:type\" content=\"article\" \/>\n<meta property=\"og:title\" content=\"ballons anniversaire | Anniversaire d\u00e9co Girly Glam Pink |\" \/>\n<meta property=\"og:description\" content=\"Des ballons anniversaire qui sort de l&#039;ordinaire! Optez pour le bouquet de ballon bisou inspir\u00e9 du fameux gossip girl.\" \/>\n<meta property=\"og:url\" content=\"https:\/\/partiesw.com\/ar\/evenements\/boutique\/anniversaire\/adulte\/gossip-girl-bouquet\/\" \/>\n<meta property=\"og:site_name\" content=\"PartiesWardrobe\" \/>\n<meta property=\"article:modified_time\" content=\"2025-05-12T02:32:16+00:00\" \/>\n<meta property=\"og:image\" content=\"https:\/\/partiesw.com\/wp-content\/uploads\/2021\/09\/Quarantine-Birthday-Photo-Ideas.jpg\" \/>\n\t<meta property=\"og:image:width\" content=\"736\" \/>\n\t<meta property=\"og:image:height\" content=\"728\" \/>\n\t<meta property=\"og:image:type\" content=\"image\/jpeg\" \/>\n<meta name=\"twitter:card\" content=\"summary_large_image\" \/>\n<meta name=\"twitter:label1\" content=\"\u0648\u0642\u062a \u0627\u0644\u0642\u0631\u0627\u0621\u0629 \u0627\u0644\u0645\u064f\u0642\u062f\u0651\u0631\" \/>\n\t<meta name=\"twitter:data1\" content=\"\u062f\u0642\u064a\u0642\u0629 \u0648\u0627\u062d\u062f\u0629\" \/>\n<script type=\"application\/ld+json\" class=\"yoast-schema-graph\">{\"@context\":\"https:\\\/\\\/schema.org\",\"@graph\":[{\"@type\":\"WebPage\",\"@id\":\"https:\\\/\\\/partiesw.com\\\/evenements\\\/boutique\\\/anniversaire\\\/adulte\\\/gossip-girl-bouquet\\\/\",\"url\":\"https:\\\/\\\/partiesw.com\\\/evenements\\\/boutique\\\/anniversaire\\\/adulte\\\/gossip-girl-bouquet\\\/\",\"name\":\"ballons anniversaire | Anniversaire d\u00e9co Girly Glam Pink |\",\"isPartOf\":{\"@id\":\"https:\\\/\\\/partiesw.com\\\/#website\"},\"primaryImageOfPage\":{\"@id\":\"https:\\\/\\\/partiesw.com\\\/evenements\\\/boutique\\\/anniversaire\\\/adulte\\\/gossip-girl-bouquet\\\/#primaryimage\"},\"image\":{\"@id\":\"https:\\\/\\\/partiesw.com\\\/evenements\\\/boutique\\\/anniversaire\\\/adulte\\\/gossip-girl-bouquet\\\/#primaryimage\"},\"thumbnailUrl\":\"https:\\\/\\\/partiesw.com\\\/wp-content\\\/uploads\\\/2021\\\/09\\\/Quarantine-Birthday-Photo-Ideas.jpg\",\"datePublished\":\"2021-09-29T20:19:24+00:00\",\"dateModified\":\"2025-05-12T02:32:16+00:00\",\"description\":\"Des ballons anniversaire qui sort de l'ordinaire! Optez pour le bouquet de ballon bisou inspir\u00e9 du fameux gossip girl.\",\"breadcrumb\":{\"@id\":\"https:\\\/\\\/partiesw.com\\\/evenements\\\/boutique\\\/anniversaire\\\/adulte\\\/gossip-girl-bouquet\\\/#breadcrumb\"},\"inLanguage\":\"ar\",\"potentialAction\":[{\"@type\":\"ReadAction\",\"target\":[\"https:\\\/\\\/partiesw.com\\\/evenements\\\/boutique\\\/anniversaire\\\/adulte\\\/gossip-girl-bouquet\\\/\"]}]},{\"@type\":\"ImageObject\",\"inLanguage\":\"ar\",\"@id\":\"https:\\\/\\\/partiesw.com\\\/evenements\\\/boutique\\\/anniversaire\\\/adulte\\\/gossip-girl-bouquet\\\/#primaryimage\",\"url\":\"https:\\\/\\\/partiesw.com\\\/wp-content\\\/uploads\\\/2021\\\/09\\\/Quarantine-Birthday-Photo-Ideas.jpg\",\"contentUrl\":\"https:\\\/\\\/partiesw.com\\\/wp-content\\\/uploads\\\/2021\\\/09\\\/Quarantine-Birthday-Photo-Ideas.jpg\",\"width\":736,\"height\":728},{\"@type\":\"BreadcrumbList\",\"@id\":\"https:\\\/\\\/partiesw.com\\\/evenements\\\/boutique\\\/anniversaire\\\/adulte\\\/gossip-girl-bouquet\\\/#breadcrumb\",\"itemListElement\":[{\"@type\":\"ListItem\",\"position\":1,\"name\":\"Accueil\",\"item\":\"https:\\\/\\\/partiesw.com\\\/\"},{\"@type\":\"ListItem\",\"position\":2,\"name\":\"Boutique\",\"item\":\"https:\\\/\\\/partiesw.com\\\/evenements\\\/boutique\\\/\"},{\"@type\":\"ListItem\",\"position\":3,\"name\":\"Anniversaire d\u00e9co Girly Glam Pink\"}]},{\"@type\":\"WebSite\",\"@id\":\"https:\\\/\\\/partiesw.com\\\/#website\",\"url\":\"https:\\\/\\\/partiesw.com\\\/\",\"name\":\"PartiesWardrobe\",\"description\":\"The party experts\",\"publisher\":{\"@id\":\"https:\\\/\\\/partiesw.com\\\/#organization\"},\"potentialAction\":[{\"@type\":\"SearchAction\",\"target\":{\"@type\":\"EntryPoint\",\"urlTemplate\":\"https:\\\/\\\/partiesw.com\\\/?s={search_term_string}\"},\"query-input\":{\"@type\":\"PropertyValueSpecification\",\"valueRequired\":true,\"valueName\":\"search_term_string\"}}],\"inLanguage\":\"ar\"},{\"@type\":\"Organization\",\"@id\":\"https:\\\/\\\/partiesw.com\\\/#organization\",\"name\":\"Partieswardrobe\",\"url\":\"https:\\\/\\\/partiesw.com\\\/\",\"logo\":{\"@type\":\"ImageObject\",\"inLanguage\":\"ar\",\"@id\":\"https:\\\/\\\/partiesw.com\\\/#\\\/schema\\\/logo\\\/image\\\/\",\"url\":\"https:\\\/\\\/partiesw.com\\\/wp-content\\\/uploads\\\/2020\\\/09\\\/logo.png\",\"contentUrl\":\"https:\\\/\\\/partiesw.com\\\/wp-content\\\/uploads\\\/2020\\\/09\\\/logo.png\",\"width\":280,\"height\":127,\"caption\":\"Partieswardrobe\"},\"image\":{\"@id\":\"https:\\\/\\\/partiesw.com\\\/#\\\/schema\\\/logo\\\/image\\\/\"}}]}<\/script>\n<!-- \/ Yoast SEO plugin. -->","yoast_head_json":{"title":"ballons anniversaire | Anniversaire d\u00e9co Girly Glam Pink |","description":"Des ballons anniversaire qui sort de l'ordinaire! Optez pour le bouquet de ballon bisou inspir\u00e9 du fameux gossip girl.","robots":{"index":"index","follow":"follow","max-snippet":"max-snippet:-1","max-image-preview":"max-image-preview:large","max-video-preview":"max-video-preview:-1"},"canonical":"https:\/\/partiesw.com\/ar\/evenements\/boutique\/anniversaire\/adulte\/gossip-girl-bouquet\/","og_locale":"ar_AR","og_type":"article","og_title":"ballons anniversaire | Anniversaire d\u00e9co Girly Glam Pink |","og_description":"Des ballons anniversaire qui sort de l'ordinaire! Optez pour le bouquet de ballon bisou inspir\u00e9 du fameux gossip girl.","og_url":"https:\/\/partiesw.com\/ar\/evenements\/boutique\/anniversaire\/adulte\/gossip-girl-bouquet\/","og_site_name":"PartiesWardrobe","article_modified_time":"2025-05-12T02:32:16+00:00","og_image":[{"width":736,"height":728,"url":"https:\/\/partiesw.com\/wp-content\/uploads\/2021\/09\/Quarantine-Birthday-Photo-Ideas.jpg","type":"image\/jpeg"}],"twitter_card":"summary_large_image","twitter_misc":{"\u0648\u0642\u062a \u0627\u0644\u0642\u0631\u0627\u0621\u0629 \u0627\u0644\u0645\u064f\u0642\u062f\u0651\u0631":"\u062f\u0642\u064a\u0642\u0629 \u0648\u0627\u062d\u062f\u0629"},"schema":{"@context":"https:\/\/schema.org","@graph":[{"@type":"WebPage","@id":"https:\/\/partiesw.com\/evenements\/boutique\/anniversaire\/adulte\/gossip-girl-bouquet\/","url":"https:\/\/partiesw.com\/evenements\/boutique\/anniversaire\/adulte\/gossip-girl-bouquet\/","name":"ballons anniversaire | Anniversaire d\u00e9co Girly Glam Pink |","isPartOf":{"@id":"https:\/\/partiesw.com\/#website"},"primaryImageOfPage":{"@id":"https:\/\/partiesw.com\/evenements\/boutique\/anniversaire\/adulte\/gossip-girl-bouquet\/#primaryimage"},"image":{"@id":"https:\/\/partiesw.com\/evenements\/boutique\/anniversaire\/adulte\/gossip-girl-bouquet\/#primaryimage"},"thumbnailUrl":"https:\/\/partiesw.com\/wp-content\/uploads\/2021\/09\/Quarantine-Birthday-Photo-Ideas.jpg","datePublished":"2021-09-29T20:19:24+00:00","dateModified":"2025-05-12T02:32:16+00:00","description":"Des ballons anniversaire qui sort de l'ordinaire! Optez pour le bouquet de ballon bisou inspir\u00e9 du fameux gossip girl.","breadcrumb":{"@id":"https:\/\/partiesw.com\/evenements\/boutique\/anniversaire\/adulte\/gossip-girl-bouquet\/#breadcrumb"},"inLanguage":"ar","potentialAction":[{"@type":"ReadAction","target":["https:\/\/partiesw.com\/evenements\/boutique\/anniversaire\/adulte\/gossip-girl-bouquet\/"]}]},{"@type":"ImageObject","inLanguage":"ar","@id":"https:\/\/partiesw.com\/evenements\/boutique\/anniversaire\/adulte\/gossip-girl-bouquet\/#primaryimage","url":"https:\/\/partiesw.com\/wp-content\/uploads\/2021\/09\/Quarantine-Birthday-Photo-Ideas.jpg","contentUrl":"https:\/\/partiesw.com\/wp-content\/uploads\/2021\/09\/Quarantine-Birthday-Photo-Ideas.jpg","width":736,"height":728},{"@type":"BreadcrumbList","@id":"https:\/\/partiesw.com\/evenements\/boutique\/anniversaire\/adulte\/gossip-girl-bouquet\/#breadcrumb","itemListElement":[{"@type":"ListItem","position":1,"name":"Accueil","item":"https:\/\/partiesw.com\/"},{"@type":"ListItem","position":2,"name":"Boutique","item":"https:\/\/partiesw.com\/evenements\/boutique\/"},{"@type":"ListItem","position":3,"name":"Anniversaire d\u00e9co Girly Glam Pink"}]},{"@type":"WebSite","@id":"https:\/\/partiesw.com\/#website","url":"https:\/\/partiesw.com\/","name":"PartiesWardrobe","description":"The party experts","publisher":{"@id":"https:\/\/partiesw.com\/#organization"},"potentialAction":[{"@type":"SearchAction","target":{"@type":"EntryPoint","urlTemplate":"https:\/\/partiesw.com\/?s={search_term_string}"},"query-input":{"@type":"PropertyValueSpecification","valueRequired":true,"valueName":"search_term_string"}}],"inLanguage":"ar"},{"@type":"Organization","@id":"https:\/\/partiesw.com\/#organization","name":"Partieswardrobe","url":"https:\/\/partiesw.com\/","logo":{"@type":"ImageObject","inLanguage":"ar","@id":"https:\/\/partiesw.com\/#\/schema\/logo\/image\/","url":"https:\/\/partiesw.com\/wp-content\/uploads\/2020\/09\/logo.png","contentUrl":"https:\/\/partiesw.com\/wp-content\/uploads\/2020\/09\/logo.png","width":280,"height":127,"caption":"Partieswardrobe"},"image":{"@id":"https:\/\/partiesw.com\/#\/schema\/logo\/image\/"}}]}},"_links":{"self":[{"href":"https:\/\/partiesw.com\/ar\/wp-json\/wp\/v2\/product\/3023","targetHints":{"allow":["GET"]}}],"collection":[{"href":"https:\/\/partiesw.com\/ar\/wp-json\/wp\/v2\/product"}],"about":[{"href":"https:\/\/partiesw.com\/ar\/wp-json\/wp\/v2\/types\/product"}],"replies":[{"embeddable":true,"href":"https:\/\/partiesw.com\/ar\/wp-json\/wp\/v2\/comments?post=3023"}],"wp:featuredmedia":[{"embeddable":true,"href":"https:\/\/partiesw.com\/ar\/wp-json\/wp\/v2\/media\/4604"}],"wp:attachment":[{"href":"https:\/\/partiesw.com\/ar\/wp-json\/wp\/v2\/media?parent=3023"}],"wp:term":[{"taxonomy":"product_brand","embeddable":true,"href":"https:\/\/partiesw.com\/ar\/wp-json\/wp\/v2\/product_brand?post=3023"},{"taxonomy":"product_cat","embeddable":true,"href":"https:\/\/partiesw.com\/ar\/wp-json\/wp\/v2\/product_cat?post=3023"},{"taxonomy":"product_tag","embeddable":true,"href":"https:\/\/partiesw.com\/ar\/wp-json\/wp\/v2\/product_tag?post=3023"}],"curies":[{"name":"wp","href":"https:\/\/api.w.org\/{rel}","templated":true}]}}