{"id":2305,"date":"2021-04-17T19:46:26","date_gmt":"2021-04-17T19:46:26","guid":{"rendered":"https:\/\/partiesw.com\/wp\/?post_type=product&#038;p=2305"},"modified":"2026-03-26T13:27:07","modified_gmt":"2026-03-26T13:27:07","slug":"baby-safari-birthday","status":"publish","type":"product","link":"https:\/\/partiesw.com\/ar\/evenements\/boutique\/anniversaire\/enfants\/baby-safari-birthday\/","title":{"rendered":"Birthday animaux Safari"},"content":{"rendered":"<p>Les composants du pack:<\/p>\n<ul>\n<li>15 ballons simples (m\u00e9lange couleur safari )<\/li>\n<li>1 Ballon g\u00e9ant animal<\/li>\n<li>2 ballons tetes d&rsquo;animaux<\/li>\n<li>1 couronne en papier<\/li>\n<\/ul>\n<p>&nbsp;<\/p>","protected":false},"excerpt":{"rendered":"<p>Si vous voulez f\u00eatez l&rsquo;anniversaire de votre enfant avec un th\u00e8me Safari Parties Wardrobe a compos\u00e9 un pack de d\u00e9coration en ballons sp\u00e9cialement pour vous avec tout ce qu&rsquo;il vous faut.<\/p>\n<p>Choisissez la couleur avec laquelle vous voulez combiner votre th\u00e8me; dor\u00e9 ou argent\u00e9.<\/p>\n<p>&nbsp;<\/p>\n<p>NB: MERCI DE NOTER QUE NOS PACKS NE COMPORTENT PAS DE BALLONS CHIFFRES, IL FAUDRA LES AJOUTER EN SUPPL\u00c9MENT.<\/p>","protected":false},"featured_media":4885,"comment_status":"open","ping_status":"closed","template":"","meta":{"_acf_changed":false,"_bbp_topic_count":0,"_bbp_reply_count":0,"_bbp_total_topic_count":0,"_bbp_total_reply_count":0,"_bbp_voice_count":0,"_bbp_anonymous_reply_count":0,"_bbp_topic_count_hidden":0,"_bbp_reply_count_hidden":0,"_bbp_forum_subforum_count":0},"product_brand":[],"product_cat":[35],"product_tag":[],"class_list":{"0":"post-2305","1":"product","2":"type-product","3":"status-publish","4":"has-post-thumbnail","6":"product_cat-enfants","8":"first","9":"instock","10":"shipping-taxable","11":"purchasable","12":"product-type-simple"},"acf":[],"yoast_head":"<!-- This site is optimized with the Yoast SEO plugin v27.4 - https:\/\/yoast.com\/product\/yoast-seo-wordpress\/ -->\n<title>Th\u00e8me animaux | Birthday animaux Safari | PartiesWardrobe<\/title>\n<meta name=\"description\" content=\"Pack anniversaire th\u00e8me Safari et combinez le avec la couleur de votre choix: dor\u00e9 ou argent\u00e9. Le pack comporte des ballons animaux.\" \/>\n<meta name=\"robots\" content=\"index, follow, max-snippet:-1, max-image-preview:large, max-video-preview:-1\" \/>\n<link rel=\"canonical\" href=\"https:\/\/partiesw.com\/ar\/evenements\/boutique\/anniversaire\/enfants\/baby-safari-birthday\/\" \/>\n<meta property=\"og:locale\" content=\"ar_AR\" \/>\n<meta property=\"og:type\" content=\"article\" \/>\n<meta property=\"og:title\" content=\"Th\u00e8me animaux | Birthday animaux Safari | PartiesWardrobe\" \/>\n<meta property=\"og:description\" content=\"Pack anniversaire th\u00e8me Safari et combinez le avec la couleur de votre choix: dor\u00e9 ou argent\u00e9. Le pack comporte des ballons animaux.\" \/>\n<meta property=\"og:url\" content=\"https:\/\/partiesw.com\/ar\/evenements\/boutique\/anniversaire\/enfants\/baby-safari-birthday\/\" \/>\n<meta property=\"og:site_name\" content=\"PartiesWardrobe\" \/>\n<meta property=\"article:modified_time\" content=\"2026-03-26T13:27:07+00:00\" \/>\n<meta property=\"og:image\" content=\"https:\/\/partiesw.com\/wp-content\/uploads\/2021\/04\/5c19c970a19c056247cb7b39ce973244.jpg\" \/>\n\t<meta property=\"og:image:width\" content=\"736\" \/>\n\t<meta property=\"og:image:height\" content=\"920\" \/>\n\t<meta property=\"og:image:type\" content=\"image\/jpeg\" \/>\n<meta name=\"twitter:card\" content=\"summary_large_image\" \/>\n<meta name=\"twitter:label1\" content=\"\u0648\u0642\u062a \u0627\u0644\u0642\u0631\u0627\u0621\u0629 \u0627\u0644\u0645\u064f\u0642\u062f\u0651\u0631\" \/>\n\t<meta name=\"twitter:data1\" content=\"\u062f\u0642\u064a\u0642\u0629 \u0648\u0627\u062d\u062f\u0629\" \/>\n<script type=\"application\/ld+json\" class=\"yoast-schema-graph\">{\"@context\":\"https:\\\/\\\/schema.org\",\"@graph\":[{\"@type\":\"WebPage\",\"@id\":\"https:\\\/\\\/partiesw.com\\\/evenements\\\/boutique\\\/anniversaire\\\/enfants\\\/baby-safari-birthday\\\/\",\"url\":\"https:\\\/\\\/partiesw.com\\\/evenements\\\/boutique\\\/anniversaire\\\/enfants\\\/baby-safari-birthday\\\/\",\"name\":\"Th\u00e8me animaux | Birthday animaux Safari | PartiesWardrobe\",\"isPartOf\":{\"@id\":\"https:\\\/\\\/partiesw.com\\\/#website\"},\"primaryImageOfPage\":{\"@id\":\"https:\\\/\\\/partiesw.com\\\/evenements\\\/boutique\\\/anniversaire\\\/enfants\\\/baby-safari-birthday\\\/#primaryimage\"},\"image\":{\"@id\":\"https:\\\/\\\/partiesw.com\\\/evenements\\\/boutique\\\/anniversaire\\\/enfants\\\/baby-safari-birthday\\\/#primaryimage\"},\"thumbnailUrl\":\"https:\\\/\\\/partiesw.com\\\/wp-content\\\/uploads\\\/2021\\\/04\\\/5c19c970a19c056247cb7b39ce973244.jpg\",\"datePublished\":\"2021-04-17T19:46:26+00:00\",\"dateModified\":\"2026-03-26T13:27:07+00:00\",\"description\":\"Pack anniversaire th\u00e8me Safari et combinez le avec la couleur de votre choix: dor\u00e9 ou argent\u00e9. Le pack comporte des ballons animaux.\",\"breadcrumb\":{\"@id\":\"https:\\\/\\\/partiesw.com\\\/evenements\\\/boutique\\\/anniversaire\\\/enfants\\\/baby-safari-birthday\\\/#breadcrumb\"},\"inLanguage\":\"ar\",\"potentialAction\":[{\"@type\":\"ReadAction\",\"target\":[\"https:\\\/\\\/partiesw.com\\\/evenements\\\/boutique\\\/anniversaire\\\/enfants\\\/baby-safari-birthday\\\/\"]}]},{\"@type\":\"ImageObject\",\"inLanguage\":\"ar\",\"@id\":\"https:\\\/\\\/partiesw.com\\\/evenements\\\/boutique\\\/anniversaire\\\/enfants\\\/baby-safari-birthday\\\/#primaryimage\",\"url\":\"https:\\\/\\\/partiesw.com\\\/wp-content\\\/uploads\\\/2021\\\/04\\\/5c19c970a19c056247cb7b39ce973244.jpg\",\"contentUrl\":\"https:\\\/\\\/partiesw.com\\\/wp-content\\\/uploads\\\/2021\\\/04\\\/5c19c970a19c056247cb7b39ce973244.jpg\",\"width\":736,\"height\":920},{\"@type\":\"BreadcrumbList\",\"@id\":\"https:\\\/\\\/partiesw.com\\\/evenements\\\/boutique\\\/anniversaire\\\/enfants\\\/baby-safari-birthday\\\/#breadcrumb\",\"itemListElement\":[{\"@type\":\"ListItem\",\"position\":1,\"name\":\"Accueil\",\"item\":\"https:\\\/\\\/partiesw.com\\\/\"},{\"@type\":\"ListItem\",\"position\":2,\"name\":\"Boutique\",\"item\":\"https:\\\/\\\/partiesw.com\\\/evenements\\\/boutique\\\/\"},{\"@type\":\"ListItem\",\"position\":3,\"name\":\"Birthday animaux Safari\"}]},{\"@type\":\"WebSite\",\"@id\":\"https:\\\/\\\/partiesw.com\\\/#website\",\"url\":\"https:\\\/\\\/partiesw.com\\\/\",\"name\":\"PartiesWardrobe\",\"description\":\"The party experts\",\"publisher\":{\"@id\":\"https:\\\/\\\/partiesw.com\\\/#organization\"},\"potentialAction\":[{\"@type\":\"SearchAction\",\"target\":{\"@type\":\"EntryPoint\",\"urlTemplate\":\"https:\\\/\\\/partiesw.com\\\/?s={search_term_string}\"},\"query-input\":{\"@type\":\"PropertyValueSpecification\",\"valueRequired\":true,\"valueName\":\"search_term_string\"}}],\"inLanguage\":\"ar\"},{\"@type\":\"Organization\",\"@id\":\"https:\\\/\\\/partiesw.com\\\/#organization\",\"name\":\"Partieswardrobe\",\"url\":\"https:\\\/\\\/partiesw.com\\\/\",\"logo\":{\"@type\":\"ImageObject\",\"inLanguage\":\"ar\",\"@id\":\"https:\\\/\\\/partiesw.com\\\/#\\\/schema\\\/logo\\\/image\\\/\",\"url\":\"https:\\\/\\\/partiesw.com\\\/wp-content\\\/uploads\\\/2020\\\/09\\\/logo.png\",\"contentUrl\":\"https:\\\/\\\/partiesw.com\\\/wp-content\\\/uploads\\\/2020\\\/09\\\/logo.png\",\"width\":280,\"height\":127,\"caption\":\"Partieswardrobe\"},\"image\":{\"@id\":\"https:\\\/\\\/partiesw.com\\\/#\\\/schema\\\/logo\\\/image\\\/\"}}]}<\/script>\n<!-- \/ Yoast SEO plugin. -->","yoast_head_json":{"title":"Th\u00e8me animaux | Birthday animaux Safari | PartiesWardrobe","description":"Pack anniversaire th\u00e8me Safari et combinez le avec la couleur de votre choix: dor\u00e9 ou argent\u00e9. Le pack comporte des ballons animaux.","robots":{"index":"index","follow":"follow","max-snippet":"max-snippet:-1","max-image-preview":"max-image-preview:large","max-video-preview":"max-video-preview:-1"},"canonical":"https:\/\/partiesw.com\/ar\/evenements\/boutique\/anniversaire\/enfants\/baby-safari-birthday\/","og_locale":"ar_AR","og_type":"article","og_title":"Th\u00e8me animaux | Birthday animaux Safari | PartiesWardrobe","og_description":"Pack anniversaire th\u00e8me Safari et combinez le avec la couleur de votre choix: dor\u00e9 ou argent\u00e9. Le pack comporte des ballons animaux.","og_url":"https:\/\/partiesw.com\/ar\/evenements\/boutique\/anniversaire\/enfants\/baby-safari-birthday\/","og_site_name":"PartiesWardrobe","article_modified_time":"2026-03-26T13:27:07+00:00","og_image":[{"width":736,"height":920,"url":"https:\/\/partiesw.com\/wp-content\/uploads\/2021\/04\/5c19c970a19c056247cb7b39ce973244.jpg","type":"image\/jpeg"}],"twitter_card":"summary_large_image","twitter_misc":{"\u0648\u0642\u062a \u0627\u0644\u0642\u0631\u0627\u0621\u0629 \u0627\u0644\u0645\u064f\u0642\u062f\u0651\u0631":"\u062f\u0642\u064a\u0642\u0629 \u0648\u0627\u062d\u062f\u0629"},"schema":{"@context":"https:\/\/schema.org","@graph":[{"@type":"WebPage","@id":"https:\/\/partiesw.com\/evenements\/boutique\/anniversaire\/enfants\/baby-safari-birthday\/","url":"https:\/\/partiesw.com\/evenements\/boutique\/anniversaire\/enfants\/baby-safari-birthday\/","name":"Th\u00e8me animaux | Birthday animaux Safari | PartiesWardrobe","isPartOf":{"@id":"https:\/\/partiesw.com\/#website"},"primaryImageOfPage":{"@id":"https:\/\/partiesw.com\/evenements\/boutique\/anniversaire\/enfants\/baby-safari-birthday\/#primaryimage"},"image":{"@id":"https:\/\/partiesw.com\/evenements\/boutique\/anniversaire\/enfants\/baby-safari-birthday\/#primaryimage"},"thumbnailUrl":"https:\/\/partiesw.com\/wp-content\/uploads\/2021\/04\/5c19c970a19c056247cb7b39ce973244.jpg","datePublished":"2021-04-17T19:46:26+00:00","dateModified":"2026-03-26T13:27:07+00:00","description":"Pack anniversaire th\u00e8me Safari et combinez le avec la couleur de votre choix: dor\u00e9 ou argent\u00e9. Le pack comporte des ballons animaux.","breadcrumb":{"@id":"https:\/\/partiesw.com\/evenements\/boutique\/anniversaire\/enfants\/baby-safari-birthday\/#breadcrumb"},"inLanguage":"ar","potentialAction":[{"@type":"ReadAction","target":["https:\/\/partiesw.com\/evenements\/boutique\/anniversaire\/enfants\/baby-safari-birthday\/"]}]},{"@type":"ImageObject","inLanguage":"ar","@id":"https:\/\/partiesw.com\/evenements\/boutique\/anniversaire\/enfants\/baby-safari-birthday\/#primaryimage","url":"https:\/\/partiesw.com\/wp-content\/uploads\/2021\/04\/5c19c970a19c056247cb7b39ce973244.jpg","contentUrl":"https:\/\/partiesw.com\/wp-content\/uploads\/2021\/04\/5c19c970a19c056247cb7b39ce973244.jpg","width":736,"height":920},{"@type":"BreadcrumbList","@id":"https:\/\/partiesw.com\/evenements\/boutique\/anniversaire\/enfants\/baby-safari-birthday\/#breadcrumb","itemListElement":[{"@type":"ListItem","position":1,"name":"Accueil","item":"https:\/\/partiesw.com\/"},{"@type":"ListItem","position":2,"name":"Boutique","item":"https:\/\/partiesw.com\/evenements\/boutique\/"},{"@type":"ListItem","position":3,"name":"Birthday animaux Safari"}]},{"@type":"WebSite","@id":"https:\/\/partiesw.com\/#website","url":"https:\/\/partiesw.com\/","name":"PartiesWardrobe","description":"The party experts","publisher":{"@id":"https:\/\/partiesw.com\/#organization"},"potentialAction":[{"@type":"SearchAction","target":{"@type":"EntryPoint","urlTemplate":"https:\/\/partiesw.com\/?s={search_term_string}"},"query-input":{"@type":"PropertyValueSpecification","valueRequired":true,"valueName":"search_term_string"}}],"inLanguage":"ar"},{"@type":"Organization","@id":"https:\/\/partiesw.com\/#organization","name":"Partieswardrobe","url":"https:\/\/partiesw.com\/","logo":{"@type":"ImageObject","inLanguage":"ar","@id":"https:\/\/partiesw.com\/#\/schema\/logo\/image\/","url":"https:\/\/partiesw.com\/wp-content\/uploads\/2020\/09\/logo.png","contentUrl":"https:\/\/partiesw.com\/wp-content\/uploads\/2020\/09\/logo.png","width":280,"height":127,"caption":"Partieswardrobe"},"image":{"@id":"https:\/\/partiesw.com\/#\/schema\/logo\/image\/"}}]}},"_links":{"self":[{"href":"https:\/\/partiesw.com\/ar\/wp-json\/wp\/v2\/product\/2305","targetHints":{"allow":["GET"]}}],"collection":[{"href":"https:\/\/partiesw.com\/ar\/wp-json\/wp\/v2\/product"}],"about":[{"href":"https:\/\/partiesw.com\/ar\/wp-json\/wp\/v2\/types\/product"}],"replies":[{"embeddable":true,"href":"https:\/\/partiesw.com\/ar\/wp-json\/wp\/v2\/comments?post=2305"}],"wp:featuredmedia":[{"embeddable":true,"href":"https:\/\/partiesw.com\/ar\/wp-json\/wp\/v2\/media\/4885"}],"wp:attachment":[{"href":"https:\/\/partiesw.com\/ar\/wp-json\/wp\/v2\/media?parent=2305"}],"wp:term":[{"taxonomy":"product_brand","embeddable":true,"href":"https:\/\/partiesw.com\/ar\/wp-json\/wp\/v2\/product_brand?post=2305"},{"taxonomy":"product_cat","embeddable":true,"href":"https:\/\/partiesw.com\/ar\/wp-json\/wp\/v2\/product_cat?post=2305"},{"taxonomy":"product_tag","embeddable":true,"href":"https:\/\/partiesw.com\/ar\/wp-json\/wp\/v2\/product_tag?post=2305"}],"curies":[{"name":"wp","href":"https:\/\/api.w.org\/{rel}","templated":true}]}}