{"id":1966,"date":"2021-02-20T21:09:21","date_gmt":"2021-02-20T21:09:21","guid":{"rendered":"https:\/\/partiesw.com\/wp\/?post_type=product&#038;p=1966"},"modified":"2026-04-21T16:21:36","modified_gmt":"2026-04-21T16:21:36","slug":"bridal-set","status":"publish","type":"product","link":"https:\/\/partiesw.com\/ar\/evenements\/boutique\/future-bride\/bridal-set\/","title":{"rendered":"Set trio (Bandeau, voile, bandouli\u00e8re)"},"content":{"rendered":"<p>Elu Best seller par nos mari\u00e9es ! Le set Trio bride to be est le must have pour une bachelorette party r\u00e9ussite.<\/p>\n<p>Disponible en 2 versions Gold et rosegold Le pack est compos\u00e9 de :<\/p>\n<p>&#8211; Bandouli\u00e8re bride<br \/>\n&#8211; Bandeau bride to be<br \/>\n&#8211; Voile bride<\/p>\n<p>Commandez votre pack en ligne d\u00e8s maintenant !<\/p>\n<p><strong>NB : le <a href=\"https:\/\/partiesw.com\/ar\/evenements\/boutique\/future-bride\/peignoir-bride\/\">peignoir<\/a> est vendu \u00e0 part vous pouvez le commandez en cliquant <a href=\"https:\/\/partiesw.com\/ar\/evenements\/boutique\/future-bride\/peignoir-bride\/\">ici<\/a>\u00a0\u00a0<\/strong><\/p>","protected":false},"excerpt":{"rendered":"<p>Set trio bride to be est le must have de toute mari\u00e9e ! disponible en 2 versions Gold et rosegold :<br \/>\n&#8211; Bandouli\u00e8re bride<br \/>\n&#8211; Bandeau bride<br \/>\n&#8211; Voile bride<\/p>\n<p><strong>&#x2764;&#xfe0f;<\/strong><\/p>","protected":false},"featured_media":4623,"comment_status":"open","ping_status":"closed","template":"","meta":{"_acf_changed":false,"_bbp_topic_count":0,"_bbp_reply_count":0,"_bbp_total_topic_count":0,"_bbp_total_reply_count":0,"_bbp_voice_count":0,"_bbp_anonymous_reply_count":0,"_bbp_topic_count_hidden":0,"_bbp_reply_count_hidden":0,"_bbp_forum_subforum_count":0},"product_brand":[],"product_cat":[29,86],"product_tag":[],"class_list":{"0":"post-1966","1":"product","2":"type-product","3":"status-publish","4":"has-post-thumbnail","6":"product_cat-future-bride","7":"product_cat-future-mariee","9":"first","10":"instock","11":"shipping-taxable","12":"purchasable","13":"product-type-variable"},"acf":[],"yoast_head":"<!-- This site is optimized with the Yoast SEO plugin v27.4 - https:\/\/yoast.com\/product\/yoast-seo-wordpress\/ -->\n<title>Accessoire bride to be | Set trio (Bandeau, voile, bandouli\u00e8re) | PartiesWardrobe<\/title>\n<meta name=\"description\" content=\"Set trio bride to be ! Le set must have pour une bachelorette party r\u00e9ussite. Commandez votre pack en ligne d\u00e8s maintenant !\" \/>\n<meta name=\"robots\" content=\"index, follow, max-snippet:-1, max-image-preview:large, max-video-preview:-1\" \/>\n<link rel=\"canonical\" href=\"https:\/\/partiesw.com\/ar\/evenements\/boutique\/future-bride\/bridal-set\/\" \/>\n<meta property=\"og:locale\" content=\"ar_AR\" \/>\n<meta property=\"og:type\" content=\"article\" \/>\n<meta property=\"og:title\" content=\"Accessoire bride to be | Set trio (Bandeau, voile, bandouli\u00e8re) | PartiesWardrobe\" \/>\n<meta property=\"og:description\" content=\"Set trio bride to be ! Le set must have pour une bachelorette party r\u00e9ussite. Commandez votre pack en ligne d\u00e8s maintenant !\" \/>\n<meta property=\"og:url\" content=\"https:\/\/partiesw.com\/ar\/evenements\/boutique\/future-bride\/bridal-set\/\" \/>\n<meta property=\"og:site_name\" content=\"PartiesWardrobe\" \/>\n<meta property=\"article:modified_time\" content=\"2026-04-21T16:21:36+00:00\" \/>\n<meta property=\"og:image\" content=\"https:\/\/partiesw.com\/wp-content\/uploads\/2023\/10\/IMG_20230917_171749_423.webp\" \/>\n\t<meta property=\"og:image:width\" content=\"1080\" \/>\n\t<meta property=\"og:image:height\" content=\"1080\" \/>\n\t<meta property=\"og:image:type\" content=\"image\/webp\" \/>\n<meta name=\"twitter:card\" content=\"summary_large_image\" \/>\n<meta name=\"twitter:label1\" content=\"\u0648\u0642\u062a \u0627\u0644\u0642\u0631\u0627\u0621\u0629 \u0627\u0644\u0645\u064f\u0642\u062f\u0651\u0631\" \/>\n\t<meta name=\"twitter:data1\" content=\"\u062f\u0642\u064a\u0642\u0629 \u0648\u0627\u062d\u062f\u0629\" \/>\n<script type=\"application\/ld+json\" class=\"yoast-schema-graph\">{\"@context\":\"https:\\\/\\\/schema.org\",\"@graph\":[{\"@type\":\"WebPage\",\"@id\":\"https:\\\/\\\/partiesw.com\\\/evenements\\\/boutique\\\/future-bride\\\/bridal-set\\\/\",\"url\":\"https:\\\/\\\/partiesw.com\\\/evenements\\\/boutique\\\/future-bride\\\/bridal-set\\\/\",\"name\":\"Accessoire bride to be | Set trio (Bandeau, voile, bandouli\u00e8re) | PartiesWardrobe\",\"isPartOf\":{\"@id\":\"https:\\\/\\\/partiesw.com\\\/#website\"},\"primaryImageOfPage\":{\"@id\":\"https:\\\/\\\/partiesw.com\\\/evenements\\\/boutique\\\/future-bride\\\/bridal-set\\\/#primaryimage\"},\"image\":{\"@id\":\"https:\\\/\\\/partiesw.com\\\/evenements\\\/boutique\\\/future-bride\\\/bridal-set\\\/#primaryimage\"},\"thumbnailUrl\":\"https:\\\/\\\/partiesw.com\\\/wp-content\\\/uploads\\\/2023\\\/10\\\/IMG_20230917_171749_423.webp\",\"datePublished\":\"2021-02-20T21:09:21+00:00\",\"dateModified\":\"2026-04-21T16:21:36+00:00\",\"description\":\"Set trio bride to be ! Le set must have pour une bachelorette party r\u00e9ussite. Commandez votre pack en ligne d\u00e8s maintenant !\",\"breadcrumb\":{\"@id\":\"https:\\\/\\\/partiesw.com\\\/evenements\\\/boutique\\\/future-bride\\\/bridal-set\\\/#breadcrumb\"},\"inLanguage\":\"ar\",\"potentialAction\":[{\"@type\":\"ReadAction\",\"target\":[\"https:\\\/\\\/partiesw.com\\\/evenements\\\/boutique\\\/future-bride\\\/bridal-set\\\/\"]}]},{\"@type\":\"ImageObject\",\"inLanguage\":\"ar\",\"@id\":\"https:\\\/\\\/partiesw.com\\\/evenements\\\/boutique\\\/future-bride\\\/bridal-set\\\/#primaryimage\",\"url\":\"https:\\\/\\\/partiesw.com\\\/wp-content\\\/uploads\\\/2023\\\/10\\\/IMG_20230917_171749_423.webp\",\"contentUrl\":\"https:\\\/\\\/partiesw.com\\\/wp-content\\\/uploads\\\/2023\\\/10\\\/IMG_20230917_171749_423.webp\",\"width\":1080,\"height\":1080,\"caption\":\"bride to be\"},{\"@type\":\"BreadcrumbList\",\"@id\":\"https:\\\/\\\/partiesw.com\\\/evenements\\\/boutique\\\/future-bride\\\/bridal-set\\\/#breadcrumb\",\"itemListElement\":[{\"@type\":\"ListItem\",\"position\":1,\"name\":\"Accueil\",\"item\":\"https:\\\/\\\/partiesw.com\\\/\"},{\"@type\":\"ListItem\",\"position\":2,\"name\":\"Boutique\",\"item\":\"https:\\\/\\\/partiesw.com\\\/evenements\\\/boutique\\\/\"},{\"@type\":\"ListItem\",\"position\":3,\"name\":\"Set trio (Bandeau, voile, bandouli\u00e8re)\"}]},{\"@type\":\"WebSite\",\"@id\":\"https:\\\/\\\/partiesw.com\\\/#website\",\"url\":\"https:\\\/\\\/partiesw.com\\\/\",\"name\":\"PartiesWardrobe\",\"description\":\"The party experts\",\"publisher\":{\"@id\":\"https:\\\/\\\/partiesw.com\\\/#organization\"},\"potentialAction\":[{\"@type\":\"SearchAction\",\"target\":{\"@type\":\"EntryPoint\",\"urlTemplate\":\"https:\\\/\\\/partiesw.com\\\/?s={search_term_string}\"},\"query-input\":{\"@type\":\"PropertyValueSpecification\",\"valueRequired\":true,\"valueName\":\"search_term_string\"}}],\"inLanguage\":\"ar\"},{\"@type\":\"Organization\",\"@id\":\"https:\\\/\\\/partiesw.com\\\/#organization\",\"name\":\"Partieswardrobe\",\"url\":\"https:\\\/\\\/partiesw.com\\\/\",\"logo\":{\"@type\":\"ImageObject\",\"inLanguage\":\"ar\",\"@id\":\"https:\\\/\\\/partiesw.com\\\/#\\\/schema\\\/logo\\\/image\\\/\",\"url\":\"https:\\\/\\\/partiesw.com\\\/wp-content\\\/uploads\\\/2020\\\/09\\\/logo.png\",\"contentUrl\":\"https:\\\/\\\/partiesw.com\\\/wp-content\\\/uploads\\\/2020\\\/09\\\/logo.png\",\"width\":280,\"height\":127,\"caption\":\"Partieswardrobe\"},\"image\":{\"@id\":\"https:\\\/\\\/partiesw.com\\\/#\\\/schema\\\/logo\\\/image\\\/\"}}]}<\/script>\n<!-- \/ Yoast SEO plugin. -->","yoast_head_json":{"title":"Accessoire bride to be | Set trio (Bandeau, voile, bandouli\u00e8re) | PartiesWardrobe","description":"Set trio bride to be ! Le set must have pour une bachelorette party r\u00e9ussite. Commandez votre pack en ligne d\u00e8s maintenant !","robots":{"index":"index","follow":"follow","max-snippet":"max-snippet:-1","max-image-preview":"max-image-preview:large","max-video-preview":"max-video-preview:-1"},"canonical":"https:\/\/partiesw.com\/ar\/evenements\/boutique\/future-bride\/bridal-set\/","og_locale":"ar_AR","og_type":"article","og_title":"Accessoire bride to be | Set trio (Bandeau, voile, bandouli\u00e8re) | PartiesWardrobe","og_description":"Set trio bride to be ! Le set must have pour une bachelorette party r\u00e9ussite. Commandez votre pack en ligne d\u00e8s maintenant !","og_url":"https:\/\/partiesw.com\/ar\/evenements\/boutique\/future-bride\/bridal-set\/","og_site_name":"PartiesWardrobe","article_modified_time":"2026-04-21T16:21:36+00:00","og_image":[{"width":1080,"height":1080,"url":"https:\/\/partiesw.com\/wp-content\/uploads\/2023\/10\/IMG_20230917_171749_423.webp","type":"image\/webp"}],"twitter_card":"summary_large_image","twitter_misc":{"\u0648\u0642\u062a \u0627\u0644\u0642\u0631\u0627\u0621\u0629 \u0627\u0644\u0645\u064f\u0642\u062f\u0651\u0631":"\u062f\u0642\u064a\u0642\u0629 \u0648\u0627\u062d\u062f\u0629"},"schema":{"@context":"https:\/\/schema.org","@graph":[{"@type":"WebPage","@id":"https:\/\/partiesw.com\/evenements\/boutique\/future-bride\/bridal-set\/","url":"https:\/\/partiesw.com\/evenements\/boutique\/future-bride\/bridal-set\/","name":"Accessoire bride to be | Set trio (Bandeau, voile, bandouli\u00e8re) | PartiesWardrobe","isPartOf":{"@id":"https:\/\/partiesw.com\/#website"},"primaryImageOfPage":{"@id":"https:\/\/partiesw.com\/evenements\/boutique\/future-bride\/bridal-set\/#primaryimage"},"image":{"@id":"https:\/\/partiesw.com\/evenements\/boutique\/future-bride\/bridal-set\/#primaryimage"},"thumbnailUrl":"https:\/\/partiesw.com\/wp-content\/uploads\/2023\/10\/IMG_20230917_171749_423.webp","datePublished":"2021-02-20T21:09:21+00:00","dateModified":"2026-04-21T16:21:36+00:00","description":"Set trio bride to be ! Le set must have pour une bachelorette party r\u00e9ussite. Commandez votre pack en ligne d\u00e8s maintenant !","breadcrumb":{"@id":"https:\/\/partiesw.com\/evenements\/boutique\/future-bride\/bridal-set\/#breadcrumb"},"inLanguage":"ar","potentialAction":[{"@type":"ReadAction","target":["https:\/\/partiesw.com\/evenements\/boutique\/future-bride\/bridal-set\/"]}]},{"@type":"ImageObject","inLanguage":"ar","@id":"https:\/\/partiesw.com\/evenements\/boutique\/future-bride\/bridal-set\/#primaryimage","url":"https:\/\/partiesw.com\/wp-content\/uploads\/2023\/10\/IMG_20230917_171749_423.webp","contentUrl":"https:\/\/partiesw.com\/wp-content\/uploads\/2023\/10\/IMG_20230917_171749_423.webp","width":1080,"height":1080,"caption":"bride to be"},{"@type":"BreadcrumbList","@id":"https:\/\/partiesw.com\/evenements\/boutique\/future-bride\/bridal-set\/#breadcrumb","itemListElement":[{"@type":"ListItem","position":1,"name":"Accueil","item":"https:\/\/partiesw.com\/"},{"@type":"ListItem","position":2,"name":"Boutique","item":"https:\/\/partiesw.com\/evenements\/boutique\/"},{"@type":"ListItem","position":3,"name":"Set trio (Bandeau, voile, bandouli\u00e8re)"}]},{"@type":"WebSite","@id":"https:\/\/partiesw.com\/#website","url":"https:\/\/partiesw.com\/","name":"PartiesWardrobe","description":"The party experts","publisher":{"@id":"https:\/\/partiesw.com\/#organization"},"potentialAction":[{"@type":"SearchAction","target":{"@type":"EntryPoint","urlTemplate":"https:\/\/partiesw.com\/?s={search_term_string}"},"query-input":{"@type":"PropertyValueSpecification","valueRequired":true,"valueName":"search_term_string"}}],"inLanguage":"ar"},{"@type":"Organization","@id":"https:\/\/partiesw.com\/#organization","name":"Partieswardrobe","url":"https:\/\/partiesw.com\/","logo":{"@type":"ImageObject","inLanguage":"ar","@id":"https:\/\/partiesw.com\/#\/schema\/logo\/image\/","url":"https:\/\/partiesw.com\/wp-content\/uploads\/2020\/09\/logo.png","contentUrl":"https:\/\/partiesw.com\/wp-content\/uploads\/2020\/09\/logo.png","width":280,"height":127,"caption":"Partieswardrobe"},"image":{"@id":"https:\/\/partiesw.com\/#\/schema\/logo\/image\/"}}]}},"_links":{"self":[{"href":"https:\/\/partiesw.com\/ar\/wp-json\/wp\/v2\/product\/1966","targetHints":{"allow":["GET"]}}],"collection":[{"href":"https:\/\/partiesw.com\/ar\/wp-json\/wp\/v2\/product"}],"about":[{"href":"https:\/\/partiesw.com\/ar\/wp-json\/wp\/v2\/types\/product"}],"replies":[{"embeddable":true,"href":"https:\/\/partiesw.com\/ar\/wp-json\/wp\/v2\/comments?post=1966"}],"wp:featuredmedia":[{"embeddable":true,"href":"https:\/\/partiesw.com\/ar\/wp-json\/wp\/v2\/media\/4623"}],"wp:attachment":[{"href":"https:\/\/partiesw.com\/ar\/wp-json\/wp\/v2\/media?parent=1966"}],"wp:term":[{"taxonomy":"product_brand","embeddable":true,"href":"https:\/\/partiesw.com\/ar\/wp-json\/wp\/v2\/product_brand?post=1966"},{"taxonomy":"product_cat","embeddable":true,"href":"https:\/\/partiesw.com\/ar\/wp-json\/wp\/v2\/product_cat?post=1966"},{"taxonomy":"product_tag","embeddable":true,"href":"https:\/\/partiesw.com\/ar\/wp-json\/wp\/v2\/product_tag?post=1966"}],"curies":[{"name":"wp","href":"https:\/\/api.w.org\/{rel}","templated":true}]}}