{"id":2175,"date":"2021-03-28T19:12:18","date_gmt":"2021-03-28T19:12:18","guid":{"rendered":"https:\/\/partiesw.com\/wp\/?page_id=2175"},"modified":"2023-05-22T12:11:51","modified_gmt":"2023-05-22T12:11:51","slug":"livraison-au-maroc","status":"publish","type":"page","link":"https:\/\/partiesw.com\/ar\/livraison-au-maroc\/","title":{"rendered":"\u062a\u0648\u0635\u064a\u0644"},"content":{"rendered":"<p><header class=\"fusion-fullwidth fullwidth-box fusion-builder-row-1 fusion-flex-container nonhundred-percent-fullwidth non-hundred-percent-height-scrolling\" style=\"--awb-border-color:#fff5ef;--awb-border-radius-top-left:0px;--awb-border-radius-top-right:0px;--awb-border-radius-bottom-right:0px;--awb-border-radius-bottom-left:0px;--awb-padding-top:81px;--awb-padding-right:0px;--awb-padding-bottom:80px;--awb-padding-left:0px;--awb-padding-top-small:61px;--awb-padding-bottom-small:58px;--awb-margin-top:0px;--awb-margin-bottom:0px;--awb-margin-bottom-small:0px;--awb-background-color:#fff5ef;--awb-background-image:linear-gradient(180deg, #fff5ef 0%,rgba(255,255,255,0) 100%);--awb-flex-wrap:wrap;\" ><div class=\"fusion-builder-row fusion-row fusion-flex-align-items-stretch fusion-flex-justify-content-space-around fusion-flex-content-wrap\" style=\"max-width:1248px;margin-left: calc(-4% \/ 2 );margin-right: calc(-4% \/ 2 );\"><div class=\"fusion-layout-column fusion_builder_column fusion-builder-column-0 fusion_builder_column_1_1 1_1 fusion-flex-column fusion-flex-align-self-center\" style=\"--awb-bg-size:cover;--awb-width-large:100%;--awb-margin-top-large:1px;--awb-spacing-right-large:2.016%;--awb-margin-bottom-large:0px;--awb-spacing-left-large:2.016%;--awb-width-medium:100%;--awb-order-medium:0;--awb-spacing-right-medium:1.92%;--awb-spacing-left-medium:1.92%;--awb-width-small:100%;--awb-order-small:0;--awb-spacing-right-small:1.92%;--awb-spacing-left-small:1.92%;\"><div class=\"fusion-column-wrapper fusion-column-has-shadow fusion-flex-justify-content-flex-start fusion-content-layout-block\"><div class=\"fusion-text fusion-text-1\" style=\"--awb-content-alignment:center;\"><h2>\u0646\u0642\u0648\u0645 \u0628\u062a\u0648\u0635\u064a\u0644 \u0637\u0644\u0628\u0627\u062a\u0643\u0645 \u0645\u0628\u0627\u0634\u0631\u0629 \u062d\u062a\u0649 \u0628\u0627\u0628 \u0645\u0646\u0632\u0644\u0643\u0645!<\/h2>\n<\/div><\/div><\/div><\/div><\/header><div class=\"fusion-fullwidth fullwidth-box fusion-builder-row-2 fusion-flex-container nonhundred-percent-fullwidth non-hundred-percent-height-scrolling\" style=\"--awb-border-style:dashed;--awb-border-radius-top-left:0px;--awb-border-radius-top-right:0px;--awb-border-radius-bottom-right:0px;--awb-border-radius-bottom-left:0px;--awb-padding-right:25px;--awb-padding-left:25px;--awb-flex-wrap:wrap;\" ><div class=\"fusion-builder-row fusion-row fusion-flex-align-items-flex-start fusion-flex-content-wrap\" style=\"max-width:1248px;margin-left: calc(-4% \/ 2 );margin-right: calc(-4% \/ 2 );\"><div class=\"fusion-layout-column fusion_builder_column fusion-builder-column-1 fusion_builder_column_1_1 1_1 fusion-flex-column\" style=\"--awb-bg-size:cover;--awb-width-large:100%;--awb-margin-top-large:20px;--awb-spacing-right-large:3.936%;--awb-margin-bottom-large:20px;--awb-spacing-left-large:3.84%;--awb-width-medium:100%;--awb-order-medium:0;--awb-spacing-right-medium:1.92%;--awb-spacing-left-medium:1.92%;--awb-width-small:100%;--awb-order-small:0;--awb-spacing-right-small:1.92%;--awb-spacing-left-small:1.92%;\"><div class=\"fusion-column-wrapper fusion-column-has-shadow fusion-flex-justify-content-flex-start fusion-content-layout-column\"><div class=\"fusion-title title fusion-title-1 fusion-sep-none fusion-title-text fusion-title-size-one\"><h1 class=\"fusion-title-heading title-heading-left fusion-responsive-typography-calculated\" style=\"margin:0;--fontSize:36;line-height:2;\"><h6 style=\"text-align: center;\">\u0637\u0631\u0642 \u0627\u0644\u062a\u0633\u0644\u064a\u0645<\/h6><\/h1><\/div><div class=\"fusion-text fusion-text-2\"><p style=\"text-align: center;\">\u0646\u062d\u0646 \u0646\u0648\u0641\u0631 \u062e\u062f\u0645\u0629 \u0627\u0644\u062a\u0648\u0635\u064a\u0644 \u0641\u064a \u062c\u0645\u064a\u0639 \u0623\u0646\u062d\u0627\u0621 \u0627\u0644\u0645\u063a\u0631\u0628. \u0631\u0633\u0648\u0645 \u0627\u0644\u062a\u0648\u0635\u064a\u0644 \u062a\u0628\u0644\u063a 45 \u062f\u0631\u0647\u0645\u064b\u0627 \u0644\u062c\u0645\u064a\u0639 \u0645\u0646\u0627\u0637\u0642 \u0627\u0644\u0645\u0645\u0644\u0643\u0629. \u0625\u0630\u0627 \u0643\u0646\u062a\u0645 \u0641\u064a \u0627\u0644\u0642\u0646\u064a\u0637\u0631\u0629\u060c \u064a\u0645\u0643\u0646\u0643\u0645 \u0623\u064a\u0636\u064b\u0627 \u0627\u062e\u062a\u064a\u0627\u0631 \u062e\u064a\u0627\u0631 \u0627\u0633\u062a\u0644\u0627\u0645 \u0627\u0644\u0637\u0631\u062f \u0628\u0646\u0641\u0633\u0643\u0645.<br \/><span style=\"background-color: rgba(255, 255, 255, 0); color: var(--body_typography-color); font-family: var(--body_typography-font-family); font-size: var(--body_typography-font-size); font-style: var(--body_typography-font-style,normal); font-weight: var(--body_typography-font-weight); letter-spacing: var(--body_typography-letter-spacing);\">\u064a\u062a\u0645 \u0627\u0644\u062f\u0641\u0639 \u0639\u0646\u062f \u0627\u0633\u062a\u0644\u0627\u0645 \u0627\u0644\u0637\u0631\u062f \u0645\u0646 \u0642\u0628\u0644 \u0627\u0644\u0633\u0627\u0626\u0642. \u064a\u062a\u0631\u0627\u0648\u062d \u0632\u0645\u0646 \u0627\u0644\u062a\u0648\u0635\u064a\u0644 \u0628\u064a\u0646 24 \u0625\u0644\u0649 72 \u0633\u0627\u0639\u0629 \u062d\u0633\u0628 \u0627\u0644\u0645\u062f\u064a\u0646\u0629.<\/span><\/p>\n<\/div><\/div><\/div><\/div><\/div><div class=\"fusion-fullwidth fullwidth-box fusion-builder-row-3 fusion-flex-container nonhundred-percent-fullwidth non-hundred-percent-height-scrolling\" style=\"--awb-border-sizes-left:0px;--awb-border-sizes-right:0px;--awb-border-color:#ececed;--awb-border-radius-top-left:0px;--awb-border-radius-top-right:0px;--awb-border-radius-bottom-right:0px;--awb-border-radius-bottom-left:0px;--awb-padding-top:60px;--awb-padding-bottom:60px;--awb-padding-top-small:24px;--awb-padding-bottom-small:32px;--awb-flex-wrap:wrap;\" ><div class=\"fusion-builder-row fusion-row fusion-flex-align-items-flex-start fusion-flex-content-wrap\" style=\"max-width:1248px;margin-left: calc(-4% \/ 2 );margin-right: calc(-4% \/ 2 );\"><div class=\"fusion-layout-column fusion_builder_column fusion-builder-column-2 fusion_builder_column_1_3 1_3 fusion-flex-column\" style=\"--awb-bg-size:cover;--awb-width-large:33.333333333333%;--awb-margin-top-large:20px;--awb-spacing-right-large:5.76%;--awb-margin-bottom-large:20px;--awb-spacing-left-large:5.76%;--awb-width-medium:100%;--awb-spacing-right-medium:1.92%;--awb-spacing-left-medium:1.92%;--awb-width-small:100%;--awb-spacing-right-small:1.92%;--awb-spacing-left-small:1.92%;\"><div class=\"fusion-column-wrapper fusion-column-has-shadow fusion-flex-justify-content-center fusion-content-layout-column\"><i class=\"fb-icon-element-1 fb-icon-element fontawesome-icon fa-clock fas circle-no fusion-animated\" style=\"--awb-iconcolor:#cc177a;--awb-font-size:36px;--awb-align-self:center;--awb-margin-top:0px;--awb-margin-right:0px;--awb-margin-bottom:24px;--awb-margin-left:0px;\" data-animationtype=\"fadeInDown\" data-animationduration=\"1.0\" data-animationoffset=\"top-into-view\"><\/i><div class=\"fusion-title title fusion-title-2 fusion-sep-none fusion-title-center fusion-title-text fusion-title-size-six\"><h6 class=\"fusion-title-heading title-heading-center fusion-responsive-typography-calculated\" style=\"margin:0;--fontSize:12;--minFontSize:12;line-height:1.5;\">\u0627\u0644\u0645\u0648\u0627\u0639\u064a\u062f \u0627\u0644\u0646\u0647\u0627\u0626\u064a\u0629 \u0644\u0644\u0637\u0644\u0628<\/h6><\/div><div class=\"fusion-text fusion-text-3\"><p style=\"text-align: center;\">\u064a\u0631\u062c\u0649 \u062a\u0642\u062f\u064a\u0645 \u0637\u0644\u0628\u0643\u0645 \u0642\u0628\u0644 3 \u0623\u064a\u0627\u0645 \u0645\u0646 \u0627\u0644\u062a\u0627\u0631\u064a\u062e \u0627\u0644\u0645\u0637\u0644\u0648\u0628 \u0644\u0644\u062a\u0633\u0644\u064a\u0645.<\/p>\n<\/div><\/div><\/div><div class=\"fusion-layout-column fusion_builder_column fusion-builder-column-3 fusion_builder_column_1_3 1_3 fusion-flex-column\" style=\"--awb-bg-size:cover;--awb-width-large:33.333333333333%;--awb-margin-top-large:20px;--awb-spacing-right-large:5.76%;--awb-margin-bottom-large:20px;--awb-spacing-left-large:5.76%;--awb-width-medium:100%;--awb-spacing-right-medium:1.92%;--awb-spacing-left-medium:1.92%;--awb-width-small:100%;--awb-spacing-right-small:1.92%;--awb-spacing-left-small:1.92%;\"><div class=\"fusion-column-wrapper fusion-column-has-shadow fusion-flex-justify-content-center fusion-content-layout-column\"><i class=\"fb-icon-element-2 fb-icon-element fontawesome-icon fa-truck fas circle-no fusion-animated\" style=\"--awb-iconcolor:#cc177a;--awb-font-size:36px;--awb-align-self:center;--awb-margin-top:0px;--awb-margin-right:0px;--awb-margin-bottom:24px;--awb-margin-left:0px;\" data-animationtype=\"fadeInDown\" data-animationduration=\"1.0\" data-animationoffset=\"top-into-view\"><\/i><div class=\"fusion-title title fusion-title-3 fusion-sep-none fusion-title-center fusion-title-text fusion-title-size-six\"><h6 class=\"fusion-title-heading title-heading-center fusion-responsive-typography-calculated\" style=\"margin:0;--fontSize:12;--minFontSize:12;line-height:1.5;\">\u0622\u062c\u0627\u0644 \u0627\u0644\u062a\u0633\u0644\u064a\u0645<\/h6><\/div><div class=\"fusion-text fusion-text-4\"><p style=\"text-align: center;\">\u062d\u0633\u0628 \u0627\u0644\u0645\u062f\u064a\u0646\u0629\u060c \u064a\u062a\u0631\u0627\u0648\u062d \u0632\u0645\u0646 \u0627\u0644\u062a\u0633\u0644\u064a\u0645 \u0628\u064a\u0646 24 \u0633\u0627\u0639\u0629 \u0648 72 \u0633\u0627\u0639\u0629 \u0645\u0646 \u062a\u0627\u0631\u064a\u062e \u0634\u062d\u0646 \u0627\u0644\u0637\u0644\u0628.<\/p>\n<\/div><\/div><\/div><div class=\"fusion-layout-column fusion_builder_column fusion-builder-column-4 fusion_builder_column_1_3 1_3 fusion-flex-column\" style=\"--awb-bg-size:cover;--awb-width-large:33.333333333333%;--awb-margin-top-large:20px;--awb-spacing-right-large:5.76%;--awb-margin-bottom-large:20px;--awb-spacing-left-large:5.76%;--awb-width-medium:100%;--awb-spacing-right-medium:1.92%;--awb-spacing-left-medium:1.92%;--awb-width-small:100%;--awb-spacing-right-small:1.92%;--awb-spacing-left-small:1.92%;\"><div class=\"fusion-column-wrapper fusion-column-has-shadow fusion-flex-justify-content-center fusion-content-layout-column\"><i class=\"fb-icon-element-3 fb-icon-element fontawesome-icon fa-wallet fas circle-no fusion-animated\" style=\"--awb-iconcolor:#cc177a;--awb-font-size:36px;--awb-align-self:center;--awb-margin-top:0px;--awb-margin-right:0px;--awb-margin-bottom:24px;--awb-margin-left:0px;\" data-animationtype=\"fadeInDown\" data-animationduration=\"1.0\" data-animationoffset=\"top-into-view\"><\/i><div class=\"fusion-title title fusion-title-4 fusion-sep-none fusion-title-center fusion-title-text fusion-title-size-six\"><h6 class=\"fusion-title-heading title-heading-center fusion-responsive-typography-calculated\" style=\"margin:0;--fontSize:12;--minFontSize:12;line-height:1.5;\">Paiement \u00e0 la livraison<\/h6><\/div><div class=\"fusion-text fusion-text-5\"><p style=\"text-align: center;\">\u064a\u0645\u0643\u0646\u0643\u0645 \u062f\u0641\u0639 \u0637\u0644\u0628\u0643\u0645 \u0646\u0642\u062f\u064b\u0627 \u0639\u0646\u062f \u0627\u0633\u062a\u0644\u0627\u0645 \u0627\u0644\u0637\u0631\u062f \u0645\u0646 \u0627\u0644\u0633\u0627\u0626\u0642.<\/p>\n<\/div><\/div><\/div><\/div><\/div><div class=\"fusion-fullwidth fullwidth-box fusion-builder-row-4 fusion-flex-container nonhundred-percent-fullwidth non-hundred-percent-height-scrolling\" style=\"--awb-border-radius-top-left:0px;--awb-border-radius-top-right:0px;--awb-border-radius-bottom-right:0px;--awb-border-radius-bottom-left:0px;--awb-padding-bottom:0px;--awb-margin-bottom:0px;--awb-flex-wrap:wrap;\" ><div class=\"fusion-builder-row fusion-row fusion-flex-align-items-flex-start fusion-flex-content-wrap\" style=\"max-width:1248px;margin-left: calc(-4% \/ 2 );margin-right: calc(-4% \/ 2 );\"><div class=\"fusion-layout-column fusion_builder_column fusion-builder-column-5 fusion_builder_column_1_3 1_3 fusion-flex-column\" style=\"--awb-bg-size:cover;--awb-width-large:33.333333333333%;--awb-margin-top-large:20px;--awb-spacing-right-large:0%;--awb-margin-bottom-large:0px;--awb-spacing-left-large:5.76%;--awb-width-medium:100%;--awb-order-medium:0;--awb-spacing-right-medium:1.92%;--awb-spacing-left-medium:1.92%;--awb-width-small:100%;--awb-order-small:0;--awb-spacing-right-small:1.92%;--awb-spacing-left-small:1.92%;\"><div class=\"fusion-column-wrapper fusion-column-has-shadow fusion-flex-justify-content-flex-start fusion-content-layout-column\"><div class=\"fusion-image-element\" style=\"text-align:center;--awb-caption-title-font-family:var(--h2_typography-font-family);--awb-caption-title-font-weight:var(--h2_typography-font-weight);--awb-caption-title-font-style:var(--h2_typography-font-style);--awb-caption-title-size:var(--h2_typography-font-size);--awb-caption-title-transform:var(--h2_typography-text-transform);--awb-caption-title-line-height:var(--h2_typography-line-height);--awb-caption-title-letter-spacing:var(--h2_typography-letter-spacing);\"><span class=\"fusion-imageframe imageframe-none imageframe-1 hover-type-none\"><img fetchpriority=\"high\" decoding=\"async\" width=\"1065\" height=\"1757\" title=\"Blanc Photo Paillettes et Or G\u00e9n\u00e9ral V\u0153ux Anniversaire Instagram Story (7)\" src=\"https:\/\/partiesw.com\/wp-content\/uploads\/2020\/09\/Blanc-Photo-Paillettes-et-Or-General-Voeux-Anniversaire-Instagram-Story-7.png\" alt class =\"img-responsive wp-image-2194\" srcset=\"https:\/\/partiesw.com\/wp-content\/uploads\/2020\/09\/Blanc-Photo-Paillettes-et-Or-General-Voeux-Anniversaire-Instagram-Story-7-200x330.png 200w, https:\/\/partiesw.com\/wp-content\/uploads\/2020\/09\/Blanc-Photo-Paillettes-et-Or-General-Voeux-Anniversaire-Instagram-Story-7-400x660.png 400w, https:\/\/partiesw.com\/wp-content\/uploads\/2020\/09\/Blanc-Photo-Paillettes-et-Or-General-Voeux-Anniversaire-Instagram-Story-7-600x990.png 600w, https:\/\/partiesw.com\/wp-content\/uploads\/2020\/09\/Blanc-Photo-Paillettes-et-Or-General-Voeux-Anniversaire-Instagram-Story-7-800x1320.png 800w, https:\/\/partiesw.com\/wp-content\/uploads\/2020\/09\/Blanc-Photo-Paillettes-et-Or-General-Voeux-Anniversaire-Instagram-Story-7.png 1065w\" sizes=\"(max-width: 900px) 100vw, (max-width: 640px) 100vw, 400px\" \/><\/span><\/div><\/div><\/div><div class=\"fusion-layout-column fusion_builder_column fusion-builder-column-6 fusion_builder_column_2_3 2_3 fusion-flex-column\" style=\"--awb-padding-top:1px;--awb-bg-size:cover;--awb-width-large:66.666666666667%;--awb-margin-top-large:42px;--awb-spacing-right-large:13.68%;--awb-margin-bottom-large:20px;--awb-spacing-left-large:10.8%;--awb-width-medium:100%;--awb-order-medium:0;--awb-spacing-right-medium:1.92%;--awb-spacing-left-medium:1.92%;--awb-width-small:100%;--awb-order-small:0;--awb-spacing-right-small:1.92%;--awb-spacing-left-small:1.92%;\"><div class=\"fusion-column-wrapper fusion-column-has-shadow fusion-flex-justify-content-flex-start fusion-content-layout-column\"><div class=\"fusion-title title fusion-title-5 fusion-sep-none fusion-title-text fusion-title-size-one\"><h1 class=\"fusion-title-heading title-heading-left fusion-responsive-typography-calculated\" style=\"margin:0;--fontSize:36;line-height:2;\"><h4>\u062a\u062c\u0647\u064a\u0632 \u0627\u0644\u0637\u0644\u0628\u0627\u062a<\/h4><\/h1><\/div><div class=\"fusion-text fusion-text-6\"><p>\u0628\u0645\u062c\u0631\u062f \u062a\u0623\u0643\u064a\u062f \u0637\u0644\u0628\u0643\u0645 \u0641\u064a \u0645\u062a\u062c\u0631\u0646\u0627\u060c \u064a\u062a\u0645 \u062a\u0633\u062c\u064a\u0644\u0647 \u062a\u0644\u0642\u0627\u0626\u064a\u064b\u0627 \u0641\u064a \u062c\u062f\u0627\u0648\u0644\u0646\u0627 \u0644\u064a\u062a\u0645 \u0625\u0639\u062f\u0627\u062f\u0647 \u0648\u062a\u063a\u0644\u064a\u0641\u0647.<\/p>\n<p>\u064a\u0631\u062c\u0649 \u0627\u0644\u062a\u0623\u0643\u062f \u062f\u0627\u0626\u0645\u064b\u0627 \u0645\u0646 \u0623\u0646 <b>\u064a\u062a\u0645 \u062a\u0633\u062c\u064a\u0644 \u0637\u0644\u0628\u0643\u0645 \u0645\u0633\u0628\u0642\u064b\u0627 \u0642\u0628\u0644 \u062a\u0627\u0631\u064a\u062e \u0627\u0644\u062a\u0633\u0644\u064a\u0645 \u0627\u0644\u0645\u0637\u0644\u0648\u0628.<\/b> \u0639\u0645\u0644\u064a\u0629 \u062a\u062c\u0647\u064a\u0632 \u0627\u0644\u0637\u0644\u0628\u0627\u062a \u062a\u062a\u0645 \u0628\u0639\u0646\u0627\u064a\u0629 \u0641\u0627\u0626\u0642\u0629 \u0644\u0636\u0645\u0627\u0646 \u0627\u0644\u062c\u0648\u062f\u0629 \u0648\u0631\u0636\u0627 \u0639\u0645\u0644\u0627\u0626\u0646\u0627. \u062a\u0642\u0648\u0645 \u0641\u0631\u0642\u0646\u0627 \u0627\u0644\u0645\u062e\u062a\u0635\u0629 \u0628\u062a\u062c\u0645\u064a\u0639 \u0627\u0644\u0645\u0646\u062a\u062c\u0627\u062a \u0648\u062a\u063a\u0644\u064a\u0641\u0647\u0627 \u0628\u0634\u0643\u0644 \u0622\u0645\u0646 \u0648\u0645\u062d\u0643\u0645.<\/p>\n<p>\u064a\u062a\u0645 \u0634\u062d\u0646 \u0627\u0644\u0637\u0644\u0628\u0627\u062a \u0645\u062c\u0645\u0639\u0629 \u0645\u0631\u062a\u064a\u0646 \u0641\u064a \u0627\u0644\u0623\u0633\u0628\u0648\u0639.<\/p>\n<\/div><\/div><\/div><\/div><\/div><\/p>","protected":false},"excerpt":{"rendered":"","protected":false},"author":1,"featured_media":0,"parent":0,"menu_order":0,"comment_status":"closed","ping_status":"closed","template":"","meta":{"_acf_changed":false,"_bbp_topic_count":0,"_bbp_reply_count":0,"_bbp_total_topic_count":0,"_bbp_total_reply_count":0,"_bbp_voice_count":0,"_bbp_anonymous_reply_count":0,"_bbp_topic_count_hidden":0,"_bbp_reply_count_hidden":0,"_bbp_forum_subforum_count":0,"footnotes":""},"class_list":["post-2175","page","type-page","status-publish","hentry"],"acf":[],"yoast_head":"<!-- This site is optimized with the Yoast SEO plugin v27.4 - https:\/\/yoast.com\/product\/yoast-seo-wordpress\/ -->\n<title>Livraison rapide dans tout le Maroc | PartiesWardrobe<\/title>\n<meta name=\"description\" content=\"Fa\u00eetes vous livrer tous vos accessoires de f\u00eates jusqu&#039;\u00e0 chez vous et dans toutes les villes du Maroc.\" \/>\n<meta name=\"robots\" content=\"index, follow, max-snippet:-1, max-image-preview:large, max-video-preview:-1\" \/>\n<link rel=\"canonical\" href=\"https:\/\/partiesw.com\/ar\/livraison-au-maroc\/\" \/>\n<meta property=\"og:locale\" content=\"ar_AR\" \/>\n<meta property=\"og:type\" content=\"article\" \/>\n<meta property=\"og:title\" content=\"Livraison rapide dans tout le Maroc | PartiesWardrobe\" \/>\n<meta property=\"og:description\" content=\"Fa\u00eetes vous livrer tous vos accessoires de f\u00eates jusqu&#039;\u00e0 chez vous et dans toutes les villes du Maroc.\" \/>\n<meta property=\"og:url\" content=\"https:\/\/partiesw.com\/ar\/livraison-au-maroc\/\" \/>\n<meta property=\"og:site_name\" content=\"PartiesWardrobe\" \/>\n<meta property=\"article:modified_time\" content=\"2023-05-22T12:11:51+00:00\" \/>\n<meta name=\"twitter:card\" content=\"summary_large_image\" \/>\n<meta name=\"twitter:label1\" content=\"\u0648\u0642\u062a \u0627\u0644\u0642\u0631\u0627\u0621\u0629 \u0627\u0644\u0645\u064f\u0642\u062f\u0651\u0631\" \/>\n\t<meta name=\"twitter:data1\" content=\"16 \u062f\u0642\u064a\u0642\u0629\" \/>\n<script type=\"application\/ld+json\" class=\"yoast-schema-graph\">{\"@context\":\"https:\\\/\\\/schema.org\",\"@graph\":[{\"@type\":\"WebPage\",\"@id\":\"https:\\\/\\\/partiesw.com\\\/livraison-au-maroc\\\/\",\"url\":\"https:\\\/\\\/partiesw.com\\\/livraison-au-maroc\\\/\",\"name\":\"Livraison rapide dans tout le Maroc | PartiesWardrobe\",\"isPartOf\":{\"@id\":\"https:\\\/\\\/partiesw.com\\\/#website\"},\"datePublished\":\"2021-03-28T19:12:18+00:00\",\"dateModified\":\"2023-05-22T12:11:51+00:00\",\"description\":\"Fa\u00eetes vous livrer tous vos accessoires de f\u00eates jusqu'\u00e0 chez vous et dans toutes les villes du Maroc.\",\"breadcrumb\":{\"@id\":\"https:\\\/\\\/partiesw.com\\\/livraison-au-maroc\\\/#breadcrumb\"},\"inLanguage\":\"ar\",\"potentialAction\":[{\"@type\":\"ReadAction\",\"target\":[\"https:\\\/\\\/partiesw.com\\\/livraison-au-maroc\\\/\"]}]},{\"@type\":\"BreadcrumbList\",\"@id\":\"https:\\\/\\\/partiesw.com\\\/livraison-au-maroc\\\/#breadcrumb\",\"itemListElement\":[{\"@type\":\"ListItem\",\"position\":1,\"name\":\"Accueil\",\"item\":\"https:\\\/\\\/partiesw.com\\\/\"},{\"@type\":\"ListItem\",\"position\":2,\"name\":\"Livraison\"}]},{\"@type\":\"WebSite\",\"@id\":\"https:\\\/\\\/partiesw.com\\\/#website\",\"url\":\"https:\\\/\\\/partiesw.com\\\/\",\"name\":\"PartiesWardrobe\",\"description\":\"The party experts\",\"publisher\":{\"@id\":\"https:\\\/\\\/partiesw.com\\\/#organization\"},\"potentialAction\":[{\"@type\":\"SearchAction\",\"target\":{\"@type\":\"EntryPoint\",\"urlTemplate\":\"https:\\\/\\\/partiesw.com\\\/?s={search_term_string}\"},\"query-input\":{\"@type\":\"PropertyValueSpecification\",\"valueRequired\":true,\"valueName\":\"search_term_string\"}}],\"inLanguage\":\"ar\"},{\"@type\":\"Organization\",\"@id\":\"https:\\\/\\\/partiesw.com\\\/#organization\",\"name\":\"Partieswardrobe\",\"url\":\"https:\\\/\\\/partiesw.com\\\/\",\"logo\":{\"@type\":\"ImageObject\",\"inLanguage\":\"ar\",\"@id\":\"https:\\\/\\\/partiesw.com\\\/#\\\/schema\\\/logo\\\/image\\\/\",\"url\":\"https:\\\/\\\/partiesw.com\\\/wp-content\\\/uploads\\\/2020\\\/09\\\/logo.png\",\"contentUrl\":\"https:\\\/\\\/partiesw.com\\\/wp-content\\\/uploads\\\/2020\\\/09\\\/logo.png\",\"width\":280,\"height\":127,\"caption\":\"Partieswardrobe\"},\"image\":{\"@id\":\"https:\\\/\\\/partiesw.com\\\/#\\\/schema\\\/logo\\\/image\\\/\"}}]}<\/script>\n<!-- \/ Yoast SEO plugin. -->","yoast_head_json":{"title":"Livraison rapide dans tout le Maroc | PartiesWardrobe","description":"Fa\u00eetes vous livrer tous vos accessoires de f\u00eates jusqu'\u00e0 chez vous et dans toutes les villes du Maroc.","robots":{"index":"index","follow":"follow","max-snippet":"max-snippet:-1","max-image-preview":"max-image-preview:large","max-video-preview":"max-video-preview:-1"},"canonical":"https:\/\/partiesw.com\/ar\/livraison-au-maroc\/","og_locale":"ar_AR","og_type":"article","og_title":"Livraison rapide dans tout le Maroc | PartiesWardrobe","og_description":"Fa\u00eetes vous livrer tous vos accessoires de f\u00eates jusqu'\u00e0 chez vous et dans toutes les villes du Maroc.","og_url":"https:\/\/partiesw.com\/ar\/livraison-au-maroc\/","og_site_name":"PartiesWardrobe","article_modified_time":"2023-05-22T12:11:51+00:00","twitter_card":"summary_large_image","twitter_misc":{"\u0648\u0642\u062a \u0627\u0644\u0642\u0631\u0627\u0621\u0629 \u0627\u0644\u0645\u064f\u0642\u062f\u0651\u0631":"16 \u062f\u0642\u064a\u0642\u0629"},"schema":{"@context":"https:\/\/schema.org","@graph":[{"@type":"WebPage","@id":"https:\/\/partiesw.com\/livraison-au-maroc\/","url":"https:\/\/partiesw.com\/livraison-au-maroc\/","name":"Livraison rapide dans tout le Maroc | PartiesWardrobe","isPartOf":{"@id":"https:\/\/partiesw.com\/#website"},"datePublished":"2021-03-28T19:12:18+00:00","dateModified":"2023-05-22T12:11:51+00:00","description":"Fa\u00eetes vous livrer tous vos accessoires de f\u00eates jusqu'\u00e0 chez vous et dans toutes les villes du Maroc.","breadcrumb":{"@id":"https:\/\/partiesw.com\/livraison-au-maroc\/#breadcrumb"},"inLanguage":"ar","potentialAction":[{"@type":"ReadAction","target":["https:\/\/partiesw.com\/livraison-au-maroc\/"]}]},{"@type":"BreadcrumbList","@id":"https:\/\/partiesw.com\/livraison-au-maroc\/#breadcrumb","itemListElement":[{"@type":"ListItem","position":1,"name":"Accueil","item":"https:\/\/partiesw.com\/"},{"@type":"ListItem","position":2,"name":"Livraison"}]},{"@type":"WebSite","@id":"https:\/\/partiesw.com\/#website","url":"https:\/\/partiesw.com\/","name":"PartiesWardrobe","description":"The party experts","publisher":{"@id":"https:\/\/partiesw.com\/#organization"},"potentialAction":[{"@type":"SearchAction","target":{"@type":"EntryPoint","urlTemplate":"https:\/\/partiesw.com\/?s={search_term_string}"},"query-input":{"@type":"PropertyValueSpecification","valueRequired":true,"valueName":"search_term_string"}}],"inLanguage":"ar"},{"@type":"Organization","@id":"https:\/\/partiesw.com\/#organization","name":"Partieswardrobe","url":"https:\/\/partiesw.com\/","logo":{"@type":"ImageObject","inLanguage":"ar","@id":"https:\/\/partiesw.com\/#\/schema\/logo\/image\/","url":"https:\/\/partiesw.com\/wp-content\/uploads\/2020\/09\/logo.png","contentUrl":"https:\/\/partiesw.com\/wp-content\/uploads\/2020\/09\/logo.png","width":280,"height":127,"caption":"Partieswardrobe"},"image":{"@id":"https:\/\/partiesw.com\/#\/schema\/logo\/image\/"}}]}},"_links":{"self":[{"href":"https:\/\/partiesw.com\/ar\/wp-json\/wp\/v2\/pages\/2175","targetHints":{"allow":["GET"]}}],"collection":[{"href":"https:\/\/partiesw.com\/ar\/wp-json\/wp\/v2\/pages"}],"about":[{"href":"https:\/\/partiesw.com\/ar\/wp-json\/wp\/v2\/types\/page"}],"author":[{"embeddable":true,"href":"https:\/\/partiesw.com\/ar\/wp-json\/wp\/v2\/users\/1"}],"replies":[{"embeddable":true,"href":"https:\/\/partiesw.com\/ar\/wp-json\/wp\/v2\/comments?post=2175"}],"version-history":[{"count":22,"href":"https:\/\/partiesw.com\/ar\/wp-json\/wp\/v2\/pages\/2175\/revisions"}],"predecessor-version":[{"id":4122,"href":"https:\/\/partiesw.com\/ar\/wp-json\/wp\/v2\/pages\/2175\/revisions\/4122"}],"wp:attachment":[{"href":"https:\/\/partiesw.com\/ar\/wp-json\/wp\/v2\/media?parent=2175"}],"curies":[{"name":"wp","href":"https:\/\/api.w.org\/{rel}","templated":true}]}}