{"id":2173,"date":"2021-03-28T19:09:15","date_gmt":"2021-03-28T19:09:15","guid":{"rendered":"https:\/\/partiesw.com\/wp\/?page_id=2173"},"modified":"2021-05-19T15:07:19","modified_gmt":"2021-05-19T15:07:19","slug":"ma-box","status":"publish","type":"page","link":"https:\/\/partiesw.com\/ar\/ma-box\/","title":{"rendered":"\u0635\u0646\u062f\u0648\u0642"},"content":{"rendered":"<p><div class=\"fusion-fullwidth fullwidth-box fusion-builder-row-1 fusion-flex-container nonhundred-percent-fullwidth non-hundred-percent-height-scrolling\" style=\"--awb-border-radius-top-left:0px;--awb-border-radius-top-right:0px;--awb-border-radius-bottom-right:0px;--awb-border-radius-bottom-left:0px;--awb-padding-top:16px;--awb-padding-right:0px;--awb-margin-top:0px;--awb-background-color:#fff5ef;--awb-background-image:linear-gradient(180deg, #faf3e3 0%,rgba(255,255,255,0) 100%);--awb-flex-wrap:wrap;\" ><div class=\"fusion-builder-row fusion-row fusion-flex-align-items-flex-start fusion-flex-content-wrap\" style=\"max-width:1248px;margin-left: calc(-4% \/ 2 );margin-right: calc(-4% \/ 2 );\"><div class=\"fusion-layout-column fusion_builder_column fusion-builder-column-0 fusion_builder_column_1_1 1_1 fusion-flex-column\" style=\"--awb-padding-top:23px;--awb-bg-size:cover;--awb-width-large:100%;--awb-margin-top-large:20px;--awb-spacing-right-large:1.92%;--awb-margin-bottom-large:30px;--awb-spacing-left-large:1.92%;--awb-width-medium:100%;--awb-order-medium:0;--awb-spacing-right-medium:1.92%;--awb-spacing-left-medium:1.92%;--awb-width-small:100%;--awb-order-small:0;--awb-spacing-right-small:1.92%;--awb-spacing-left-small:1.92%;\"><div class=\"fusion-column-wrapper fusion-column-has-shadow fusion-flex-justify-content-flex-start fusion-content-layout-column\"><div class=\"fusion-title title fusion-title-1 fusion-sep-none fusion-title-text fusion-title-size-one\"><h1 class=\"fusion-title-heading title-heading-left fusion-responsive-typography-calculated\" style=\"margin:0;--fontSize:36;line-height:2;\"><h2 style=\"text-align: center;\">Votre f\u00eate dans une box !<\/h2><\/h1><\/div><\/div><\/div><\/div><\/div><div class=\"fusion-fullwidth fullwidth-box fusion-builder-row-2 fusion-flex-container nonhundred-percent-fullwidth non-hundred-percent-height-scrolling\" style=\"--awb-border-radius-top-left:0px;--awb-border-radius-top-right:0px;--awb-border-radius-bottom-right:0px;--awb-border-radius-bottom-left:0px;--awb-padding-top:28px;--awb-padding-right:55px;--awb-padding-left:56px;--awb-padding-right-medium:55px;--awb-padding-left-medium:55px;--awb-flex-wrap:wrap;\" ><div class=\"fusion-builder-row fusion-row fusion-flex-align-items-flex-start fusion-flex-content-wrap\" style=\"max-width:1248px;margin-left: calc(-4% \/ 2 );margin-right: calc(-4% \/ 2 );\"><div class=\"fusion-layout-column fusion_builder_column fusion-builder-column-1 fusion_builder_column_1_1 1_1 fusion-flex-column\" style=\"--awb-padding-right-small:0px;--awb-bg-size:cover;--awb-width-large:100%;--awb-margin-top-large:20px;--awb-spacing-right-large:1.92%;--awb-margin-bottom-large:20px;--awb-spacing-left-large:1.92%;--awb-width-medium:100%;--awb-order-medium:0;--awb-spacing-right-medium:1.92%;--awb-spacing-left-medium:1.92%;--awb-width-small:100%;--awb-order-small:0;--awb-spacing-right-small:0.576%;--awb-spacing-left-small:0.192%;\"><div class=\"fusion-column-wrapper fusion-column-has-shadow fusion-flex-justify-content-flex-start fusion-content-layout-column\"><div class=\"fusion-text fusion-text-1\"><p style=\"text-align: center;\">Que ce soit pour faire plaisir \u00e0 un proche ou pour se chouchouter soi-m\u00eame (parce que oui on le m\u00e9rite) les boxes sont votre ultime option pour des f\u00eates inratables !<\/p>\n<\/div><\/div><\/div><\/div><\/div><div class=\"fusion-fullwidth fullwidth-box fusion-builder-row-3 fusion-flex-container nonhundred-percent-fullwidth non-hundred-percent-height-scrolling\" style=\"--awb-border-radius-top-left:0px;--awb-border-radius-top-right:0px;--awb-border-radius-bottom-right:0px;--awb-border-radius-bottom-left:0px;--awb-flex-wrap:wrap;\" ><div class=\"fusion-builder-row fusion-row fusion-flex-align-items-flex-start fusion-flex-content-wrap\" style=\"max-width:1248px;margin-left: calc(-4% \/ 2 );margin-right: calc(-4% \/ 2 );\"><div class=\"fusion-layout-column fusion_builder_column fusion-builder-column-2 fusion_builder_column_1_1 1_1 fusion-flex-column\" style=\"--awb-bg-size:cover;--awb-width-large:100%;--awb-margin-top-large:20px;--awb-spacing-right-large:1.92%;--awb-margin-bottom-large:62px;--awb-spacing-left-large:1.92%;--awb-width-medium:100%;--awb-order-medium:0;--awb-spacing-right-medium:1.92%;--awb-spacing-left-medium:1.92%;--awb-width-small:100%;--awb-order-small:0;--awb-spacing-right-small:1.92%;--awb-spacing-left-small:1.92%;\"><div class=\"fusion-column-wrapper fusion-column-has-shadow fusion-flex-justify-content-flex-start fusion-content-layout-column\"><div class=\"fusion-separator fusion-full-width-sep\" style=\"align-self: center;margin-left: auto;margin-right: auto;width:100%;\"><\/div><\/div><\/div><\/div><\/div><div class=\"fusion-fullwidth fullwidth-box fusion-builder-row-4 fusion-flex-container nonhundred-percent-fullwidth non-hundred-percent-height-scrolling fusion-animated\" style=\"--awb-border-radius-top-left:0px;--awb-border-radius-top-right:0px;--awb-border-radius-bottom-right:0px;--awb-border-radius-bottom-left:0px;--awb-padding-right:0px;--awb-background-color:#f9f9f9;--awb-flex-wrap:wrap;\" data-animationtype=\"fadeInLeft\" data-animationduration=\"1.0\" data-animationoffset=\"top-into-view\" ><div class=\"fusion-builder-row fusion-row fusion-flex-align-items-flex-start fusion-flex-justify-content-space-between fusion-flex-content-wrap\" style=\"max-width:calc( 1200px + 20px );margin-left: calc(-20px \/ 2 );margin-right: calc(-20px \/ 2 );\"><div class=\"fusion-layout-column fusion_builder_column fusion-builder-column-3 fusion_builder_column_1_1 1_1 fusion-flex-column\" style=\"--awb-bg-size:cover;--awb-box-shadow: 0px 0px ;;--awb-border-color:#000000;--awb-border-style:solid;--awb-width-large:100%;--awb-margin-top-large:20px;--awb-spacing-right-large:16px;--awb-margin-bottom-large:20px;--awb-spacing-left-large:15px;--awb-width-medium:100%;--awb-order-medium:0;--awb-spacing-right-medium:10px;--awb-spacing-left-medium:10px;--awb-width-small:100%;--awb-order-small:0;--awb-spacing-right-small:10px;--awb-spacing-left-small:10px;\"><div class=\"fusion-column-wrapper fusion-column-has-shadow fusion-flex-justify-content-flex-start fusion-content-layout-column\"><div class=\"woocommerce columns-4\"><ul class=\"products clearfix products-4\">\n<li class=\"product-category product first product-grid-view\">\n\t<div class=\"fusion-product-wrapper\">\n<a aria-label=\"\u0632\u064a\u0627\u0631\u0629 \u062a\u0635\u0646\u064a\u0641 \u0627\u0644\u0645\u0646\u062a\u062c \u2066Aroustna\u2069\" href=\"https:\/\/partiesw.com\/ar\/product-category\/box\/bridalbox\/\" data-no-translation-aria-label=\"\"><img decoding=\"async\" src=\"https:\/\/partiesw.com\/wp-content\/uploads\/2020\/09\/Bride-5-500x707.png\" alt=\"Aroustna\" width=\"500\" height=\"\" srcset=\"https:\/\/partiesw.com\/wp-content\/uploads\/2020\/09\/Bride-5-200x283.png 200w, https:\/\/partiesw.com\/wp-content\/uploads\/2020\/09\/Bride-5-212x300.png 212w, https:\/\/partiesw.com\/wp-content\/uploads\/2020\/09\/Bride-5-400x566.png 400w, https:\/\/partiesw.com\/wp-content\/uploads\/2020\/09\/Bride-5-500x707.png 500w, https:\/\/partiesw.com\/wp-content\/uploads\/2020\/09\/Bride-5-600x849.png 600w, https:\/\/partiesw.com\/wp-content\/uploads\/2020\/09\/Bride-5-700x990.png 700w, https:\/\/partiesw.com\/wp-content\/uploads\/2020\/09\/Bride-5-724x1024.png 724w, https:\/\/partiesw.com\/wp-content\/uploads\/2020\/09\/Bride-5-768x1086.png 768w, https:\/\/partiesw.com\/wp-content\/uploads\/2020\/09\/Bride-5-800x1132.png 800w, https:\/\/partiesw.com\/wp-content\/uploads\/2020\/09\/Bride-5-1086x1536.png 1086w, https:\/\/partiesw.com\/wp-content\/uploads\/2020\/09\/Bride-5-1200x1697.png 1200w, https:\/\/partiesw.com\/wp-content\/uploads\/2020\/09\/Bride-5.png 1414w\" sizes=\"(max-width: 500px) 100vw, 500px\" \/>\t\t<h2 class=\"woocommerce-loop-category__title\">\n\t\t\tAroustna\t\t<\/h2>\n\t\t<\/a><\/div>\n<\/li>\n<li class=\"product-category product product-grid-view\">\n\t<div class=\"fusion-product-wrapper\">\n<a aria-label=\"\u0632\u064a\u0627\u0631\u0629 \u062a\u0635\u0646\u064a\u0641 \u0627\u0644\u0645\u0646\u062a\u062c \u2066Baby shower Box\u2069\" href=\"https:\/\/partiesw.com\/ar\/product-category\/box\/baby-shower-box\/\" data-no-translation-aria-label=\"\"><img decoding=\"async\" src=\"https:\/\/partiesw.com\/wp-content\/uploads\/2020\/09\/12-500x707.png\" alt=\"Baby shower Box\" width=\"500\" height=\"\" srcset=\"https:\/\/partiesw.com\/wp-content\/uploads\/2020\/09\/12-200x283.png 200w, https:\/\/partiesw.com\/wp-content\/uploads\/2020\/09\/12-212x300.png 212w, https:\/\/partiesw.com\/wp-content\/uploads\/2020\/09\/12-400x566.png 400w, https:\/\/partiesw.com\/wp-content\/uploads\/2020\/09\/12-500x707.png 500w, https:\/\/partiesw.com\/wp-content\/uploads\/2020\/09\/12-600x849.png 600w, https:\/\/partiesw.com\/wp-content\/uploads\/2020\/09\/12-700x990.png 700w, https:\/\/partiesw.com\/wp-content\/uploads\/2020\/09\/12-724x1024.png 724w, https:\/\/partiesw.com\/wp-content\/uploads\/2020\/09\/12-768x1086.png 768w, https:\/\/partiesw.com\/wp-content\/uploads\/2020\/09\/12-800x1132.png 800w, https:\/\/partiesw.com\/wp-content\/uploads\/2020\/09\/12-1086x1536.png 1086w, https:\/\/partiesw.com\/wp-content\/uploads\/2020\/09\/12-1200x1697.png 1200w, https:\/\/partiesw.com\/wp-content\/uploads\/2020\/09\/12.png 1414w\" sizes=\"(max-width: 500px) 100vw, 500px\" \/>\t\t<h2 class=\"woocommerce-loop-category__title\">\n\t\t\tBaby shower Box\t\t<\/h2>\n\t\t<\/a><\/div>\n<\/li>\n<li class=\"product-category product product-grid-view\">\n\t<div class=\"fusion-product-wrapper\">\n<a aria-label=\"\u0632\u064a\u0627\u0631\u0629 \u062a\u0635\u0646\u064a\u0641 \u0627\u0644\u0645\u0646\u062a\u062c \u2066Make a wish\u2069\" href=\"https:\/\/partiesw.com\/ar\/product-category\/box\/birthday\/\" data-no-translation-aria-label=\"\"><img decoding=\"async\" src=\"https:\/\/partiesw.com\/wp-content\/uploads\/2020\/09\/11-500x707.png\" alt=\"Make a wish\" width=\"500\" height=\"\" srcset=\"https:\/\/partiesw.com\/wp-content\/uploads\/2020\/09\/11-200x283.png 200w, https:\/\/partiesw.com\/wp-content\/uploads\/2020\/09\/11-212x300.png 212w, https:\/\/partiesw.com\/wp-content\/uploads\/2020\/09\/11-400x566.png 400w, https:\/\/partiesw.com\/wp-content\/uploads\/2020\/09\/11-500x707.png 500w, https:\/\/partiesw.com\/wp-content\/uploads\/2020\/09\/11-600x849.png 600w, https:\/\/partiesw.com\/wp-content\/uploads\/2020\/09\/11-700x990.png 700w, https:\/\/partiesw.com\/wp-content\/uploads\/2020\/09\/11-724x1024.png 724w, https:\/\/partiesw.com\/wp-content\/uploads\/2020\/09\/11-768x1086.png 768w, https:\/\/partiesw.com\/wp-content\/uploads\/2020\/09\/11-800x1132.png 800w, https:\/\/partiesw.com\/wp-content\/uploads\/2020\/09\/11-1086x1536.png 1086w, https:\/\/partiesw.com\/wp-content\/uploads\/2020\/09\/11-1200x1697.png 1200w, https:\/\/partiesw.com\/wp-content\/uploads\/2020\/09\/11.png 1414w\" sizes=\"(max-width: 500px) 100vw, 500px\" \/>\t\t<h2 class=\"woocommerce-loop-category__title\">\n\t\t\tMake a wish <mark class=\"count\">(3)<\/mark>\t\t<\/h2>\n\t\t<\/a><\/div>\n<\/li>\n<li class=\"product-category product last product-grid-view\">\n\t<div class=\"fusion-product-wrapper\">\n<a aria-label=\"\u0632\u064a\u0627\u0631\u0629 \u062a\u0635\u0646\u064a\u0641 \u0627\u0644\u0645\u0646\u062a\u062c \u2066Oh baby\u2069\" href=\"https:\/\/partiesw.com\/ar\/product-category\/box\/genderreveal\/\" data-no-translation-aria-label=\"\"><img decoding=\"async\" src=\"https:\/\/partiesw.com\/wp-content\/uploads\/2020\/09\/13-500x707.png\" alt=\"Oh baby\" width=\"500\" height=\"\" srcset=\"https:\/\/partiesw.com\/wp-content\/uploads\/2020\/09\/13-200x283.png 200w, https:\/\/partiesw.com\/wp-content\/uploads\/2020\/09\/13-212x300.png 212w, https:\/\/partiesw.com\/wp-content\/uploads\/2020\/09\/13-400x566.png 400w, https:\/\/partiesw.com\/wp-content\/uploads\/2020\/09\/13-500x707.png 500w, https:\/\/partiesw.com\/wp-content\/uploads\/2020\/09\/13-600x849.png 600w, https:\/\/partiesw.com\/wp-content\/uploads\/2020\/09\/13-700x990.png 700w, https:\/\/partiesw.com\/wp-content\/uploads\/2020\/09\/13-724x1024.png 724w, https:\/\/partiesw.com\/wp-content\/uploads\/2020\/09\/13-768x1086.png 768w, https:\/\/partiesw.com\/wp-content\/uploads\/2020\/09\/13-800x1132.png 800w, https:\/\/partiesw.com\/wp-content\/uploads\/2020\/09\/13-1086x1536.png 1086w, https:\/\/partiesw.com\/wp-content\/uploads\/2020\/09\/13-1200x1697.png 1200w, https:\/\/partiesw.com\/wp-content\/uploads\/2020\/09\/13.png 1414w\" sizes=\"(max-width: 500px) 100vw, 500px\" \/>\t\t<h2 class=\"woocommerce-loop-category__title\">\n\t\t\tOh baby <mark class=\"count\">(3)<\/mark>\t\t<\/h2>\n\t\t<\/a><\/div>\n<\/li>\n<\/ul>\n<\/div><\/div><\/div><\/div><\/div><\/p>","protected":false},"excerpt":{"rendered":"","protected":false},"author":1,"featured_media":0,"parent":0,"menu_order":0,"comment_status":"closed","ping_status":"closed","template":"","meta":{"_acf_changed":false,"_bbp_topic_count":0,"_bbp_reply_count":0,"_bbp_total_topic_count":0,"_bbp_total_reply_count":0,"_bbp_voice_count":0,"_bbp_anonymous_reply_count":0,"_bbp_topic_count_hidden":0,"_bbp_reply_count_hidden":0,"_bbp_forum_subforum_count":0,"footnotes":""},"class_list":["post-2173","page","type-page","status-publish","hentry"],"acf":[],"yoast_head":"<!-- This site is optimized with the Yoast SEO plugin v27.3 - https:\/\/yoast.com\/product\/yoast-seo-wordpress\/ -->\n<title>Vos f\u00eates dans une box | PartiesWardrobe | Ma Box<\/title>\n<meta name=\"description\" content=\"Pour faire plaisir \u00e0 un proche ou pour se chouchouter soi-m\u00eame les boxes sont votre ultime option pour des f\u00eates inratables !\" \/>\n<meta name=\"robots\" content=\"index, follow, max-snippet:-1, max-image-preview:large, max-video-preview:-1\" \/>\n<link rel=\"canonical\" href=\"https:\/\/partiesw.com\/ar\/ma-box\/\" \/>\n<meta property=\"og:locale\" content=\"ar_AR\" \/>\n<meta property=\"og:type\" content=\"article\" \/>\n<meta property=\"og:title\" content=\"Vos f\u00eates dans une box | PartiesWardrobe | Ma Box\" \/>\n<meta property=\"og:description\" content=\"Pour faire plaisir \u00e0 un proche ou pour se chouchouter soi-m\u00eame les boxes sont votre ultime option pour des f\u00eates inratables !\" \/>\n<meta property=\"og:url\" content=\"https:\/\/partiesw.com\/ar\/ma-box\/\" \/>\n<meta property=\"og:site_name\" content=\"PartiesWardrobe\" \/>\n<meta property=\"article:modified_time\" content=\"2021-05-19T15:07:19+00:00\" \/>\n<meta name=\"twitter:card\" content=\"summary_large_image\" \/>\n<meta name=\"twitter:label1\" content=\"\u0648\u0642\u062a \u0627\u0644\u0642\u0631\u0627\u0621\u0629 \u0627\u0644\u0645\u064f\u0642\u062f\u0651\u0631\" \/>\n\t<meta name=\"twitter:data1\" content=\"9 \u062f\u0642\u0627\u0626\u0642\" \/>\n<script type=\"application\/ld+json\" class=\"yoast-schema-graph\">{\"@context\":\"https:\\\/\\\/schema.org\",\"@graph\":[{\"@type\":\"WebPage\",\"@id\":\"https:\\\/\\\/partiesw.com\\\/ma-box\\\/\",\"url\":\"https:\\\/\\\/partiesw.com\\\/ma-box\\\/\",\"name\":\"Vos f\u00eates dans une box | PartiesWardrobe | Ma Box\",\"isPartOf\":{\"@id\":\"https:\\\/\\\/partiesw.com\\\/#website\"},\"datePublished\":\"2021-03-28T19:09:15+00:00\",\"dateModified\":\"2021-05-19T15:07:19+00:00\",\"description\":\"Pour faire plaisir \u00e0 un proche ou pour se chouchouter soi-m\u00eame les boxes sont votre ultime option pour des f\u00eates inratables !\",\"breadcrumb\":{\"@id\":\"https:\\\/\\\/partiesw.com\\\/ma-box\\\/#breadcrumb\"},\"inLanguage\":\"ar\",\"potentialAction\":[{\"@type\":\"ReadAction\",\"target\":[\"https:\\\/\\\/partiesw.com\\\/ma-box\\\/\"]}]},{\"@type\":\"BreadcrumbList\",\"@id\":\"https:\\\/\\\/partiesw.com\\\/ma-box\\\/#breadcrumb\",\"itemListElement\":[{\"@type\":\"ListItem\",\"position\":1,\"name\":\"Accueil\",\"item\":\"https:\\\/\\\/partiesw.com\\\/\"},{\"@type\":\"ListItem\",\"position\":2,\"name\":\"Ma Box\"}]},{\"@type\":\"WebSite\",\"@id\":\"https:\\\/\\\/partiesw.com\\\/#website\",\"url\":\"https:\\\/\\\/partiesw.com\\\/\",\"name\":\"PartiesWardrobe\",\"description\":\"The party experts\",\"publisher\":{\"@id\":\"https:\\\/\\\/partiesw.com\\\/#organization\"},\"potentialAction\":[{\"@type\":\"SearchAction\",\"target\":{\"@type\":\"EntryPoint\",\"urlTemplate\":\"https:\\\/\\\/partiesw.com\\\/?s={search_term_string}\"},\"query-input\":{\"@type\":\"PropertyValueSpecification\",\"valueRequired\":true,\"valueName\":\"search_term_string\"}}],\"inLanguage\":\"ar\"},{\"@type\":\"Organization\",\"@id\":\"https:\\\/\\\/partiesw.com\\\/#organization\",\"name\":\"Partieswardrobe\",\"url\":\"https:\\\/\\\/partiesw.com\\\/\",\"logo\":{\"@type\":\"ImageObject\",\"inLanguage\":\"ar\",\"@id\":\"https:\\\/\\\/partiesw.com\\\/#\\\/schema\\\/logo\\\/image\\\/\",\"url\":\"https:\\\/\\\/partiesw.com\\\/wp-content\\\/uploads\\\/2020\\\/09\\\/logo.png\",\"contentUrl\":\"https:\\\/\\\/partiesw.com\\\/wp-content\\\/uploads\\\/2020\\\/09\\\/logo.png\",\"width\":280,\"height\":127,\"caption\":\"Partieswardrobe\"},\"image\":{\"@id\":\"https:\\\/\\\/partiesw.com\\\/#\\\/schema\\\/logo\\\/image\\\/\"}}]}<\/script>\n<!-- \/ Yoast SEO plugin. -->","yoast_head_json":{"title":"Vos f\u00eates dans une box | PartiesWardrobe | Ma Box","description":"Pour faire plaisir \u00e0 un proche ou pour se chouchouter soi-m\u00eame les boxes sont votre ultime option pour des f\u00eates inratables !","robots":{"index":"index","follow":"follow","max-snippet":"max-snippet:-1","max-image-preview":"max-image-preview:large","max-video-preview":"max-video-preview:-1"},"canonical":"https:\/\/partiesw.com\/ar\/ma-box\/","og_locale":"ar_AR","og_type":"article","og_title":"Vos f\u00eates dans une box | PartiesWardrobe | Ma Box","og_description":"Pour faire plaisir \u00e0 un proche ou pour se chouchouter soi-m\u00eame les boxes sont votre ultime option pour des f\u00eates inratables !","og_url":"https:\/\/partiesw.com\/ar\/ma-box\/","og_site_name":"PartiesWardrobe","article_modified_time":"2021-05-19T15:07:19+00:00","twitter_card":"summary_large_image","twitter_misc":{"\u0648\u0642\u062a \u0627\u0644\u0642\u0631\u0627\u0621\u0629 \u0627\u0644\u0645\u064f\u0642\u062f\u0651\u0631":"9 \u062f\u0642\u0627\u0626\u0642"},"schema":{"@context":"https:\/\/schema.org","@graph":[{"@type":"WebPage","@id":"https:\/\/partiesw.com\/ma-box\/","url":"https:\/\/partiesw.com\/ma-box\/","name":"Vos f\u00eates dans une box | PartiesWardrobe | Ma Box","isPartOf":{"@id":"https:\/\/partiesw.com\/#website"},"datePublished":"2021-03-28T19:09:15+00:00","dateModified":"2021-05-19T15:07:19+00:00","description":"Pour faire plaisir \u00e0 un proche ou pour se chouchouter soi-m\u00eame les boxes sont votre ultime option pour des f\u00eates inratables !","breadcrumb":{"@id":"https:\/\/partiesw.com\/ma-box\/#breadcrumb"},"inLanguage":"ar","potentialAction":[{"@type":"ReadAction","target":["https:\/\/partiesw.com\/ma-box\/"]}]},{"@type":"BreadcrumbList","@id":"https:\/\/partiesw.com\/ma-box\/#breadcrumb","itemListElement":[{"@type":"ListItem","position":1,"name":"Accueil","item":"https:\/\/partiesw.com\/"},{"@type":"ListItem","position":2,"name":"Ma Box"}]},{"@type":"WebSite","@id":"https:\/\/partiesw.com\/#website","url":"https:\/\/partiesw.com\/","name":"PartiesWardrobe","description":"The party experts","publisher":{"@id":"https:\/\/partiesw.com\/#organization"},"potentialAction":[{"@type":"SearchAction","target":{"@type":"EntryPoint","urlTemplate":"https:\/\/partiesw.com\/?s={search_term_string}"},"query-input":{"@type":"PropertyValueSpecification","valueRequired":true,"valueName":"search_term_string"}}],"inLanguage":"ar"},{"@type":"Organization","@id":"https:\/\/partiesw.com\/#organization","name":"Partieswardrobe","url":"https:\/\/partiesw.com\/","logo":{"@type":"ImageObject","inLanguage":"ar","@id":"https:\/\/partiesw.com\/#\/schema\/logo\/image\/","url":"https:\/\/partiesw.com\/wp-content\/uploads\/2020\/09\/logo.png","contentUrl":"https:\/\/partiesw.com\/wp-content\/uploads\/2020\/09\/logo.png","width":280,"height":127,"caption":"Partieswardrobe"},"image":{"@id":"https:\/\/partiesw.com\/#\/schema\/logo\/image\/"}}]}},"_links":{"self":[{"href":"https:\/\/partiesw.com\/ar\/wp-json\/wp\/v2\/pages\/2173","targetHints":{"allow":["GET"]}}],"collection":[{"href":"https:\/\/partiesw.com\/ar\/wp-json\/wp\/v2\/pages"}],"about":[{"href":"https:\/\/partiesw.com\/ar\/wp-json\/wp\/v2\/types\/page"}],"author":[{"embeddable":true,"href":"https:\/\/partiesw.com\/ar\/wp-json\/wp\/v2\/users\/1"}],"replies":[{"embeddable":true,"href":"https:\/\/partiesw.com\/ar\/wp-json\/wp\/v2\/comments?post=2173"}],"version-history":[{"count":24,"href":"https:\/\/partiesw.com\/ar\/wp-json\/wp\/v2\/pages\/2173\/revisions"}],"predecessor-version":[{"id":2450,"href":"https:\/\/partiesw.com\/ar\/wp-json\/wp\/v2\/pages\/2173\/revisions\/2450"}],"wp:attachment":[{"href":"https:\/\/partiesw.com\/ar\/wp-json\/wp\/v2\/media?parent=2173"}],"curies":[{"name":"wp","href":"https:\/\/api.w.org\/{rel}","templated":true}]}}